{"id":7508,"date":"2024-08-09T19:35:20","date_gmt":"2024-08-09T19:35:20","guid":{"rendered":"https:\/\/comercializadoraromo-cdmx.com\/?post_type=product&#038;p=7508"},"modified":"2024-10-16T15:08:43","modified_gmt":"2024-10-16T15:08:43","slug":"amigo-verde","status":"publish","type":"product","link":"https:\/\/comercializadoraromo-cdmx.com\/t10\/amigo-verde\/","title":{"rendered":"Camiseta de algod\u00f3n ni\u00f1os \u00a1Amigo Verde!"},"content":{"rendered":"<h2>Camiseta de algod\u00f3n ni\u00f1os \u00a1Amigo Verde!. \u00a1Descubre la camiseta perfecta para los m\u00e1s peque\u00f1os de la casa!<\/h2>\n<p>Camiseta de algod\u00f3n ni\u00f1os \u00a1Amigo Verde!. Imagina a tu beb\u00e9 disfrutando de la m\u00e1xima comodidad con nuestra camiseta de algod\u00f3n 100%. Su suavidad y ajuste perfecto la convierten en la prenda ideal para pieles sensibles, permitiendo que los peque\u00f1os se sientan acogidos y libres mientras juegan y exploran.<\/p>\n<p>Confeccionada con materiales de alta calidad, esta camiseta asegura durabilidad y resistencia. Los detalles como el cuello acanalado, la cinta de cuello trasero de la misma tela y las costuras reforzadas garantizan que la prenda mantenga su forma y confort lavado tras lavado. Adem\u00e1s, la etiqueta desprendible evita irritaciones, asegurando que nada moleste la delicada piel de tu beb\u00e9.<\/p>\n<p>\u00a1No esperes m\u00e1s! Dale a tu peque\u00f1o la comodidad y el estilo que merece con nuestra camiseta de algod\u00f3n para ni\u00f1os. Haz que cada d\u00eda sea una aventura suave y acogedora.<\/p>\n<h3>Beneficios y Valor Agregado<\/h3>\n<ul>\n<li><strong>Comodidad Inigualable<\/strong>: La suavidad del jersey 100% algod\u00f3n asegura que los beb\u00e9s se sientan c\u00f3modos todo el d\u00eda.<\/li>\n<li><strong>Dise\u00f1o Duradero<\/strong>: Costuras reforzadas y materiales de alta calidad que soportan el uso diario.<\/li>\n<li><strong>Detalles Cuidadosos<\/strong>: Cuello acanalado y cinta de cuello trasero para mayor confort.<\/li>\n<li><strong>Etiqueta Desprendible<\/strong>: Evita irritaciones en la piel sensible de los beb\u00e9s.<\/li>\n<li><strong>Variedad de Colores<\/strong>: Opciones en color ceniza y jaspeado para mayor versatilidad.<\/li>\n<\/ul>\n<h4>Gu\u00eda de tallas<\/h4>\n<table>\n<tbody>\n<tr>\n<td><\/td>\n<td><strong>2T<\/strong><\/td>\n<td><strong>3T<\/strong><\/td>\n<td><strong>4T<\/strong><\/td>\n<\/tr>\n<tr>\n<td><strong>A) Longitud (cm)<\/strong><\/td>\n<td>35.6<\/td>\n<td>43.2<\/td>\n<td>38.1<\/td>\n<\/tr>\n<tr>\n<td><strong>B) Medio pecho (cm)<\/strong><\/td>\n<td>30.5<\/td>\n<td>38.1<\/td>\n<td>33<\/td>\n<\/tr>\n<tr>\n<td><strong>C) Longitud de la manga (cm)<\/strong><\/td>\n<td>10.2<\/td>\n<td>12<\/td>\n<td>10.8<\/td>\n<\/tr>\n<\/tbody>\n<\/table>\n<table>\n<tbody>\n<tr>\n<td><\/td>\n<td><strong>2T<\/strong><\/td>\n<td><strong>3T<\/strong><\/td>\n<td><strong>4T<\/strong><\/td>\n<\/tr>\n<tr>\n<td><strong>A) Longitud (pulgadas)<\/strong><\/td>\n<td>14<\/td>\n<td>17<\/td>\n<td>15<\/td>\n<\/tr>\n<tr>\n<td><strong>B) Medio pecho (pulgadas)<\/strong><\/td>\n<td>12<\/td>\n<td>15<\/td>\n<td>13<\/td>\n<\/tr>\n<tr>\n<td><strong>C) Longitud de la manga(pulgadas)<\/strong><\/td>\n<td>4<\/td>\n<td>4.7<\/td>\n<td>4.3<\/td>\n<\/tr>\n<\/tbody>\n<\/table>\n<h4>Instrucciones de cuidado<\/h4>\n<table>\n<tbody>\n<tr>\n<td>Lavar<\/td>\n<td>Lavado a m\u00e1quina<\/td>\n<\/tr>\n<tr>\n<td>Secar en secadora<\/td>\n<td>Secado en secadora: temperatura baja<\/td>\n<\/tr>\n<\/tbody>\n<\/table>\n","protected":false},"excerpt":{"rendered":"<p>Camiseta de algod\u00f3n para ni\u00f1os peque\u00f1os | Rabbit Skins 3301T. Camiseta de algod\u00f3n ni\u00f1os \u00a1Amigo Verde! &#8211; El Monstruo que Te Hace Sonre\u00edr. Descubre la diversi\u00f3n y la ternura con nuestra playera infantil \u201c\u00a1Amigo Verde!\u201d. Con un simp\u00e1tico monstruo verde de caricatura, completo con ojos sonrientes y antenas juguetonas, esta prenda ofrece comodidad y estilo para los m\u00e1s peque\u00f1os. Perfecta para aventuras diarias y momentos de juego.<\/p>\n","protected":false},"featured_media":7559,"template":"","meta":{"_uag_custom_page_level_css":"","site-sidebar-layout":"default","site-content-layout":"","ast-site-content-layout":"default","site-content-style":"default","site-sidebar-style":"default","ast-global-header-display":"","ast-banner-title-visibility":"","ast-main-header-display":"","ast-hfb-above-header-display":"","ast-hfb-below-header-display":"","ast-hfb-mobile-header-display":"","site-post-title":"","ast-breadcrumbs-content":"","ast-featured-img":"","footer-sml-layout":"","theme-transparent-header-meta":"default","adv-header-id-meta":"","stick-header-meta":"","header-above-stick-meta":"","header-main-stick-meta":"","header-below-stick-meta":"","astra-migrate-meta-layouts":"set","ast-page-background-enabled":"default","ast-page-background-meta":{"desktop":{"background-color":"","background-image":"","background-repeat":"repeat","background-position":"center center","background-size":"auto","background-attachment":"scroll","background-type":"","background-media":"","overlay-type":"","overlay-color":"","overlay-opacity":"","overlay-gradient":""},"tablet":{"background-color":"","background-image":"","background-repeat":"repeat","background-position":"center center","background-size":"auto","background-attachment":"scroll","background-type":"","background-media":"","overlay-type":"","overlay-color":"","overlay-opacity":"","overlay-gradient":""},"mobile":{"background-color":"","background-image":"","background-repeat":"repeat","background-position":"center center","background-size":"auto","background-attachment":"scroll","background-type":"","background-media":"","overlay-type":"","overlay-color":"","overlay-opacity":"","overlay-gradient":""}},"ast-content-background-meta":{"desktop":{"background-color":"var(--ast-global-color-5)","background-image":"","background-repeat":"repeat","background-position":"center center","background-size":"auto","background-attachment":"scroll","background-type":"","background-media":"","overlay-type":"","overlay-color":"","overlay-opacity":"","overlay-gradient":""},"tablet":{"background-color":"var(--ast-global-color-5)","background-image":"","background-repeat":"repeat","background-position":"center center","background-size":"auto","background-attachment":"scroll","background-type":"","background-media":"","overlay-type":"","overlay-color":"","overlay-opacity":"","overlay-gradient":""},"mobile":{"background-color":"var(--ast-global-color-5)","background-image":"","background-repeat":"repeat","background-position":"center center","background-size":"auto","background-attachment":"scroll","background-type":"","background-media":"","overlay-type":"","overlay-color":"","overlay-opacity":"","overlay-gradient":""}}},"product_brand":[],"product_cat":[252],"product_tag":[],"class_list":{"0":"post-7508","1":"product","2":"type-product","3":"status-publish","4":"has-post-thumbnail","6":"product_cat-ninos","7":"desktop-align-left","8":"tablet-align-left","9":"mobile-align-left","11":"first","12":"instock","13":"shipping-taxable","14":"purchasable","15":"product-type-variable"},"yoast_head":"<!-- This site is optimized with the Yoast SEO plugin v27.2 - https:\/\/yoast.com\/product\/yoast-seo-wordpress\/ -->\n<title>Camiseta de algod\u00f3n ni\u00f1os \u00a1Amigo Verde!<\/title>\n<meta name=\"description\" content=\"Camiseta de algod\u00f3n ni\u00f1os \u00a1Amigo Verde!. comodidad y suavidad para pieles sensibles. Perfecta para el uso diario, con materiales de alta calidad.\" \/>\n<meta name=\"robots\" content=\"index, follow, max-snippet:-1, max-image-preview:large, max-video-preview:-1\" \/>\n<link rel=\"canonical\" href=\"https:\/\/comercializadoraromo-cdmx.com\/t10\/amigo-verde\/\" \/>\n<meta property=\"og:locale\" content=\"es_ES\" \/>\n<meta property=\"og:type\" content=\"article\" \/>\n<meta property=\"og:title\" content=\"Camiseta de algod\u00f3n ni\u00f1os \u00a1Amigo Verde!\" \/>\n<meta property=\"og:description\" content=\"Camiseta de algod\u00f3n ni\u00f1os \u00a1Amigo Verde!. comodidad y suavidad para pieles sensibles. Perfecta para el uso diario, con materiales de alta calidad.\" \/>\n<meta property=\"og:url\" content=\"https:\/\/comercializadoraromo-cdmx.com\/t10\/amigo-verde\/\" \/>\n<meta property=\"og:site_name\" content=\"Productos sostenibles para un futuro mejor. \u00danete al cambio hoy\" \/>\n<meta property=\"article:publisher\" content=\"https:\/\/www.facebook.com\/share\/15DBPCzVEuE\/\" \/>\n<meta property=\"article:modified_time\" content=\"2024-10-16T15:08:43+00:00\" \/>\n<meta property=\"og:image\" content=\"https:\/\/comercializadoraromo-cdmx.com\/t10\/wp-content\/uploads\/2024\/08\/c9193575-7fe0-4545-b036-bea4df239baf.webp\" \/>\n\t<meta property=\"og:image:width\" content=\"2048\" \/>\n\t<meta property=\"og:image:height\" content=\"2048\" \/>\n\t<meta property=\"og:image:type\" content=\"image\/webp\" \/>\n<meta name=\"twitter:card\" content=\"summary_large_image\" \/>\n<meta name=\"twitter:label1\" content=\"Tiempo de lectura\" \/>\n\t<meta name=\"twitter:data1\" content=\"2 minutos\" \/>\n<script type=\"application\/ld+json\" class=\"yoast-schema-graph\">{\"@context\":\"https:\/\/schema.org\",\"@graph\":[{\"@type\":\"WebPage\",\"@id\":\"https:\/\/comercializadoraromo-cdmx.com\/t10\/amigo-verde\/\",\"url\":\"https:\/\/comercializadoraromo-cdmx.com\/t10\/amigo-verde\/\",\"name\":\"Camiseta de algod\u00f3n ni\u00f1os \u00a1Amigo Verde!\",\"isPartOf\":{\"@id\":\"https:\/\/comercializadoraromo-cdmx.com\/t10\/#website\"},\"primaryImageOfPage\":{\"@id\":\"https:\/\/comercializadoraromo-cdmx.com\/t10\/amigo-verde\/#primaryimage\"},\"image\":{\"@id\":\"https:\/\/comercializadoraromo-cdmx.com\/t10\/amigo-verde\/#primaryimage\"},\"thumbnailUrl\":\"https:\/\/comercializadoraromo-cdmx.com\/t10\/wp-content\/uploads\/2024\/08\/c9193575-7fe0-4545-b036-bea4df239baf.webp\",\"datePublished\":\"2024-08-09T19:35:20+00:00\",\"dateModified\":\"2024-10-16T15:08:43+00:00\",\"description\":\"Camiseta de algod\u00f3n ni\u00f1os \u00a1Amigo Verde!. comodidad y suavidad para pieles sensibles. Perfecta para el uso diario, con materiales de alta calidad.\",\"breadcrumb\":{\"@id\":\"https:\/\/comercializadoraromo-cdmx.com\/t10\/amigo-verde\/#breadcrumb\"},\"inLanguage\":\"es\",\"potentialAction\":[{\"@type\":\"ReadAction\",\"target\":[\"https:\/\/comercializadoraromo-cdmx.com\/t10\/amigo-verde\/\"]}]},{\"@type\":\"ImageObject\",\"inLanguage\":\"es\",\"@id\":\"https:\/\/comercializadoraromo-cdmx.com\/t10\/amigo-verde\/#primaryimage\",\"url\":\"https:\/\/comercializadoraromo-cdmx.com\/t10\/wp-content\/uploads\/2024\/08\/c9193575-7fe0-4545-b036-bea4df239baf.webp\",\"contentUrl\":\"https:\/\/comercializadoraromo-cdmx.com\/t10\/wp-content\/uploads\/2024\/08\/c9193575-7fe0-4545-b036-bea4df239baf.webp\",\"width\":2048,\"height\":2048,\"caption\":\"Playera para ni\u00f1os con dise\u00f1o de monstruo verde\"},{\"@type\":\"BreadcrumbList\",\"@id\":\"https:\/\/comercializadoraromo-cdmx.com\/t10\/amigo-verde\/#breadcrumb\",\"itemListElement\":[{\"@type\":\"ListItem\",\"position\":1,\"name\":\"Portada\",\"item\":\"https:\/\/comercializadoraromo-cdmx.com\/t10\/\"},{\"@type\":\"ListItem\",\"position\":2,\"name\":\"Tienda Moda Sustentable Certificada en M\u00e9xico | RoMo\",\"item\":\"https:\/\/comercializadoraromo-cdmx.com\/t10\/tienda\/\"},{\"@type\":\"ListItem\",\"position\":3,\"name\":\"Camiseta de algod\u00f3n ni\u00f1os \u00a1Amigo Verde!\"}]},{\"@type\":\"WebSite\",\"@id\":\"https:\/\/comercializadoraromo-cdmx.com\/t10\/#website\",\"url\":\"https:\/\/comercializadoraromo-cdmx.com\/t10\/\",\"name\":\"Comercializadora RoMo\",\"description\":\"Productos sostenibles para un futuro mejor. \u00danete al cambio hoy\",\"publisher\":{\"@id\":\"https:\/\/comercializadoraromo-cdmx.com\/t10\/#organization\"},\"potentialAction\":[{\"@type\":\"SearchAction\",\"target\":{\"@type\":\"EntryPoint\",\"urlTemplate\":\"https:\/\/comercializadoraromo-cdmx.com\/t10\/?s={search_term_string}\"},\"query-input\":{\"@type\":\"PropertyValueSpecification\",\"valueRequired\":true,\"valueName\":\"search_term_string\"}}],\"inLanguage\":\"es\"},{\"@type\":\"Organization\",\"@id\":\"https:\/\/comercializadoraromo-cdmx.com\/t10\/#organization\",\"name\":\"Comercializadora RoMo\",\"url\":\"https:\/\/comercializadoraromo-cdmx.com\/t10\/\",\"logo\":{\"@type\":\"ImageObject\",\"inLanguage\":\"es\",\"@id\":\"https:\/\/comercializadoraromo-cdmx.com\/t10\/#\/schema\/logo\/image\/\",\"url\":\"https:\/\/comercializadoraromo-cdmx.com\/t10\/wp-content\/uploads\/2024\/01\/cropped-Logo-comercializadora-scaled-1.webp\",\"contentUrl\":\"https:\/\/comercializadoraromo-cdmx.com\/t10\/wp-content\/uploads\/2024\/01\/cropped-Logo-comercializadora-scaled-1.webp\",\"width\":2472,\"height\":1700,\"caption\":\"Comercializadora RoMo\"},\"image\":{\"@id\":\"https:\/\/comercializadoraromo-cdmx.com\/t10\/#\/schema\/logo\/image\/\"},\"sameAs\":[\"https:\/\/www.facebook.com\/share\/15DBPCzVEuE\/\"]}]}<\/script>\n<!-- \/ Yoast SEO plugin. -->","yoast_head_json":{"title":"Camiseta de algod\u00f3n ni\u00f1os \u00a1Amigo Verde!","description":"Camiseta de algod\u00f3n ni\u00f1os \u00a1Amigo Verde!. comodidad y suavidad para pieles sensibles. Perfecta para el uso diario, con materiales de alta calidad.","robots":{"index":"index","follow":"follow","max-snippet":"max-snippet:-1","max-image-preview":"max-image-preview:large","max-video-preview":"max-video-preview:-1"},"canonical":"https:\/\/comercializadoraromo-cdmx.com\/t10\/amigo-verde\/","og_locale":"es_ES","og_type":"article","og_title":"Camiseta de algod\u00f3n ni\u00f1os \u00a1Amigo Verde!","og_description":"Camiseta de algod\u00f3n ni\u00f1os \u00a1Amigo Verde!. comodidad y suavidad para pieles sensibles. Perfecta para el uso diario, con materiales de alta calidad.","og_url":"https:\/\/comercializadoraromo-cdmx.com\/t10\/amigo-verde\/","og_site_name":"Productos sostenibles para un futuro mejor. \u00danete al cambio hoy","article_publisher":"https:\/\/www.facebook.com\/share\/15DBPCzVEuE\/","article_modified_time":"2024-10-16T15:08:43+00:00","og_image":[{"width":2048,"height":2048,"url":"https:\/\/comercializadoraromo-cdmx.com\/t10\/wp-content\/uploads\/2024\/08\/c9193575-7fe0-4545-b036-bea4df239baf.webp","type":"image\/webp"}],"twitter_card":"summary_large_image","twitter_misc":{"Tiempo de lectura":"2 minutos"},"schema":{"@context":"https:\/\/schema.org","@graph":[{"@type":"WebPage","@id":"https:\/\/comercializadoraromo-cdmx.com\/t10\/amigo-verde\/","url":"https:\/\/comercializadoraromo-cdmx.com\/t10\/amigo-verde\/","name":"Camiseta de algod\u00f3n ni\u00f1os \u00a1Amigo Verde!","isPartOf":{"@id":"https:\/\/comercializadoraromo-cdmx.com\/t10\/#website"},"primaryImageOfPage":{"@id":"https:\/\/comercializadoraromo-cdmx.com\/t10\/amigo-verde\/#primaryimage"},"image":{"@id":"https:\/\/comercializadoraromo-cdmx.com\/t10\/amigo-verde\/#primaryimage"},"thumbnailUrl":"https:\/\/comercializadoraromo-cdmx.com\/t10\/wp-content\/uploads\/2024\/08\/c9193575-7fe0-4545-b036-bea4df239baf.webp","datePublished":"2024-08-09T19:35:20+00:00","dateModified":"2024-10-16T15:08:43+00:00","description":"Camiseta de algod\u00f3n ni\u00f1os \u00a1Amigo Verde!. comodidad y suavidad para pieles sensibles. Perfecta para el uso diario, con materiales de alta calidad.","breadcrumb":{"@id":"https:\/\/comercializadoraromo-cdmx.com\/t10\/amigo-verde\/#breadcrumb"},"inLanguage":"es","potentialAction":[{"@type":"ReadAction","target":["https:\/\/comercializadoraromo-cdmx.com\/t10\/amigo-verde\/"]}]},{"@type":"ImageObject","inLanguage":"es","@id":"https:\/\/comercializadoraromo-cdmx.com\/t10\/amigo-verde\/#primaryimage","url":"https:\/\/comercializadoraromo-cdmx.com\/t10\/wp-content\/uploads\/2024\/08\/c9193575-7fe0-4545-b036-bea4df239baf.webp","contentUrl":"https:\/\/comercializadoraromo-cdmx.com\/t10\/wp-content\/uploads\/2024\/08\/c9193575-7fe0-4545-b036-bea4df239baf.webp","width":2048,"height":2048,"caption":"Playera para ni\u00f1os con dise\u00f1o de monstruo verde"},{"@type":"BreadcrumbList","@id":"https:\/\/comercializadoraromo-cdmx.com\/t10\/amigo-verde\/#breadcrumb","itemListElement":[{"@type":"ListItem","position":1,"name":"Portada","item":"https:\/\/comercializadoraromo-cdmx.com\/t10\/"},{"@type":"ListItem","position":2,"name":"Tienda Moda Sustentable Certificada en M\u00e9xico | RoMo","item":"https:\/\/comercializadoraromo-cdmx.com\/t10\/tienda\/"},{"@type":"ListItem","position":3,"name":"Camiseta de algod\u00f3n ni\u00f1os \u00a1Amigo Verde!"}]},{"@type":"WebSite","@id":"https:\/\/comercializadoraromo-cdmx.com\/t10\/#website","url":"https:\/\/comercializadoraromo-cdmx.com\/t10\/","name":"Comercializadora RoMo","description":"Productos sostenibles para un futuro mejor. \u00danete al cambio hoy","publisher":{"@id":"https:\/\/comercializadoraromo-cdmx.com\/t10\/#organization"},"potentialAction":[{"@type":"SearchAction","target":{"@type":"EntryPoint","urlTemplate":"https:\/\/comercializadoraromo-cdmx.com\/t10\/?s={search_term_string}"},"query-input":{"@type":"PropertyValueSpecification","valueRequired":true,"valueName":"search_term_string"}}],"inLanguage":"es"},{"@type":"Organization","@id":"https:\/\/comercializadoraromo-cdmx.com\/t10\/#organization","name":"Comercializadora RoMo","url":"https:\/\/comercializadoraromo-cdmx.com\/t10\/","logo":{"@type":"ImageObject","inLanguage":"es","@id":"https:\/\/comercializadoraromo-cdmx.com\/t10\/#\/schema\/logo\/image\/","url":"https:\/\/comercializadoraromo-cdmx.com\/t10\/wp-content\/uploads\/2024\/01\/cropped-Logo-comercializadora-scaled-1.webp","contentUrl":"https:\/\/comercializadoraromo-cdmx.com\/t10\/wp-content\/uploads\/2024\/01\/cropped-Logo-comercializadora-scaled-1.webp","width":2472,"height":1700,"caption":"Comercializadora RoMo"},"image":{"@id":"https:\/\/comercializadoraromo-cdmx.com\/t10\/#\/schema\/logo\/image\/"},"sameAs":["https:\/\/www.facebook.com\/share\/15DBPCzVEuE\/"]}]}},"uagb_featured_image_src":{"full":["https:\/\/comercializadoraromo-cdmx.com\/t10\/wp-content\/uploads\/2024\/08\/c9193575-7fe0-4545-b036-bea4df239baf.webp",2048,2048,false],"thumbnail":["https:\/\/comercializadoraromo-cdmx.com\/t10\/wp-content\/uploads\/2024\/08\/c9193575-7fe0-4545-b036-bea4df239baf-150x150.webp",150,150,true],"medium":["https:\/\/comercializadoraromo-cdmx.com\/t10\/wp-content\/uploads\/2024\/08\/c9193575-7fe0-4545-b036-bea4df239baf-300x300.webp",300,300,true],"medium_large":["https:\/\/comercializadoraromo-cdmx.com\/t10\/wp-content\/uploads\/2024\/08\/c9193575-7fe0-4545-b036-bea4df239baf-768x768.webp",768,768,true],"large":["https:\/\/comercializadoraromo-cdmx.com\/t10\/wp-content\/uploads\/2024\/08\/c9193575-7fe0-4545-b036-bea4df239baf-1024x1024.webp",1024,1024,true],"1536x1536":["https:\/\/comercializadoraromo-cdmx.com\/t10\/wp-content\/uploads\/2024\/08\/c9193575-7fe0-4545-b036-bea4df239baf-1536x1536.webp",1536,1536,true],"2048x2048":["https:\/\/comercializadoraromo-cdmx.com\/t10\/wp-content\/uploads\/2024\/08\/c9193575-7fe0-4545-b036-bea4df239baf.webp",2048,2048,false],"woocommerce_thumbnail":["https:\/\/comercializadoraromo-cdmx.com\/t10\/wp-content\/uploads\/2024\/08\/c9193575-7fe0-4545-b036-bea4df239baf-300x300.webp",300,300,true],"woocommerce_single":["https:\/\/comercializadoraromo-cdmx.com\/t10\/wp-content\/uploads\/2024\/08\/c9193575-7fe0-4545-b036-bea4df239baf-600x600.webp",600,600,true],"woocommerce_gallery_thumbnail":["https:\/\/comercializadoraromo-cdmx.com\/t10\/wp-content\/uploads\/2024\/08\/c9193575-7fe0-4545-b036-bea4df239baf-100x100.webp",100,100,true]},"uagb_author_info":{"display_name":"eroblespimentel","author_link":"https:\/\/comercializadoraromo-cdmx.com\/t10\/author\/"},"uagb_comment_info":0,"uagb_excerpt":"Camiseta de algod\u00f3n para ni\u00f1os peque\u00f1os | Rabbit Skins 3301T. Camiseta de algod\u00f3n ni\u00f1os \u00a1Amigo Verde! - El Monstruo que Te Hace Sonre\u00edr. Descubre la diversi\u00f3n y la ternura con nuestra playera infantil \u201c\u00a1Amigo Verde!\u201d. Con un simp\u00e1tico monstruo verde de caricatura, completo con ojos sonrientes y antenas juguetonas, esta prenda ofrece comodidad y estilo&hellip;","_links":{"self":[{"href":"https:\/\/comercializadoraromo-cdmx.com\/t10\/wp-json\/wp\/v2\/product\/7508","targetHints":{"allow":["GET"]}}],"collection":[{"href":"https:\/\/comercializadoraromo-cdmx.com\/t10\/wp-json\/wp\/v2\/product"}],"about":[{"href":"https:\/\/comercializadoraromo-cdmx.com\/t10\/wp-json\/wp\/v2\/types\/product"}],"wp:featuredmedia":[{"embeddable":true,"href":"https:\/\/comercializadoraromo-cdmx.com\/t10\/wp-json\/wp\/v2\/media\/7559"}],"wp:attachment":[{"href":"https:\/\/comercializadoraromo-cdmx.com\/t10\/wp-json\/wp\/v2\/media?parent=7508"}],"wp:term":[{"taxonomy":"product_brand","embeddable":true,"href":"https:\/\/comercializadoraromo-cdmx.com\/t10\/wp-json\/wp\/v2\/product_brand?post=7508"},{"taxonomy":"product_cat","embeddable":true,"href":"https:\/\/comercializadoraromo-cdmx.com\/t10\/wp-json\/wp\/v2\/product_cat?post=7508"},{"taxonomy":"product_tag","embeddable":true,"href":"https:\/\/comercializadoraromo-cdmx.com\/t10\/wp-json\/wp\/v2\/product_tag?post=7508"}],"curies":[{"name":"wp","href":"https:\/\/api.w.org\/{rel}","templated":true}]}}