{"id":7330,"date":"2024-08-07T23:01:00","date_gmt":"2024-08-07T23:01:00","guid":{"rendered":"https:\/\/comercializadoraromo-cdmx.com\/?post_type=product&#038;p=7330"},"modified":"2024-10-16T15:39:12","modified_gmt":"2024-10-16T15:39:12","slug":"frecuencias-fantasmales-dj","status":"publish","type":"product","link":"https:\/\/comercializadoraromo-cdmx.com\/t10\/frecuencias-fantasmales-dj\/","title":{"rendered":"Sudadera corta Frecuencias Fantasmales DJ"},"content":{"rendered":"<h2>Sudadera Corta Frecuencias Fantasmales DJ: \u00a1Expr\u00e9sate con Estilo!<\/h2>\n<p>\u00bfEres amante de la m\u00fasica? Entonces, la <strong>Sudadera Corta Frecuencias Fantasmales DJ<\/strong>\u00a0es la prenda perfecta para ti. Con su dise\u00f1o \u00fanico de aud\u00edfonos, te sentir\u00e1s como una verdadera DJ y destacar\u00e1s entre la multitud. Esta sudadera con capucha combina comodidad y estilo, convirti\u00e9ndose en un art\u00edculo imprescindible para cualquier guardarropa moderno.<\/p>\n<h3>Comodidad y Estilo<\/h3>\n<ul>\n<li>Dise\u00f1o Atractivo: Esta sudadera no solo es visualmente impactante, sino tambi\u00e9n incre\u00edblemente c\u00f3moda. Confeccionada con una mezcla de 52% algod\u00f3n peinado e hilado en anillos Airlume y 48% vell\u00f3n de poli\u00e9ster, ofrece una suavidad excepcional y comodidad durante todo el d\u00eda.<\/li>\n<li>Detalles \u00danicos: Su elegante dobladillo sin rematar y los hombros ca\u00eddos le otorgan un toque de personalidad. Adem\u00e1s, el cord\u00f3n te\u00f1ido a juego a\u00f1ade un aire relajado y moderno, ideal para cualquier ocasi\u00f3n.<\/li>\n<\/ul>\n<h3>Calidad y Durabilidad<\/h3>\n<ul>\n<li>Materiales Premium: Fabricada con materiales de alta calidad, esta sudadera est\u00e1 dise\u00f1ada para resistir el lavado y el uso frecuente, garantizando durabilidad y un aspecto impecable con el tiempo. El dise\u00f1o de cuello y hombros sellados asegura una mayor resistencia, lo que la convierte en una inversi\u00f3n inteligente.<\/li>\n<\/ul>\n<h3>Personalizaci\u00f3n y Flexibilidad<\/h3>\n<ul>\n<li>Hecha a Pedido: Lo mejor de todo es que esta sudadera se fabrica bajo demanda, permiti\u00e9ndote elegir el color y la talla que prefieras. No hay m\u00ednimos de compra, lo que significa que puedes adquirir una o varias, ya sea para ti o como un regalo especial.<\/li>\n<\/ul>\n<p>No pierdas la oportunidad de a\u00f1adir un toque de estilo musical a tu colecci\u00f3n. La <strong>Sudadera Corta Frecuencias Fantasmales DJ<\/strong>\u00a0es la elecci\u00f3n perfecta para quienes buscan comodidad, originalidad y un dise\u00f1o que hable de su pasi\u00f3n por la m\u00fasica. \u00a1Hazla tuya hoy mismo!<\/p>\n<p><strong>Gu\u00eda de tallas<\/strong><\/p>\n<table>\n<tbody>\n<tr>\n<td><\/td>\n<td><strong>S<\/strong><\/td>\n<td><strong>M<\/strong><\/td>\n<td><strong>L<\/strong><\/td>\n<td><strong>XL<\/strong><\/td>\n<td><strong>2XL<\/strong><\/td>\n<\/tr>\n<tr>\n<td><strong>A) Longitud(cm)<\/strong><\/td>\n<td>47.3<\/td>\n<td>49.2<\/td>\n<td>54.3<\/td>\n<td>56.2<\/td>\n<td>58.1<\/td>\n<\/tr>\n<tr>\n<td><strong>B) Medio pecho (cm)<\/strong><\/td>\n<td>55.9<\/td>\n<td>59.7<\/td>\n<td>64.8<\/td>\n<td>69.9<\/td>\n<td>74.9<\/td>\n<\/tr>\n<\/tbody>\n<\/table>\n<table>\n<tbody>\n<tr>\n<td><\/td>\n<td><strong>S<\/strong><\/td>\n<td><strong>M<\/strong><\/td>\n<td><strong>L<\/strong><\/td>\n<td><strong>XL<\/strong><\/td>\n<td><strong>2XL<\/strong><\/td>\n<\/tr>\n<tr>\n<td><strong>A) Longitud(Pulgadas)<\/strong><\/td>\n<td>18.6<\/td>\n<td>19.4<\/td>\n<td>21.4<\/td>\n<td>22.1<\/td>\n<td>22.9<\/td>\n<\/tr>\n<tr>\n<td><strong>B) Medio pecho(Pulgadas)<\/strong><\/td>\n<td>22<\/td>\n<td>23.5<\/td>\n<td>25.5<\/td>\n<td>27.5<\/td>\n<td>29.5<\/td>\n<\/tr>\n<\/tbody>\n<\/table>\n<p><strong>Instrucciones de cuidado<\/strong><\/p>\n<table width=\"263\">\n<tbody>\n<tr>\n<td width=\"80\">Lavar<\/td>\n<td width=\"183\">Lavar a m\u00e1quina con agua fr\u00eda (m\u00e1ximo 30 \u00b0C o 90 \u00b0F)<\/td>\n<\/tr>\n<tr>\n<td>Blanquear<\/td>\n<td>Solo prendas sin cloro<\/td>\n<\/tr>\n<tr>\n<td>Secar en secadora<\/td>\n<td>Temperatura baja<\/td>\n<\/tr>\n<tr>\n<td>Limpiar en seco<\/td>\n<td>No lavar en seco<\/td>\n<\/tr>\n<tr>\n<td>Planchar Decorar<\/td>\n<td>No planchar las prendas decorativas<\/td>\n<\/tr>\n<tr>\n<td>Planchar<\/td>\n<td>Planchar o usar vapor a temperatura media<\/td>\n<\/tr>\n<\/tbody>\n<\/table>\n<p>&nbsp;<\/p>\n","protected":false},"excerpt":{"rendered":"<p>Sudadera corta con capucha para mujer | Bella + Canvas 7502. Sudadera Crop Top Frecuencias Fantasmales con Capucha: Estilo DJ. Es la prenda ideal para los amantes de la m\u00fasica. Con un dise\u00f1o \u00fanico de aud\u00edfonos, esta sudadera con capucha combina estilo y comodidad en un solo art\u00edculo. Fabricada con una mezcla premium de algod\u00f3n y poli\u00e9ster, ofrece suavidad y durabilidad. Personal\u00edzala a tu gusto y destaca con un look moderno y relajado. \u00a1Perfecta para cualquier ocasi\u00f3n!<\/p>\n","protected":false},"featured_media":7344,"template":"","meta":{"_uag_custom_page_level_css":"","site-sidebar-layout":"default","site-content-layout":"","ast-site-content-layout":"default","site-content-style":"default","site-sidebar-style":"default","ast-global-header-display":"","ast-banner-title-visibility":"","ast-main-header-display":"","ast-hfb-above-header-display":"","ast-hfb-below-header-display":"","ast-hfb-mobile-header-display":"","site-post-title":"","ast-breadcrumbs-content":"","ast-featured-img":"","footer-sml-layout":"","theme-transparent-header-meta":"default","adv-header-id-meta":"","stick-header-meta":"","header-above-stick-meta":"","header-main-stick-meta":"","header-below-stick-meta":"","astra-migrate-meta-layouts":"set","ast-page-background-enabled":"default","ast-page-background-meta":{"desktop":{"background-color":"","background-image":"","background-repeat":"repeat","background-position":"center center","background-size":"auto","background-attachment":"scroll","background-type":"","background-media":"","overlay-type":"","overlay-color":"","overlay-opacity":"","overlay-gradient":""},"tablet":{"background-color":"","background-image":"","background-repeat":"repeat","background-position":"center center","background-size":"auto","background-attachment":"scroll","background-type":"","background-media":"","overlay-type":"","overlay-color":"","overlay-opacity":"","overlay-gradient":""},"mobile":{"background-color":"","background-image":"","background-repeat":"repeat","background-position":"center center","background-size":"auto","background-attachment":"scroll","background-type":"","background-media":"","overlay-type":"","overlay-color":"","overlay-opacity":"","overlay-gradient":""}},"ast-content-background-meta":{"desktop":{"background-color":"var(--ast-global-color-5)","background-image":"","background-repeat":"repeat","background-position":"center center","background-size":"auto","background-attachment":"scroll","background-type":"","background-media":"","overlay-type":"","overlay-color":"","overlay-opacity":"","overlay-gradient":""},"tablet":{"background-color":"var(--ast-global-color-5)","background-image":"","background-repeat":"repeat","background-position":"center center","background-size":"auto","background-attachment":"scroll","background-type":"","background-media":"","overlay-type":"","overlay-color":"","overlay-opacity":"","overlay-gradient":""},"mobile":{"background-color":"var(--ast-global-color-5)","background-image":"","background-repeat":"repeat","background-position":"center center","background-size":"auto","background-attachment":"scroll","background-type":"","background-media":"","overlay-type":"","overlay-color":"","overlay-opacity":"","overlay-gradient":""}}},"product_brand":[],"product_cat":[255],"product_tag":[],"class_list":{"0":"post-7330","1":"product","2":"type-product","3":"status-publish","4":"has-post-thumbnail","6":"product_cat-sudaderas-de-algodon","7":"desktop-align-left","8":"tablet-align-left","9":"mobile-align-left","11":"first","12":"instock","13":"shipping-taxable","14":"purchasable","15":"product-type-variable"},"yoast_head":"<!-- This site is optimized with the Yoast SEO plugin v27.2 - https:\/\/yoast.com\/product\/yoast-seo-wordpress\/ -->\n<title>Sudadera corta Frecuencias Fantasmales DJ<\/title>\n<meta name=\"description\" content=\"Sudadera Corta Frecuencias Fantasmales DJ, la prenda perfecta para amantes de la m\u00fasica. Con un dise\u00f1o \u00fanico de aud\u00edfonos, combina estilo y comodidad.\" \/>\n<meta name=\"robots\" content=\"index, follow, max-snippet:-1, max-image-preview:large, max-video-preview:-1\" \/>\n<link rel=\"canonical\" href=\"https:\/\/comercializadoraromo-cdmx.com\/t10\/frecuencias-fantasmales-dj\/\" \/>\n<meta property=\"og:locale\" content=\"es_ES\" \/>\n<meta property=\"og:type\" content=\"article\" \/>\n<meta property=\"og:title\" content=\"Sudadera corta Frecuencias Fantasmales DJ\" \/>\n<meta property=\"og:description\" content=\"Sudadera Corta Frecuencias Fantasmales DJ, la prenda perfecta para amantes de la m\u00fasica. Con un dise\u00f1o \u00fanico de aud\u00edfonos, combina estilo y comodidad.\" \/>\n<meta property=\"og:url\" content=\"https:\/\/comercializadoraromo-cdmx.com\/t10\/frecuencias-fantasmales-dj\/\" \/>\n<meta property=\"og:site_name\" content=\"Productos sostenibles para un futuro mejor. \u00danete al cambio hoy\" \/>\n<meta property=\"article:publisher\" content=\"https:\/\/www.facebook.com\/share\/15DBPCzVEuE\/\" \/>\n<meta property=\"article:modified_time\" content=\"2024-10-16T15:39:12+00:00\" \/>\n<meta property=\"og:image\" content=\"https:\/\/comercializadoraromo-cdmx.com\/t10\/wp-content\/uploads\/2024\/08\/0049900b-6fae-401e-bcec-3e849ae0a66f.webp\" \/>\n\t<meta property=\"og:image:width\" content=\"2048\" \/>\n\t<meta property=\"og:image:height\" content=\"2048\" \/>\n\t<meta property=\"og:image:type\" content=\"image\/webp\" \/>\n<meta name=\"twitter:card\" content=\"summary_large_image\" \/>\n<meta name=\"twitter:label1\" content=\"Tiempo de lectura\" \/>\n\t<meta name=\"twitter:data1\" content=\"2 minutos\" \/>\n<script type=\"application\/ld+json\" class=\"yoast-schema-graph\">{\"@context\":\"https:\/\/schema.org\",\"@graph\":[{\"@type\":\"WebPage\",\"@id\":\"https:\/\/comercializadoraromo-cdmx.com\/t10\/frecuencias-fantasmales-dj\/\",\"url\":\"https:\/\/comercializadoraromo-cdmx.com\/t10\/frecuencias-fantasmales-dj\/\",\"name\":\"Sudadera corta Frecuencias Fantasmales DJ\",\"isPartOf\":{\"@id\":\"https:\/\/comercializadoraromo-cdmx.com\/t10\/#website\"},\"primaryImageOfPage\":{\"@id\":\"https:\/\/comercializadoraromo-cdmx.com\/t10\/frecuencias-fantasmales-dj\/#primaryimage\"},\"image\":{\"@id\":\"https:\/\/comercializadoraromo-cdmx.com\/t10\/frecuencias-fantasmales-dj\/#primaryimage\"},\"thumbnailUrl\":\"https:\/\/comercializadoraromo-cdmx.com\/t10\/wp-content\/uploads\/2024\/08\/0049900b-6fae-401e-bcec-3e849ae0a66f.webp\",\"datePublished\":\"2024-08-07T23:01:00+00:00\",\"dateModified\":\"2024-10-16T15:39:12+00:00\",\"description\":\"Sudadera Corta Frecuencias Fantasmales DJ, la prenda perfecta para amantes de la m\u00fasica. Con un dise\u00f1o \u00fanico de aud\u00edfonos, combina estilo y comodidad.\",\"breadcrumb\":{\"@id\":\"https:\/\/comercializadoraromo-cdmx.com\/t10\/frecuencias-fantasmales-dj\/#breadcrumb\"},\"inLanguage\":\"es\",\"potentialAction\":[{\"@type\":\"ReadAction\",\"target\":[\"https:\/\/comercializadoraromo-cdmx.com\/t10\/frecuencias-fantasmales-dj\/\"]}]},{\"@type\":\"ImageObject\",\"inLanguage\":\"es\",\"@id\":\"https:\/\/comercializadoraromo-cdmx.com\/t10\/frecuencias-fantasmales-dj\/#primaryimage\",\"url\":\"https:\/\/comercializadoraromo-cdmx.com\/t10\/wp-content\/uploads\/2024\/08\/0049900b-6fae-401e-bcec-3e849ae0a66f.webp\",\"contentUrl\":\"https:\/\/comercializadoraromo-cdmx.com\/t10\/wp-content\/uploads\/2024\/08\/0049900b-6fae-401e-bcec-3e849ae0a66f.webp\",\"width\":2048,\"height\":2048,\"caption\":\"Sudadera DJ Espectral: Estilo Corto y Frecuencias Fantasmales\"},{\"@type\":\"BreadcrumbList\",\"@id\":\"https:\/\/comercializadoraromo-cdmx.com\/t10\/frecuencias-fantasmales-dj\/#breadcrumb\",\"itemListElement\":[{\"@type\":\"ListItem\",\"position\":1,\"name\":\"Portada\",\"item\":\"https:\/\/comercializadoraromo-cdmx.com\/t10\/\"},{\"@type\":\"ListItem\",\"position\":2,\"name\":\"Tienda Moda Sustentable Certificada en M\u00e9xico | RoMo\",\"item\":\"https:\/\/comercializadoraromo-cdmx.com\/t10\/tienda\/\"},{\"@type\":\"ListItem\",\"position\":3,\"name\":\"Sudadera corta Frecuencias Fantasmales DJ\"}]},{\"@type\":\"WebSite\",\"@id\":\"https:\/\/comercializadoraromo-cdmx.com\/t10\/#website\",\"url\":\"https:\/\/comercializadoraromo-cdmx.com\/t10\/\",\"name\":\"Comercializadora RoMo\",\"description\":\"Productos sostenibles para un futuro mejor. \u00danete al cambio hoy\",\"publisher\":{\"@id\":\"https:\/\/comercializadoraromo-cdmx.com\/t10\/#organization\"},\"potentialAction\":[{\"@type\":\"SearchAction\",\"target\":{\"@type\":\"EntryPoint\",\"urlTemplate\":\"https:\/\/comercializadoraromo-cdmx.com\/t10\/?s={search_term_string}\"},\"query-input\":{\"@type\":\"PropertyValueSpecification\",\"valueRequired\":true,\"valueName\":\"search_term_string\"}}],\"inLanguage\":\"es\"},{\"@type\":\"Organization\",\"@id\":\"https:\/\/comercializadoraromo-cdmx.com\/t10\/#organization\",\"name\":\"Comercializadora RoMo\",\"url\":\"https:\/\/comercializadoraromo-cdmx.com\/t10\/\",\"logo\":{\"@type\":\"ImageObject\",\"inLanguage\":\"es\",\"@id\":\"https:\/\/comercializadoraromo-cdmx.com\/t10\/#\/schema\/logo\/image\/\",\"url\":\"https:\/\/comercializadoraromo-cdmx.com\/t10\/wp-content\/uploads\/2024\/01\/cropped-Logo-comercializadora-scaled-1.webp\",\"contentUrl\":\"https:\/\/comercializadoraromo-cdmx.com\/t10\/wp-content\/uploads\/2024\/01\/cropped-Logo-comercializadora-scaled-1.webp\",\"width\":2472,\"height\":1700,\"caption\":\"Comercializadora RoMo\"},\"image\":{\"@id\":\"https:\/\/comercializadoraromo-cdmx.com\/t10\/#\/schema\/logo\/image\/\"},\"sameAs\":[\"https:\/\/www.facebook.com\/share\/15DBPCzVEuE\/\"]}]}<\/script>\n<!-- \/ Yoast SEO plugin. -->","yoast_head_json":{"title":"Sudadera corta Frecuencias Fantasmales DJ","description":"Sudadera Corta Frecuencias Fantasmales DJ, la prenda perfecta para amantes de la m\u00fasica. Con un dise\u00f1o \u00fanico de aud\u00edfonos, combina estilo y comodidad.","robots":{"index":"index","follow":"follow","max-snippet":"max-snippet:-1","max-image-preview":"max-image-preview:large","max-video-preview":"max-video-preview:-1"},"canonical":"https:\/\/comercializadoraromo-cdmx.com\/t10\/frecuencias-fantasmales-dj\/","og_locale":"es_ES","og_type":"article","og_title":"Sudadera corta Frecuencias Fantasmales DJ","og_description":"Sudadera Corta Frecuencias Fantasmales DJ, la prenda perfecta para amantes de la m\u00fasica. Con un dise\u00f1o \u00fanico de aud\u00edfonos, combina estilo y comodidad.","og_url":"https:\/\/comercializadoraromo-cdmx.com\/t10\/frecuencias-fantasmales-dj\/","og_site_name":"Productos sostenibles para un futuro mejor. \u00danete al cambio hoy","article_publisher":"https:\/\/www.facebook.com\/share\/15DBPCzVEuE\/","article_modified_time":"2024-10-16T15:39:12+00:00","og_image":[{"width":2048,"height":2048,"url":"https:\/\/comercializadoraromo-cdmx.com\/t10\/wp-content\/uploads\/2024\/08\/0049900b-6fae-401e-bcec-3e849ae0a66f.webp","type":"image\/webp"}],"twitter_card":"summary_large_image","twitter_misc":{"Tiempo de lectura":"2 minutos"},"schema":{"@context":"https:\/\/schema.org","@graph":[{"@type":"WebPage","@id":"https:\/\/comercializadoraromo-cdmx.com\/t10\/frecuencias-fantasmales-dj\/","url":"https:\/\/comercializadoraromo-cdmx.com\/t10\/frecuencias-fantasmales-dj\/","name":"Sudadera corta Frecuencias Fantasmales DJ","isPartOf":{"@id":"https:\/\/comercializadoraromo-cdmx.com\/t10\/#website"},"primaryImageOfPage":{"@id":"https:\/\/comercializadoraromo-cdmx.com\/t10\/frecuencias-fantasmales-dj\/#primaryimage"},"image":{"@id":"https:\/\/comercializadoraromo-cdmx.com\/t10\/frecuencias-fantasmales-dj\/#primaryimage"},"thumbnailUrl":"https:\/\/comercializadoraromo-cdmx.com\/t10\/wp-content\/uploads\/2024\/08\/0049900b-6fae-401e-bcec-3e849ae0a66f.webp","datePublished":"2024-08-07T23:01:00+00:00","dateModified":"2024-10-16T15:39:12+00:00","description":"Sudadera Corta Frecuencias Fantasmales DJ, la prenda perfecta para amantes de la m\u00fasica. Con un dise\u00f1o \u00fanico de aud\u00edfonos, combina estilo y comodidad.","breadcrumb":{"@id":"https:\/\/comercializadoraromo-cdmx.com\/t10\/frecuencias-fantasmales-dj\/#breadcrumb"},"inLanguage":"es","potentialAction":[{"@type":"ReadAction","target":["https:\/\/comercializadoraromo-cdmx.com\/t10\/frecuencias-fantasmales-dj\/"]}]},{"@type":"ImageObject","inLanguage":"es","@id":"https:\/\/comercializadoraromo-cdmx.com\/t10\/frecuencias-fantasmales-dj\/#primaryimage","url":"https:\/\/comercializadoraromo-cdmx.com\/t10\/wp-content\/uploads\/2024\/08\/0049900b-6fae-401e-bcec-3e849ae0a66f.webp","contentUrl":"https:\/\/comercializadoraromo-cdmx.com\/t10\/wp-content\/uploads\/2024\/08\/0049900b-6fae-401e-bcec-3e849ae0a66f.webp","width":2048,"height":2048,"caption":"Sudadera DJ Espectral: Estilo Corto y Frecuencias Fantasmales"},{"@type":"BreadcrumbList","@id":"https:\/\/comercializadoraromo-cdmx.com\/t10\/frecuencias-fantasmales-dj\/#breadcrumb","itemListElement":[{"@type":"ListItem","position":1,"name":"Portada","item":"https:\/\/comercializadoraromo-cdmx.com\/t10\/"},{"@type":"ListItem","position":2,"name":"Tienda Moda Sustentable Certificada en M\u00e9xico | RoMo","item":"https:\/\/comercializadoraromo-cdmx.com\/t10\/tienda\/"},{"@type":"ListItem","position":3,"name":"Sudadera corta Frecuencias Fantasmales DJ"}]},{"@type":"WebSite","@id":"https:\/\/comercializadoraromo-cdmx.com\/t10\/#website","url":"https:\/\/comercializadoraromo-cdmx.com\/t10\/","name":"Comercializadora RoMo","description":"Productos sostenibles para un futuro mejor. \u00danete al cambio hoy","publisher":{"@id":"https:\/\/comercializadoraromo-cdmx.com\/t10\/#organization"},"potentialAction":[{"@type":"SearchAction","target":{"@type":"EntryPoint","urlTemplate":"https:\/\/comercializadoraromo-cdmx.com\/t10\/?s={search_term_string}"},"query-input":{"@type":"PropertyValueSpecification","valueRequired":true,"valueName":"search_term_string"}}],"inLanguage":"es"},{"@type":"Organization","@id":"https:\/\/comercializadoraromo-cdmx.com\/t10\/#organization","name":"Comercializadora RoMo","url":"https:\/\/comercializadoraromo-cdmx.com\/t10\/","logo":{"@type":"ImageObject","inLanguage":"es","@id":"https:\/\/comercializadoraromo-cdmx.com\/t10\/#\/schema\/logo\/image\/","url":"https:\/\/comercializadoraromo-cdmx.com\/t10\/wp-content\/uploads\/2024\/01\/cropped-Logo-comercializadora-scaled-1.webp","contentUrl":"https:\/\/comercializadoraromo-cdmx.com\/t10\/wp-content\/uploads\/2024\/01\/cropped-Logo-comercializadora-scaled-1.webp","width":2472,"height":1700,"caption":"Comercializadora RoMo"},"image":{"@id":"https:\/\/comercializadoraromo-cdmx.com\/t10\/#\/schema\/logo\/image\/"},"sameAs":["https:\/\/www.facebook.com\/share\/15DBPCzVEuE\/"]}]}},"uagb_featured_image_src":{"full":["https:\/\/comercializadoraromo-cdmx.com\/t10\/wp-content\/uploads\/2024\/08\/0049900b-6fae-401e-bcec-3e849ae0a66f.webp",2048,2048,false],"thumbnail":["https:\/\/comercializadoraromo-cdmx.com\/t10\/wp-content\/uploads\/2024\/08\/0049900b-6fae-401e-bcec-3e849ae0a66f-150x150.webp",150,150,true],"medium":["https:\/\/comercializadoraromo-cdmx.com\/t10\/wp-content\/uploads\/2024\/08\/0049900b-6fae-401e-bcec-3e849ae0a66f-300x300.webp",300,300,true],"medium_large":["https:\/\/comercializadoraromo-cdmx.com\/t10\/wp-content\/uploads\/2024\/08\/0049900b-6fae-401e-bcec-3e849ae0a66f-768x768.webp",768,768,true],"large":["https:\/\/comercializadoraromo-cdmx.com\/t10\/wp-content\/uploads\/2024\/08\/0049900b-6fae-401e-bcec-3e849ae0a66f-1024x1024.webp",1024,1024,true],"1536x1536":["https:\/\/comercializadoraromo-cdmx.com\/t10\/wp-content\/uploads\/2024\/08\/0049900b-6fae-401e-bcec-3e849ae0a66f-1536x1536.webp",1536,1536,true],"2048x2048":["https:\/\/comercializadoraromo-cdmx.com\/t10\/wp-content\/uploads\/2024\/08\/0049900b-6fae-401e-bcec-3e849ae0a66f.webp",2048,2048,false],"woocommerce_thumbnail":["https:\/\/comercializadoraromo-cdmx.com\/t10\/wp-content\/uploads\/2024\/08\/0049900b-6fae-401e-bcec-3e849ae0a66f-300x300.webp",300,300,true],"woocommerce_single":["https:\/\/comercializadoraromo-cdmx.com\/t10\/wp-content\/uploads\/2024\/08\/0049900b-6fae-401e-bcec-3e849ae0a66f-600x600.webp",600,600,true],"woocommerce_gallery_thumbnail":["https:\/\/comercializadoraromo-cdmx.com\/t10\/wp-content\/uploads\/2024\/08\/0049900b-6fae-401e-bcec-3e849ae0a66f-100x100.webp",100,100,true]},"uagb_author_info":{"display_name":"eroblespimentel","author_link":"https:\/\/comercializadoraromo-cdmx.com\/t10\/author\/"},"uagb_comment_info":0,"uagb_excerpt":"Sudadera corta con capucha para mujer | Bella + Canvas 7502. Sudadera Crop Top Frecuencias Fantasmales con Capucha: Estilo DJ. Es la prenda ideal para los amantes de la m\u00fasica. Con un dise\u00f1o \u00fanico de aud\u00edfonos, esta sudadera con capucha combina estilo y comodidad en un solo art\u00edculo. Fabricada con una mezcla premium de algod\u00f3n&hellip;","_links":{"self":[{"href":"https:\/\/comercializadoraromo-cdmx.com\/t10\/wp-json\/wp\/v2\/product\/7330","targetHints":{"allow":["GET"]}}],"collection":[{"href":"https:\/\/comercializadoraromo-cdmx.com\/t10\/wp-json\/wp\/v2\/product"}],"about":[{"href":"https:\/\/comercializadoraromo-cdmx.com\/t10\/wp-json\/wp\/v2\/types\/product"}],"wp:featuredmedia":[{"embeddable":true,"href":"https:\/\/comercializadoraromo-cdmx.com\/t10\/wp-json\/wp\/v2\/media\/7344"}],"wp:attachment":[{"href":"https:\/\/comercializadoraromo-cdmx.com\/t10\/wp-json\/wp\/v2\/media?parent=7330"}],"wp:term":[{"taxonomy":"product_brand","embeddable":true,"href":"https:\/\/comercializadoraromo-cdmx.com\/t10\/wp-json\/wp\/v2\/product_brand?post=7330"},{"taxonomy":"product_cat","embeddable":true,"href":"https:\/\/comercializadoraromo-cdmx.com\/t10\/wp-json\/wp\/v2\/product_cat?post=7330"},{"taxonomy":"product_tag","embeddable":true,"href":"https:\/\/comercializadoraromo-cdmx.com\/t10\/wp-json\/wp\/v2\/product_tag?post=7330"}],"curies":[{"name":"wp","href":"https:\/\/api.w.org\/{rel}","templated":true}]}}