{"id":7300,"date":"2024-08-07T22:23:26","date_gmt":"2024-08-07T22:23:26","guid":{"rendered":"https:\/\/comercializadoraromo-cdmx.com\/?post_type=product&#038;p=7300"},"modified":"2024-10-16T15:39:56","modified_gmt":"2024-10-16T15:39:56","slug":"coleccion-gatos-fosfo","status":"publish","type":"product","link":"https:\/\/comercializadoraromo-cdmx.com\/t10\/coleccion-gatos-fosfo\/","title":{"rendered":"Sudadera Corta Colecci\u00f3n Gatos Fosfo\u00a0"},"content":{"rendered":"<h2>\u00a1Destaca con la Sudadera Corta Colecci\u00f3n Gatos Fosfo! Brilla con estilo y originalidad<\/h2>\n<p>Sudadera Corta Colecci\u00f3n Gatos Fosfo . con esta prenda que combina moda y comodidad, perfecta para las amantes de los gatos que buscan destacar en cualquier ocasi\u00f3n.<\/p>\n<h3>Dise\u00f1o Innovador y Confortable<\/h3>\n<ul>\n<li>Corte Crop Top Moderno: Ajuste juvenil y din\u00e1mico para realzar tu silueta.<\/li>\n<li>Material Premium: Confeccionada en jersey 100% algod\u00f3n para una sensaci\u00f3n suave y comodidad excepcional.<\/li>\n<li>Durabilidad Asegurada: Costuras dobles reforzadas para resistencia y durabilidad a lo largo del tiempo.<\/li>\n<li>Detalles Aut\u00e9nticos: Incluye el ic\u00f3nico parche \u00abC\u00bb de Champion en el pu\u00f1o izquierdo, s\u00edmbolo de calidad y tradici\u00f3n.<\/li>\n<\/ul>\n<h3>Variedad y Versatilidad<\/h3>\n<ul>\n<li>Tallas para Todos: Disponible en XS hasta 2XL para un ajuste perfecto en cada cuerpo.<\/li>\n<li>Estilo Vers\u00e1til: Ideal para outfits deportivos o casuales, llev\u00e1ndote sin esfuerzo del d\u00eda a la noche.<\/li>\n<\/ul>\n<p>Agrega un toque de brillo y amor por los gatos a tu colecci\u00f3n con la espectacular Camiseta Crop Top Fosforescente de Gato de Champion.<\/p>\n<p>Esta sudadera con capucha es un art\u00edculo esencial que combina comodidad y estilo a la perfecci\u00f3n. Con un elegante dobladillo sin rematar y cordones a juego, esta prenda se convertir\u00e1 en un b\u00e1sico favorito en tu tienda en l\u00ednea.<\/p>\n<h4>Sudadera Corta Colecci\u00f3n Gatos Fosfo . Caracter\u00edsticas:<\/h4>\n<ul>\n<li>Cord\u00f3n te\u00f1ido a juego<\/li>\n<li>Dobladillo sin rematar<\/li>\n<li>Hombros ca\u00eddos<\/li>\n<\/ul>\n<h4>Fabricaci\u00f3n:<\/h4>\n<ul>\n<li>52% algod\u00f3n peinado e hilado en anillos Airlume, 48% vell\u00f3n de poli\u00e9ster, 32 unidades de 8,0 oz<\/li>\n<li>Este producto se fabrica a pedido, sin m\u00ednimos, asegurando calidad y exclusividad para tus clientes.<\/li>\n<\/ul>\n<p><strong>Gu\u00eda de tallas<\/strong><\/p>\n<table>\n<tbody>\n<tr>\n<td><\/td>\n<td><strong>S<\/strong><\/td>\n<td><strong>M<\/strong><\/td>\n<td><strong>L<\/strong><\/td>\n<td><strong>XL<\/strong><\/td>\n<td><strong>2XL<\/strong><\/td>\n<\/tr>\n<tr>\n<td><strong>A) Longitud(cm)<\/strong><\/td>\n<td>47.3<\/td>\n<td>49.2<\/td>\n<td>54.3<\/td>\n<td>56.2<\/td>\n<td>58.1<\/td>\n<\/tr>\n<tr>\n<td><strong>B) Medio pecho (cm)<\/strong><\/td>\n<td>55.9<\/td>\n<td>59.7<\/td>\n<td>64.8<\/td>\n<td>69.9<\/td>\n<td>74.9<\/td>\n<\/tr>\n<\/tbody>\n<\/table>\n<table>\n<tbody>\n<tr>\n<td><\/td>\n<td><strong>S<\/strong><\/td>\n<td><strong>M<\/strong><\/td>\n<td><strong>L<\/strong><\/td>\n<td><strong>XL<\/strong><\/td>\n<td><strong>2XL<\/strong><\/td>\n<\/tr>\n<tr>\n<td><strong>A) Longitud(pulgadas)<\/strong><\/td>\n<td>18.6<\/td>\n<td>19.4<\/td>\n<td>21.4<\/td>\n<td>22.1<\/td>\n<td>22.9<\/td>\n<\/tr>\n<tr>\n<td><strong>B) Medio pecho (pulgadas)<\/strong><\/td>\n<td>22<\/td>\n<td>23.5<\/td>\n<td>25.5<\/td>\n<td>27.5<\/td>\n<td>29.5<\/td>\n<\/tr>\n<\/tbody>\n<\/table>\n<p><strong>Instrucciones de cuidado<\/strong><\/p>\n<table>\n<tbody>\n<tr>\n<td>Lavado<\/td>\n<td>Lavar a m\u00e1quina con agua fr\u00eda (m\u00e1ximo 30 \u00b0C o 90 \u00b0F)<\/td>\n<\/tr>\n<tr>\n<td>Lej\u00eda<\/td>\n<td>Solo sin cloro<\/td>\n<\/tr>\n<tr>\n<td>Secar en secadora<\/td>\n<td>Bajo<\/td>\n<\/tr>\n<tr>\n<td>Lavado en seco<\/td>\n<td>No lavar en seco<\/td>\n<\/tr>\n<tr>\n<td>Decorar con hierro<\/td>\n<td>No planchar decorar<\/td>\n<\/tr>\n<tr>\n<td>Planchado<\/td>\n<td>Planchar o cocinar al vapor a fuego medio.<\/td>\n<\/tr>\n<\/tbody>\n<\/table>\n","protected":false},"excerpt":{"rendered":"<p>Sudadera corta con capucha para mujer | Bella + Canvas 7502.<\/p>\n","protected":false},"featured_media":7328,"template":"","meta":{"_uag_custom_page_level_css":"","site-sidebar-layout":"default","site-content-layout":"","ast-site-content-layout":"default","site-content-style":"default","site-sidebar-style":"default","ast-global-header-display":"","ast-banner-title-visibility":"","ast-main-header-display":"","ast-hfb-above-header-display":"","ast-hfb-below-header-display":"","ast-hfb-mobile-header-display":"","site-post-title":"","ast-breadcrumbs-content":"","ast-featured-img":"","footer-sml-layout":"","theme-transparent-header-meta":"default","adv-header-id-meta":"","stick-header-meta":"","header-above-stick-meta":"","header-main-stick-meta":"","header-below-stick-meta":"","astra-migrate-meta-layouts":"set","ast-page-background-enabled":"default","ast-page-background-meta":{"desktop":{"background-color":"","background-image":"","background-repeat":"repeat","background-position":"center center","background-size":"auto","background-attachment":"scroll","background-type":"","background-media":"","overlay-type":"","overlay-color":"","overlay-opacity":"","overlay-gradient":""},"tablet":{"background-color":"","background-image":"","background-repeat":"repeat","background-position":"center center","background-size":"auto","background-attachment":"scroll","background-type":"","background-media":"","overlay-type":"","overlay-color":"","overlay-opacity":"","overlay-gradient":""},"mobile":{"background-color":"","background-image":"","background-repeat":"repeat","background-position":"center center","background-size":"auto","background-attachment":"scroll","background-type":"","background-media":"","overlay-type":"","overlay-color":"","overlay-opacity":"","overlay-gradient":""}},"ast-content-background-meta":{"desktop":{"background-color":"var(--ast-global-color-5)","background-image":"","background-repeat":"repeat","background-position":"center center","background-size":"auto","background-attachment":"scroll","background-type":"","background-media":"","overlay-type":"","overlay-color":"","overlay-opacity":"","overlay-gradient":""},"tablet":{"background-color":"var(--ast-global-color-5)","background-image":"","background-repeat":"repeat","background-position":"center center","background-size":"auto","background-attachment":"scroll","background-type":"","background-media":"","overlay-type":"","overlay-color":"","overlay-opacity":"","overlay-gradient":""},"mobile":{"background-color":"var(--ast-global-color-5)","background-image":"","background-repeat":"repeat","background-position":"center center","background-size":"auto","background-attachment":"scroll","background-type":"","background-media":"","overlay-type":"","overlay-color":"","overlay-opacity":"","overlay-gradient":""}}},"product_brand":[],"product_cat":[255],"product_tag":[],"class_list":{"0":"post-7300","1":"product","2":"type-product","3":"status-publish","4":"has-post-thumbnail","6":"product_cat-sudaderas-de-algodon","7":"desktop-align-left","8":"tablet-align-left","9":"mobile-align-left","11":"first","12":"instock","13":"shipping-taxable","14":"purchasable","15":"product-type-variable"},"yoast_head":"<!-- This site is optimized with the Yoast SEO plugin v27.2 - https:\/\/yoast.com\/product\/yoast-seo-wordpress\/ -->\n<title>Sudadera Corta Colecci\u00f3n Gatos Fosfo\u00a0<\/title>\n<meta name=\"description\" content=\"Sudadera Corta Colecci\u00f3n Gatos Fosfo\u00a0de Champion y la Sudadera Ideal para amantes de los gatos que buscan destacar con un toque brillante y un estilo.\" \/>\n<meta name=\"robots\" content=\"index, follow, max-snippet:-1, max-image-preview:large, max-video-preview:-1\" \/>\n<link rel=\"canonical\" href=\"https:\/\/comercializadoraromo-cdmx.com\/t10\/coleccion-gatos-fosfo\/\" \/>\n<meta property=\"og:locale\" content=\"es_ES\" \/>\n<meta property=\"og:type\" content=\"article\" \/>\n<meta property=\"og:title\" content=\"Sudadera Corta Colecci\u00f3n Gatos Fosfo\u00a0\" \/>\n<meta property=\"og:description\" content=\"Sudadera Corta Colecci\u00f3n Gatos Fosfo\u00a0de Champion y la Sudadera Ideal para amantes de los gatos que buscan destacar con un toque brillante y un estilo.\" \/>\n<meta property=\"og:url\" content=\"https:\/\/comercializadoraromo-cdmx.com\/t10\/coleccion-gatos-fosfo\/\" \/>\n<meta property=\"og:site_name\" content=\"Productos sostenibles para un futuro mejor. \u00danete al cambio hoy\" \/>\n<meta property=\"article:publisher\" content=\"https:\/\/www.facebook.com\/share\/15DBPCzVEuE\/\" \/>\n<meta property=\"article:modified_time\" content=\"2024-10-16T15:39:56+00:00\" \/>\n<meta property=\"og:image\" content=\"https:\/\/comercializadoraromo-cdmx.com\/t10\/wp-content\/uploads\/2024\/08\/083c6986-051a-4ce3-ac06-7bde77a6572c.webp\" \/>\n\t<meta property=\"og:image:width\" content=\"2048\" \/>\n\t<meta property=\"og:image:height\" content=\"2048\" \/>\n\t<meta property=\"og:image:type\" content=\"image\/webp\" \/>\n<meta name=\"twitter:card\" content=\"summary_large_image\" \/>\n<meta name=\"twitter:label1\" content=\"Tiempo de lectura\" \/>\n\t<meta name=\"twitter:data1\" content=\"2 minutos\" \/>\n<script type=\"application\/ld+json\" class=\"yoast-schema-graph\">{\"@context\":\"https:\/\/schema.org\",\"@graph\":[{\"@type\":\"WebPage\",\"@id\":\"https:\/\/comercializadoraromo-cdmx.com\/t10\/coleccion-gatos-fosfo\/\",\"url\":\"https:\/\/comercializadoraromo-cdmx.com\/t10\/coleccion-gatos-fosfo\/\",\"name\":\"Sudadera Corta Colecci\u00f3n Gatos Fosfo\u00a0\",\"isPartOf\":{\"@id\":\"https:\/\/comercializadoraromo-cdmx.com\/t10\/#website\"},\"primaryImageOfPage\":{\"@id\":\"https:\/\/comercializadoraromo-cdmx.com\/t10\/coleccion-gatos-fosfo\/#primaryimage\"},\"image\":{\"@id\":\"https:\/\/comercializadoraromo-cdmx.com\/t10\/coleccion-gatos-fosfo\/#primaryimage\"},\"thumbnailUrl\":\"https:\/\/comercializadoraromo-cdmx.com\/t10\/wp-content\/uploads\/2024\/08\/083c6986-051a-4ce3-ac06-7bde77a6572c.webp\",\"datePublished\":\"2024-08-07T22:23:26+00:00\",\"dateModified\":\"2024-10-16T15:39:56+00:00\",\"description\":\"Sudadera Corta Colecci\u00f3n Gatos Fosfo\u00a0de Champion y la Sudadera Ideal para amantes de los gatos que buscan destacar con un toque brillante y un estilo.\",\"breadcrumb\":{\"@id\":\"https:\/\/comercializadoraromo-cdmx.com\/t10\/coleccion-gatos-fosfo\/#breadcrumb\"},\"inLanguage\":\"es\",\"potentialAction\":[{\"@type\":\"ReadAction\",\"target\":[\"https:\/\/comercializadoraromo-cdmx.com\/t10\/coleccion-gatos-fosfo\/\"]}]},{\"@type\":\"ImageObject\",\"inLanguage\":\"es\",\"@id\":\"https:\/\/comercializadoraromo-cdmx.com\/t10\/coleccion-gatos-fosfo\/#primaryimage\",\"url\":\"https:\/\/comercializadoraromo-cdmx.com\/t10\/wp-content\/uploads\/2024\/08\/083c6986-051a-4ce3-ac06-7bde77a6572c.webp\",\"contentUrl\":\"https:\/\/comercializadoraromo-cdmx.com\/t10\/wp-content\/uploads\/2024\/08\/083c6986-051a-4ce3-ac06-7bde77a6572c.webp\",\"width\":2048,\"height\":2048,\"caption\":\"Sudadera Corta Colecci\u00f3n Gatos Fosfo\"},{\"@type\":\"BreadcrumbList\",\"@id\":\"https:\/\/comercializadoraromo-cdmx.com\/t10\/coleccion-gatos-fosfo\/#breadcrumb\",\"itemListElement\":[{\"@type\":\"ListItem\",\"position\":1,\"name\":\"Portada\",\"item\":\"https:\/\/comercializadoraromo-cdmx.com\/t10\/\"},{\"@type\":\"ListItem\",\"position\":2,\"name\":\"Tienda Moda Sustentable Certificada en M\u00e9xico | RoMo\",\"item\":\"https:\/\/comercializadoraromo-cdmx.com\/t10\/tienda\/\"},{\"@type\":\"ListItem\",\"position\":3,\"name\":\"Sudadera Corta Colecci\u00f3n Gatos Fosfo\u00a0\"}]},{\"@type\":\"WebSite\",\"@id\":\"https:\/\/comercializadoraromo-cdmx.com\/t10\/#website\",\"url\":\"https:\/\/comercializadoraromo-cdmx.com\/t10\/\",\"name\":\"Comercializadora RoMo\",\"description\":\"Productos sostenibles para un futuro mejor. \u00danete al cambio hoy\",\"publisher\":{\"@id\":\"https:\/\/comercializadoraromo-cdmx.com\/t10\/#organization\"},\"potentialAction\":[{\"@type\":\"SearchAction\",\"target\":{\"@type\":\"EntryPoint\",\"urlTemplate\":\"https:\/\/comercializadoraromo-cdmx.com\/t10\/?s={search_term_string}\"},\"query-input\":{\"@type\":\"PropertyValueSpecification\",\"valueRequired\":true,\"valueName\":\"search_term_string\"}}],\"inLanguage\":\"es\"},{\"@type\":\"Organization\",\"@id\":\"https:\/\/comercializadoraromo-cdmx.com\/t10\/#organization\",\"name\":\"Comercializadora RoMo\",\"url\":\"https:\/\/comercializadoraromo-cdmx.com\/t10\/\",\"logo\":{\"@type\":\"ImageObject\",\"inLanguage\":\"es\",\"@id\":\"https:\/\/comercializadoraromo-cdmx.com\/t10\/#\/schema\/logo\/image\/\",\"url\":\"https:\/\/comercializadoraromo-cdmx.com\/t10\/wp-content\/uploads\/2024\/01\/cropped-Logo-comercializadora-scaled-1.webp\",\"contentUrl\":\"https:\/\/comercializadoraromo-cdmx.com\/t10\/wp-content\/uploads\/2024\/01\/cropped-Logo-comercializadora-scaled-1.webp\",\"width\":2472,\"height\":1700,\"caption\":\"Comercializadora RoMo\"},\"image\":{\"@id\":\"https:\/\/comercializadoraromo-cdmx.com\/t10\/#\/schema\/logo\/image\/\"},\"sameAs\":[\"https:\/\/www.facebook.com\/share\/15DBPCzVEuE\/\"]}]}<\/script>\n<!-- \/ Yoast SEO plugin. -->","yoast_head_json":{"title":"Sudadera Corta Colecci\u00f3n Gatos Fosfo\u00a0","description":"Sudadera Corta Colecci\u00f3n Gatos Fosfo\u00a0de Champion y la Sudadera Ideal para amantes de los gatos que buscan destacar con un toque brillante y un estilo.","robots":{"index":"index","follow":"follow","max-snippet":"max-snippet:-1","max-image-preview":"max-image-preview:large","max-video-preview":"max-video-preview:-1"},"canonical":"https:\/\/comercializadoraromo-cdmx.com\/t10\/coleccion-gatos-fosfo\/","og_locale":"es_ES","og_type":"article","og_title":"Sudadera Corta Colecci\u00f3n Gatos Fosfo\u00a0","og_description":"Sudadera Corta Colecci\u00f3n Gatos Fosfo\u00a0de Champion y la Sudadera Ideal para amantes de los gatos que buscan destacar con un toque brillante y un estilo.","og_url":"https:\/\/comercializadoraromo-cdmx.com\/t10\/coleccion-gatos-fosfo\/","og_site_name":"Productos sostenibles para un futuro mejor. \u00danete al cambio hoy","article_publisher":"https:\/\/www.facebook.com\/share\/15DBPCzVEuE\/","article_modified_time":"2024-10-16T15:39:56+00:00","og_image":[{"width":2048,"height":2048,"url":"https:\/\/comercializadoraromo-cdmx.com\/t10\/wp-content\/uploads\/2024\/08\/083c6986-051a-4ce3-ac06-7bde77a6572c.webp","type":"image\/webp"}],"twitter_card":"summary_large_image","twitter_misc":{"Tiempo de lectura":"2 minutos"},"schema":{"@context":"https:\/\/schema.org","@graph":[{"@type":"WebPage","@id":"https:\/\/comercializadoraromo-cdmx.com\/t10\/coleccion-gatos-fosfo\/","url":"https:\/\/comercializadoraromo-cdmx.com\/t10\/coleccion-gatos-fosfo\/","name":"Sudadera Corta Colecci\u00f3n Gatos Fosfo\u00a0","isPartOf":{"@id":"https:\/\/comercializadoraromo-cdmx.com\/t10\/#website"},"primaryImageOfPage":{"@id":"https:\/\/comercializadoraromo-cdmx.com\/t10\/coleccion-gatos-fosfo\/#primaryimage"},"image":{"@id":"https:\/\/comercializadoraromo-cdmx.com\/t10\/coleccion-gatos-fosfo\/#primaryimage"},"thumbnailUrl":"https:\/\/comercializadoraromo-cdmx.com\/t10\/wp-content\/uploads\/2024\/08\/083c6986-051a-4ce3-ac06-7bde77a6572c.webp","datePublished":"2024-08-07T22:23:26+00:00","dateModified":"2024-10-16T15:39:56+00:00","description":"Sudadera Corta Colecci\u00f3n Gatos Fosfo\u00a0de Champion y la Sudadera Ideal para amantes de los gatos que buscan destacar con un toque brillante y un estilo.","breadcrumb":{"@id":"https:\/\/comercializadoraromo-cdmx.com\/t10\/coleccion-gatos-fosfo\/#breadcrumb"},"inLanguage":"es","potentialAction":[{"@type":"ReadAction","target":["https:\/\/comercializadoraromo-cdmx.com\/t10\/coleccion-gatos-fosfo\/"]}]},{"@type":"ImageObject","inLanguage":"es","@id":"https:\/\/comercializadoraromo-cdmx.com\/t10\/coleccion-gatos-fosfo\/#primaryimage","url":"https:\/\/comercializadoraromo-cdmx.com\/t10\/wp-content\/uploads\/2024\/08\/083c6986-051a-4ce3-ac06-7bde77a6572c.webp","contentUrl":"https:\/\/comercializadoraromo-cdmx.com\/t10\/wp-content\/uploads\/2024\/08\/083c6986-051a-4ce3-ac06-7bde77a6572c.webp","width":2048,"height":2048,"caption":"Sudadera Corta Colecci\u00f3n Gatos Fosfo"},{"@type":"BreadcrumbList","@id":"https:\/\/comercializadoraromo-cdmx.com\/t10\/coleccion-gatos-fosfo\/#breadcrumb","itemListElement":[{"@type":"ListItem","position":1,"name":"Portada","item":"https:\/\/comercializadoraromo-cdmx.com\/t10\/"},{"@type":"ListItem","position":2,"name":"Tienda Moda Sustentable Certificada en M\u00e9xico | RoMo","item":"https:\/\/comercializadoraromo-cdmx.com\/t10\/tienda\/"},{"@type":"ListItem","position":3,"name":"Sudadera Corta Colecci\u00f3n Gatos Fosfo\u00a0"}]},{"@type":"WebSite","@id":"https:\/\/comercializadoraromo-cdmx.com\/t10\/#website","url":"https:\/\/comercializadoraromo-cdmx.com\/t10\/","name":"Comercializadora RoMo","description":"Productos sostenibles para un futuro mejor. \u00danete al cambio hoy","publisher":{"@id":"https:\/\/comercializadoraromo-cdmx.com\/t10\/#organization"},"potentialAction":[{"@type":"SearchAction","target":{"@type":"EntryPoint","urlTemplate":"https:\/\/comercializadoraromo-cdmx.com\/t10\/?s={search_term_string}"},"query-input":{"@type":"PropertyValueSpecification","valueRequired":true,"valueName":"search_term_string"}}],"inLanguage":"es"},{"@type":"Organization","@id":"https:\/\/comercializadoraromo-cdmx.com\/t10\/#organization","name":"Comercializadora RoMo","url":"https:\/\/comercializadoraromo-cdmx.com\/t10\/","logo":{"@type":"ImageObject","inLanguage":"es","@id":"https:\/\/comercializadoraromo-cdmx.com\/t10\/#\/schema\/logo\/image\/","url":"https:\/\/comercializadoraromo-cdmx.com\/t10\/wp-content\/uploads\/2024\/01\/cropped-Logo-comercializadora-scaled-1.webp","contentUrl":"https:\/\/comercializadoraromo-cdmx.com\/t10\/wp-content\/uploads\/2024\/01\/cropped-Logo-comercializadora-scaled-1.webp","width":2472,"height":1700,"caption":"Comercializadora RoMo"},"image":{"@id":"https:\/\/comercializadoraromo-cdmx.com\/t10\/#\/schema\/logo\/image\/"},"sameAs":["https:\/\/www.facebook.com\/share\/15DBPCzVEuE\/"]}]}},"uagb_featured_image_src":{"full":["https:\/\/comercializadoraromo-cdmx.com\/t10\/wp-content\/uploads\/2024\/08\/083c6986-051a-4ce3-ac06-7bde77a6572c.webp",2048,2048,false],"thumbnail":["https:\/\/comercializadoraromo-cdmx.com\/t10\/wp-content\/uploads\/2024\/08\/083c6986-051a-4ce3-ac06-7bde77a6572c-150x150.webp",150,150,true],"medium":["https:\/\/comercializadoraromo-cdmx.com\/t10\/wp-content\/uploads\/2024\/08\/083c6986-051a-4ce3-ac06-7bde77a6572c-300x300.webp",300,300,true],"medium_large":["https:\/\/comercializadoraromo-cdmx.com\/t10\/wp-content\/uploads\/2024\/08\/083c6986-051a-4ce3-ac06-7bde77a6572c-768x768.webp",768,768,true],"large":["https:\/\/comercializadoraromo-cdmx.com\/t10\/wp-content\/uploads\/2024\/08\/083c6986-051a-4ce3-ac06-7bde77a6572c-1024x1024.webp",1024,1024,true],"1536x1536":["https:\/\/comercializadoraromo-cdmx.com\/t10\/wp-content\/uploads\/2024\/08\/083c6986-051a-4ce3-ac06-7bde77a6572c-1536x1536.webp",1536,1536,true],"2048x2048":["https:\/\/comercializadoraromo-cdmx.com\/t10\/wp-content\/uploads\/2024\/08\/083c6986-051a-4ce3-ac06-7bde77a6572c.webp",2048,2048,false],"woocommerce_thumbnail":["https:\/\/comercializadoraromo-cdmx.com\/t10\/wp-content\/uploads\/2024\/08\/083c6986-051a-4ce3-ac06-7bde77a6572c-300x300.webp",300,300,true],"woocommerce_single":["https:\/\/comercializadoraromo-cdmx.com\/t10\/wp-content\/uploads\/2024\/08\/083c6986-051a-4ce3-ac06-7bde77a6572c-600x600.webp",600,600,true],"woocommerce_gallery_thumbnail":["https:\/\/comercializadoraromo-cdmx.com\/t10\/wp-content\/uploads\/2024\/08\/083c6986-051a-4ce3-ac06-7bde77a6572c-100x100.webp",100,100,true]},"uagb_author_info":{"display_name":"eroblespimentel","author_link":"https:\/\/comercializadoraromo-cdmx.com\/t10\/author\/"},"uagb_comment_info":0,"uagb_excerpt":"Sudadera corta con capucha para mujer | Bella + Canvas 7502.","_links":{"self":[{"href":"https:\/\/comercializadoraromo-cdmx.com\/t10\/wp-json\/wp\/v2\/product\/7300","targetHints":{"allow":["GET"]}}],"collection":[{"href":"https:\/\/comercializadoraromo-cdmx.com\/t10\/wp-json\/wp\/v2\/product"}],"about":[{"href":"https:\/\/comercializadoraromo-cdmx.com\/t10\/wp-json\/wp\/v2\/types\/product"}],"wp:featuredmedia":[{"embeddable":true,"href":"https:\/\/comercializadoraromo-cdmx.com\/t10\/wp-json\/wp\/v2\/media\/7328"}],"wp:attachment":[{"href":"https:\/\/comercializadoraromo-cdmx.com\/t10\/wp-json\/wp\/v2\/media?parent=7300"}],"wp:term":[{"taxonomy":"product_brand","embeddable":true,"href":"https:\/\/comercializadoraromo-cdmx.com\/t10\/wp-json\/wp\/v2\/product_brand?post=7300"},{"taxonomy":"product_cat","embeddable":true,"href":"https:\/\/comercializadoraromo-cdmx.com\/t10\/wp-json\/wp\/v2\/product_cat?post=7300"},{"taxonomy":"product_tag","embeddable":true,"href":"https:\/\/comercializadoraromo-cdmx.com\/t10\/wp-json\/wp\/v2\/product_tag?post=7300"}],"curies":[{"name":"wp","href":"https:\/\/api.w.org\/{rel}","templated":true}]}}