{"id":6542,"date":"2024-08-01T21:56:20","date_gmt":"2024-08-01T21:56:20","guid":{"rendered":"https:\/\/comercializadoraromo-cdmx.com\/producto\/premium-kids-crewneck-t-shirt-white\/"},"modified":"2024-10-16T15:25:59","modified_gmt":"2024-10-16T15:25:59","slug":"aclara-tu-mente","status":"publish","type":"product","link":"https:\/\/comercializadoraromo-cdmx.com\/t10\/aclara-tu-mente\/","title":{"rendered":"Camiseta ni\u00f1os Aclara tu mente"},"content":{"rendered":"<div>\n<h2>Aclara tu mente con Camiseta para ni\u00f1os. \u00bfEst\u00e1n listos para revolucionar el guardarropa de sus peque\u00f1os?<\/h2>\n<p>Aclara tu mente. \u00a1Presentamos esta Camiseta ! Donde cada hilo teje una historia de aventura y cada color celebra la creatividad infantil.<\/p>\n<p>Imaginen una camiseta que abraza suavemente, como un susurro de nubes, ofreciendo un confort que acompa\u00f1a desde el amanecer hasta las estrellas. Un dise\u00f1o cl\u00e1sico que resiste el tiempo, listo para cualquier exploraci\u00f3n o juego.<\/p>\n<p>Visualicen a sus hijos desbordando alegr\u00eda, con la libertad de moverse, jugar y so\u00f1ar sin l\u00edmites. Una camiseta que crece con ellos, resistiendo cada salto, cada risa, cada momento memorable.<\/p>\n<p>No esperen m\u00e1s para darles a sus hijos el regalo de la expresi\u00f3n y la comodidad. Elijan la Camiseta \u201cAclara tu mente\u201d y vean c\u00f3mo sus peque\u00f1os llenan su mundo de color y alegr\u00eda.<\/p>\n<p><strong>Gu\u00eda de tallas<\/strong><\/p>\n<\/div>\n<table>\n<tbody>\n<tr>\n<td><\/td>\n<td><strong>XS<\/strong><\/td>\n<td><strong>S<\/strong><\/td>\n<td><strong>M<\/strong><\/td>\n<td><strong>L<\/strong><\/td>\n<td><strong>XL<\/strong><\/td>\n<\/tr>\n<tr>\n<td><strong>A) Longitud(cm)<\/strong><\/td>\n<td>48.3<\/td>\n<td>53<\/td>\n<td>56.2<\/td>\n<td>59.4<\/td>\n<td>61.9<\/td>\n<\/tr>\n<tr>\n<td><strong>B) Medio pecho (cm)<\/strong><\/td>\n<td>33<\/td>\n<td>38.7<\/td>\n<td>41.3<\/td>\n<td>43.8<\/td>\n<td>46.4<\/td>\n<\/tr>\n<\/tbody>\n<\/table>\n<table>\n<tbody>\n<tr>\n<td><\/td>\n<td><strong>XS<\/strong><\/td>\n<td><strong>S<\/strong><\/td>\n<td><strong>M<\/strong><\/td>\n<td><strong>L<\/strong><\/td>\n<td><strong>XL<\/strong><\/td>\n<\/tr>\n<tr>\n<td><strong>A) Longitud(pulgadas)<\/strong><\/td>\n<td>19<\/td>\n<td>20.9<\/td>\n<td>22.1<\/td>\n<td>23.4<\/td>\n<td>24.4<\/td>\n<\/tr>\n<tr>\n<td><strong>B) Medio pecho (pulgadas)<\/strong><\/td>\n<td>13<\/td>\n<td>15.2<\/td>\n<td>16.3<\/td>\n<td>17.2<\/td>\n<td>18.3<\/td>\n<\/tr>\n<\/tbody>\n<\/table>\n<p><strong>Instrucciones de cuidado<\/strong><\/p>\n<table width=\"789\">\n<tbody>\n<tr>\n<td width=\"187\">Lavar<\/td>\n<td width=\"602\">Lavar a m\u00e1quina con agua tibia (m\u00e1ximo 40 \u00b0C o 105 \u00b0F), lavar la prenda del rev\u00e9s con colores similares<\/td>\n<\/tr>\n<tr>\n<td width=\"187\">Secar en secadora<\/td>\n<td width=\"602\">Temperatura baja<\/td>\n<\/tr>\n<tr>\n<td width=\"187\">Usar lej\u00eda<\/td>\n<td width=\"602\">Solo prendas sin cloro<\/td>\n<\/tr>\n<tr>\n<td width=\"187\">Limpieza en seco<\/td>\n<td width=\"602\">No lavar en seco<\/td>\n<\/tr>\n<tr>\n<td width=\"187\">Planchar<\/td>\n<td width=\"602\">No planchar<\/td>\n<\/tr>\n<\/tbody>\n<\/table>\n","protected":false},"excerpt":{"rendered":"<p>Camiseta premium para ni\u00f1os con cuello redondo blanca<\/p>\n","protected":false},"featured_media":7462,"template":"","meta":{"_uag_custom_page_level_css":"","site-sidebar-layout":"default","site-content-layout":"","ast-site-content-layout":"default","site-content-style":"default","site-sidebar-style":"default","ast-global-header-display":"","ast-banner-title-visibility":"","ast-main-header-display":"","ast-hfb-above-header-display":"","ast-hfb-below-header-display":"","ast-hfb-mobile-header-display":"","site-post-title":"","ast-breadcrumbs-content":"","ast-featured-img":"","footer-sml-layout":"","theme-transparent-header-meta":"default","adv-header-id-meta":"","stick-header-meta":"","header-above-stick-meta":"","header-main-stick-meta":"","header-below-stick-meta":"","astra-migrate-meta-layouts":"set","ast-page-background-enabled":"default","ast-page-background-meta":{"desktop":{"background-color":"","background-image":"","background-repeat":"repeat","background-position":"center center","background-size":"auto","background-attachment":"scroll","background-type":"","background-media":"","overlay-type":"","overlay-color":"","overlay-opacity":"","overlay-gradient":""},"tablet":{"background-color":"","background-image":"","background-repeat":"repeat","background-position":"center center","background-size":"auto","background-attachment":"scroll","background-type":"","background-media":"","overlay-type":"","overlay-color":"","overlay-opacity":"","overlay-gradient":""},"mobile":{"background-color":"","background-image":"","background-repeat":"repeat","background-position":"center center","background-size":"auto","background-attachment":"scroll","background-type":"","background-media":"","overlay-type":"","overlay-color":"","overlay-opacity":"","overlay-gradient":""}},"ast-content-background-meta":{"desktop":{"background-color":"var(--ast-global-color-5)","background-image":"","background-repeat":"repeat","background-position":"center center","background-size":"auto","background-attachment":"scroll","background-type":"","background-media":"","overlay-type":"","overlay-color":"","overlay-opacity":"","overlay-gradient":""},"tablet":{"background-color":"var(--ast-global-color-5)","background-image":"","background-repeat":"repeat","background-position":"center center","background-size":"auto","background-attachment":"scroll","background-type":"","background-media":"","overlay-type":"","overlay-color":"","overlay-opacity":"","overlay-gradient":""},"mobile":{"background-color":"var(--ast-global-color-5)","background-image":"","background-repeat":"repeat","background-position":"center center","background-size":"auto","background-attachment":"scroll","background-type":"","background-media":"","overlay-type":"","overlay-color":"","overlay-opacity":"","overlay-gradient":""}}},"product_brand":[],"product_cat":[252],"product_tag":[],"class_list":{"0":"post-6542","1":"product","2":"type-product","3":"status-publish","4":"has-post-thumbnail","6":"product_cat-ninos","7":"desktop-align-left","8":"tablet-align-left","9":"mobile-align-left","11":"first","12":"instock","13":"shipping-taxable","14":"purchasable","15":"product-type-variable"},"yoast_head":"<!-- This site is optimized with the Yoast SEO plugin v27.2 - https:\/\/yoast.com\/product\/yoast-seo-wordpress\/ -->\n<title>Camiseta ni\u00f1os Aclara tu mente<\/title>\n<meta name=\"description\" content=\"Camiseta ni\u00f1os Aclara tu mente: Descubre una fusi\u00f3n de comodidad y estilo vibrante para los m\u00e1s peque\u00f1os. Con colores intensos y una inspiradora frase.\" \/>\n<meta name=\"robots\" content=\"index, follow, max-snippet:-1, max-image-preview:large, max-video-preview:-1\" \/>\n<link rel=\"canonical\" href=\"https:\/\/comercializadoraromo-cdmx.com\/t10\/aclara-tu-mente\/\" \/>\n<meta property=\"og:locale\" content=\"es_ES\" \/>\n<meta property=\"og:type\" content=\"article\" \/>\n<meta property=\"og:title\" content=\"Camiseta ni\u00f1os Aclara tu mente\" \/>\n<meta property=\"og:description\" content=\"Camiseta ni\u00f1os Aclara tu mente: Descubre una fusi\u00f3n de comodidad y estilo vibrante para los m\u00e1s peque\u00f1os. Con colores intensos y una inspiradora frase.\" \/>\n<meta property=\"og:url\" content=\"https:\/\/comercializadoraromo-cdmx.com\/t10\/aclara-tu-mente\/\" \/>\n<meta property=\"og:site_name\" content=\"Productos sostenibles para un futuro mejor. \u00danete al cambio hoy\" \/>\n<meta property=\"article:publisher\" content=\"https:\/\/www.facebook.com\/share\/15DBPCzVEuE\/\" \/>\n<meta property=\"article:modified_time\" content=\"2024-10-16T15:25:59+00:00\" \/>\n<meta property=\"og:image\" content=\"https:\/\/comercializadoraromo-cdmx.com\/t10\/wp-content\/uploads\/2024\/08\/1e7e919e-c295-4a80-8bb0-f30007e5a744.webp\" \/>\n\t<meta property=\"og:image:width\" content=\"2048\" \/>\n\t<meta property=\"og:image:height\" content=\"2048\" \/>\n\t<meta property=\"og:image:type\" content=\"image\/webp\" \/>\n<meta name=\"twitter:card\" content=\"summary_large_image\" \/>\n<meta name=\"twitter:label1\" content=\"Tiempo de lectura\" \/>\n\t<meta name=\"twitter:data1\" content=\"2 minutos\" \/>\n<script type=\"application\/ld+json\" class=\"yoast-schema-graph\">{\"@context\":\"https:\/\/schema.org\",\"@graph\":[{\"@type\":\"WebPage\",\"@id\":\"https:\/\/comercializadoraromo-cdmx.com\/t10\/aclara-tu-mente\/\",\"url\":\"https:\/\/comercializadoraromo-cdmx.com\/t10\/aclara-tu-mente\/\",\"name\":\"Camiseta ni\u00f1os Aclara tu mente\",\"isPartOf\":{\"@id\":\"https:\/\/comercializadoraromo-cdmx.com\/t10\/#website\"},\"primaryImageOfPage\":{\"@id\":\"https:\/\/comercializadoraromo-cdmx.com\/t10\/aclara-tu-mente\/#primaryimage\"},\"image\":{\"@id\":\"https:\/\/comercializadoraromo-cdmx.com\/t10\/aclara-tu-mente\/#primaryimage\"},\"thumbnailUrl\":\"https:\/\/comercializadoraromo-cdmx.com\/t10\/wp-content\/uploads\/2024\/08\/1e7e919e-c295-4a80-8bb0-f30007e5a744.webp\",\"datePublished\":\"2024-08-01T21:56:20+00:00\",\"dateModified\":\"2024-10-16T15:25:59+00:00\",\"description\":\"Camiseta ni\u00f1os Aclara tu mente: Descubre una fusi\u00f3n de comodidad y estilo vibrante para los m\u00e1s peque\u00f1os. Con colores intensos y una inspiradora frase.\",\"breadcrumb\":{\"@id\":\"https:\/\/comercializadoraromo-cdmx.com\/t10\/aclara-tu-mente\/#breadcrumb\"},\"inLanguage\":\"es\",\"potentialAction\":[{\"@type\":\"ReadAction\",\"target\":[\"https:\/\/comercializadoraromo-cdmx.com\/t10\/aclara-tu-mente\/\"]}]},{\"@type\":\"ImageObject\",\"inLanguage\":\"es\",\"@id\":\"https:\/\/comercializadoraromo-cdmx.com\/t10\/aclara-tu-mente\/#primaryimage\",\"url\":\"https:\/\/comercializadoraromo-cdmx.com\/t10\/wp-content\/uploads\/2024\/08\/1e7e919e-c295-4a80-8bb0-f30007e5a744.webp\",\"contentUrl\":\"https:\/\/comercializadoraromo-cdmx.com\/t10\/wp-content\/uploads\/2024\/08\/1e7e919e-c295-4a80-8bb0-f30007e5a744.webp\",\"width\":2048,\"height\":2048,\"caption\":\"Fomenta la positividad en los ni\u00f1os: Camiseta 'Aclara tu mente' para los m\u00e1s peque\u00f1os.\"},{\"@type\":\"BreadcrumbList\",\"@id\":\"https:\/\/comercializadoraromo-cdmx.com\/t10\/aclara-tu-mente\/#breadcrumb\",\"itemListElement\":[{\"@type\":\"ListItem\",\"position\":1,\"name\":\"Portada\",\"item\":\"https:\/\/comercializadoraromo-cdmx.com\/t10\/\"},{\"@type\":\"ListItem\",\"position\":2,\"name\":\"Tienda Moda Sustentable Certificada en M\u00e9xico | RoMo\",\"item\":\"https:\/\/comercializadoraromo-cdmx.com\/t10\/tienda\/\"},{\"@type\":\"ListItem\",\"position\":3,\"name\":\"Camiseta ni\u00f1os Aclara tu mente\"}]},{\"@type\":\"WebSite\",\"@id\":\"https:\/\/comercializadoraromo-cdmx.com\/t10\/#website\",\"url\":\"https:\/\/comercializadoraromo-cdmx.com\/t10\/\",\"name\":\"Comercializadora RoMo\",\"description\":\"Productos sostenibles para un futuro mejor. \u00danete al cambio hoy\",\"publisher\":{\"@id\":\"https:\/\/comercializadoraromo-cdmx.com\/t10\/#organization\"},\"potentialAction\":[{\"@type\":\"SearchAction\",\"target\":{\"@type\":\"EntryPoint\",\"urlTemplate\":\"https:\/\/comercializadoraromo-cdmx.com\/t10\/?s={search_term_string}\"},\"query-input\":{\"@type\":\"PropertyValueSpecification\",\"valueRequired\":true,\"valueName\":\"search_term_string\"}}],\"inLanguage\":\"es\"},{\"@type\":\"Organization\",\"@id\":\"https:\/\/comercializadoraromo-cdmx.com\/t10\/#organization\",\"name\":\"Comercializadora RoMo\",\"url\":\"https:\/\/comercializadoraromo-cdmx.com\/t10\/\",\"logo\":{\"@type\":\"ImageObject\",\"inLanguage\":\"es\",\"@id\":\"https:\/\/comercializadoraromo-cdmx.com\/t10\/#\/schema\/logo\/image\/\",\"url\":\"https:\/\/comercializadoraromo-cdmx.com\/t10\/wp-content\/uploads\/2024\/01\/cropped-Logo-comercializadora-scaled-1.webp\",\"contentUrl\":\"https:\/\/comercializadoraromo-cdmx.com\/t10\/wp-content\/uploads\/2024\/01\/cropped-Logo-comercializadora-scaled-1.webp\",\"width\":2472,\"height\":1700,\"caption\":\"Comercializadora RoMo\"},\"image\":{\"@id\":\"https:\/\/comercializadoraromo-cdmx.com\/t10\/#\/schema\/logo\/image\/\"},\"sameAs\":[\"https:\/\/www.facebook.com\/share\/15DBPCzVEuE\/\"]}]}<\/script>\n<!-- \/ Yoast SEO plugin. -->","yoast_head_json":{"title":"Camiseta ni\u00f1os Aclara tu mente","description":"Camiseta ni\u00f1os Aclara tu mente: Descubre una fusi\u00f3n de comodidad y estilo vibrante para los m\u00e1s peque\u00f1os. Con colores intensos y una inspiradora frase.","robots":{"index":"index","follow":"follow","max-snippet":"max-snippet:-1","max-image-preview":"max-image-preview:large","max-video-preview":"max-video-preview:-1"},"canonical":"https:\/\/comercializadoraromo-cdmx.com\/t10\/aclara-tu-mente\/","og_locale":"es_ES","og_type":"article","og_title":"Camiseta ni\u00f1os Aclara tu mente","og_description":"Camiseta ni\u00f1os Aclara tu mente: Descubre una fusi\u00f3n de comodidad y estilo vibrante para los m\u00e1s peque\u00f1os. Con colores intensos y una inspiradora frase.","og_url":"https:\/\/comercializadoraromo-cdmx.com\/t10\/aclara-tu-mente\/","og_site_name":"Productos sostenibles para un futuro mejor. \u00danete al cambio hoy","article_publisher":"https:\/\/www.facebook.com\/share\/15DBPCzVEuE\/","article_modified_time":"2024-10-16T15:25:59+00:00","og_image":[{"width":2048,"height":2048,"url":"https:\/\/comercializadoraromo-cdmx.com\/t10\/wp-content\/uploads\/2024\/08\/1e7e919e-c295-4a80-8bb0-f30007e5a744.webp","type":"image\/webp"}],"twitter_card":"summary_large_image","twitter_misc":{"Tiempo de lectura":"2 minutos"},"schema":{"@context":"https:\/\/schema.org","@graph":[{"@type":"WebPage","@id":"https:\/\/comercializadoraromo-cdmx.com\/t10\/aclara-tu-mente\/","url":"https:\/\/comercializadoraromo-cdmx.com\/t10\/aclara-tu-mente\/","name":"Camiseta ni\u00f1os Aclara tu mente","isPartOf":{"@id":"https:\/\/comercializadoraromo-cdmx.com\/t10\/#website"},"primaryImageOfPage":{"@id":"https:\/\/comercializadoraromo-cdmx.com\/t10\/aclara-tu-mente\/#primaryimage"},"image":{"@id":"https:\/\/comercializadoraromo-cdmx.com\/t10\/aclara-tu-mente\/#primaryimage"},"thumbnailUrl":"https:\/\/comercializadoraromo-cdmx.com\/t10\/wp-content\/uploads\/2024\/08\/1e7e919e-c295-4a80-8bb0-f30007e5a744.webp","datePublished":"2024-08-01T21:56:20+00:00","dateModified":"2024-10-16T15:25:59+00:00","description":"Camiseta ni\u00f1os Aclara tu mente: Descubre una fusi\u00f3n de comodidad y estilo vibrante para los m\u00e1s peque\u00f1os. Con colores intensos y una inspiradora frase.","breadcrumb":{"@id":"https:\/\/comercializadoraromo-cdmx.com\/t10\/aclara-tu-mente\/#breadcrumb"},"inLanguage":"es","potentialAction":[{"@type":"ReadAction","target":["https:\/\/comercializadoraromo-cdmx.com\/t10\/aclara-tu-mente\/"]}]},{"@type":"ImageObject","inLanguage":"es","@id":"https:\/\/comercializadoraromo-cdmx.com\/t10\/aclara-tu-mente\/#primaryimage","url":"https:\/\/comercializadoraromo-cdmx.com\/t10\/wp-content\/uploads\/2024\/08\/1e7e919e-c295-4a80-8bb0-f30007e5a744.webp","contentUrl":"https:\/\/comercializadoraromo-cdmx.com\/t10\/wp-content\/uploads\/2024\/08\/1e7e919e-c295-4a80-8bb0-f30007e5a744.webp","width":2048,"height":2048,"caption":"Fomenta la positividad en los ni\u00f1os: Camiseta 'Aclara tu mente' para los m\u00e1s peque\u00f1os."},{"@type":"BreadcrumbList","@id":"https:\/\/comercializadoraromo-cdmx.com\/t10\/aclara-tu-mente\/#breadcrumb","itemListElement":[{"@type":"ListItem","position":1,"name":"Portada","item":"https:\/\/comercializadoraromo-cdmx.com\/t10\/"},{"@type":"ListItem","position":2,"name":"Tienda Moda Sustentable Certificada en M\u00e9xico | RoMo","item":"https:\/\/comercializadoraromo-cdmx.com\/t10\/tienda\/"},{"@type":"ListItem","position":3,"name":"Camiseta ni\u00f1os Aclara tu mente"}]},{"@type":"WebSite","@id":"https:\/\/comercializadoraromo-cdmx.com\/t10\/#website","url":"https:\/\/comercializadoraromo-cdmx.com\/t10\/","name":"Comercializadora RoMo","description":"Productos sostenibles para un futuro mejor. \u00danete al cambio hoy","publisher":{"@id":"https:\/\/comercializadoraromo-cdmx.com\/t10\/#organization"},"potentialAction":[{"@type":"SearchAction","target":{"@type":"EntryPoint","urlTemplate":"https:\/\/comercializadoraromo-cdmx.com\/t10\/?s={search_term_string}"},"query-input":{"@type":"PropertyValueSpecification","valueRequired":true,"valueName":"search_term_string"}}],"inLanguage":"es"},{"@type":"Organization","@id":"https:\/\/comercializadoraromo-cdmx.com\/t10\/#organization","name":"Comercializadora RoMo","url":"https:\/\/comercializadoraromo-cdmx.com\/t10\/","logo":{"@type":"ImageObject","inLanguage":"es","@id":"https:\/\/comercializadoraromo-cdmx.com\/t10\/#\/schema\/logo\/image\/","url":"https:\/\/comercializadoraromo-cdmx.com\/t10\/wp-content\/uploads\/2024\/01\/cropped-Logo-comercializadora-scaled-1.webp","contentUrl":"https:\/\/comercializadoraromo-cdmx.com\/t10\/wp-content\/uploads\/2024\/01\/cropped-Logo-comercializadora-scaled-1.webp","width":2472,"height":1700,"caption":"Comercializadora RoMo"},"image":{"@id":"https:\/\/comercializadoraromo-cdmx.com\/t10\/#\/schema\/logo\/image\/"},"sameAs":["https:\/\/www.facebook.com\/share\/15DBPCzVEuE\/"]}]}},"uagb_featured_image_src":{"full":["https:\/\/comercializadoraromo-cdmx.com\/t10\/wp-content\/uploads\/2024\/08\/1e7e919e-c295-4a80-8bb0-f30007e5a744.webp",2048,2048,false],"thumbnail":["https:\/\/comercializadoraromo-cdmx.com\/t10\/wp-content\/uploads\/2024\/08\/1e7e919e-c295-4a80-8bb0-f30007e5a744-150x150.webp",150,150,true],"medium":["https:\/\/comercializadoraromo-cdmx.com\/t10\/wp-content\/uploads\/2024\/08\/1e7e919e-c295-4a80-8bb0-f30007e5a744-300x300.webp",300,300,true],"medium_large":["https:\/\/comercializadoraromo-cdmx.com\/t10\/wp-content\/uploads\/2024\/08\/1e7e919e-c295-4a80-8bb0-f30007e5a744-768x768.webp",768,768,true],"large":["https:\/\/comercializadoraromo-cdmx.com\/t10\/wp-content\/uploads\/2024\/08\/1e7e919e-c295-4a80-8bb0-f30007e5a744-1024x1024.webp",1024,1024,true],"1536x1536":["https:\/\/comercializadoraromo-cdmx.com\/t10\/wp-content\/uploads\/2024\/08\/1e7e919e-c295-4a80-8bb0-f30007e5a744-1536x1536.webp",1536,1536,true],"2048x2048":["https:\/\/comercializadoraromo-cdmx.com\/t10\/wp-content\/uploads\/2024\/08\/1e7e919e-c295-4a80-8bb0-f30007e5a744.webp",2048,2048,false],"woocommerce_thumbnail":["https:\/\/comercializadoraromo-cdmx.com\/t10\/wp-content\/uploads\/2024\/08\/1e7e919e-c295-4a80-8bb0-f30007e5a744-300x300.webp",300,300,true],"woocommerce_single":["https:\/\/comercializadoraromo-cdmx.com\/t10\/wp-content\/uploads\/2024\/08\/1e7e919e-c295-4a80-8bb0-f30007e5a744-600x600.webp",600,600,true],"woocommerce_gallery_thumbnail":["https:\/\/comercializadoraromo-cdmx.com\/t10\/wp-content\/uploads\/2024\/08\/1e7e919e-c295-4a80-8bb0-f30007e5a744-100x100.webp",100,100,true]},"uagb_author_info":{"display_name":"eroblespimentel","author_link":"https:\/\/comercializadoraromo-cdmx.com\/t10\/author\/"},"uagb_comment_info":0,"uagb_excerpt":"Camiseta premium para ni\u00f1os con cuello redondo blanca","_links":{"self":[{"href":"https:\/\/comercializadoraromo-cdmx.com\/t10\/wp-json\/wp\/v2\/product\/6542","targetHints":{"allow":["GET"]}}],"collection":[{"href":"https:\/\/comercializadoraromo-cdmx.com\/t10\/wp-json\/wp\/v2\/product"}],"about":[{"href":"https:\/\/comercializadoraromo-cdmx.com\/t10\/wp-json\/wp\/v2\/types\/product"}],"wp:featuredmedia":[{"embeddable":true,"href":"https:\/\/comercializadoraromo-cdmx.com\/t10\/wp-json\/wp\/v2\/media\/7462"}],"wp:attachment":[{"href":"https:\/\/comercializadoraromo-cdmx.com\/t10\/wp-json\/wp\/v2\/media?parent=6542"}],"wp:term":[{"taxonomy":"product_brand","embeddable":true,"href":"https:\/\/comercializadoraromo-cdmx.com\/t10\/wp-json\/wp\/v2\/product_brand?post=6542"},{"taxonomy":"product_cat","embeddable":true,"href":"https:\/\/comercializadoraromo-cdmx.com\/t10\/wp-json\/wp\/v2\/product_cat?post=6542"},{"taxonomy":"product_tag","embeddable":true,"href":"https:\/\/comercializadoraromo-cdmx.com\/t10\/wp-json\/wp\/v2\/product_tag?post=6542"}],"curies":[{"name":"wp","href":"https:\/\/api.w.org\/{rel}","templated":true}]}}