{"id":5966,"date":"2024-03-06T22:36:31","date_gmt":"2024-03-06T22:36:31","guid":{"rendered":"https:\/\/comercializadoraromo-cdmx.com\/?post_type=product&#038;p=5966"},"modified":"2024-10-16T15:33:47","modified_gmt":"2024-10-16T15:33:47","slug":"elefante-cromatico","status":"publish","type":"product","link":"https:\/\/comercializadoraromo-cdmx.com\/t10\/elefante-cromatico\/","title":{"rendered":"Camiseta Unisex Elefante Crom\u00e1tico"},"content":{"rendered":"<div>\n<h2>Camiseta Elefante Crom\u00e1tico<\/h2>\n<p>Camiseta Unisex Manga 3\/4 Ragl\u00e1n: Elefante Crom\u00e1tico<\/p>\n<p>\u00bfBuscas una camiseta que haga una declaraci\u00f3n audaz? \u00a1No busques m\u00e1s! Nuestra camiseta con el impresionante elefante crom\u00e1tico es la elecci\u00f3n perfecta. Echa un vistazo a sus caracter\u00edsticas:<\/p>\n<ul>\n<li>Dise\u00f1o Vibrante: El elefante emerge de un torbellino de colores, creando un efecto visual \u00fanico. \u00a1Nunca pasar\u00e1s desapercibido!<\/li>\n<li>Mangas Ragl\u00e1n en Contraste: Las mangas ragl\u00e1n a\u00f1aden un toque moderno y deportivo. El contraste con los colores de la camiseta resalta a\u00fan m\u00e1s el dise\u00f1o.<\/li>\n<li>Comodidad Premium: Fabricada con suaves mezclas de algod\u00f3n peinado y ring-spun, esta camiseta es c\u00f3moda y duradera.<\/li>\n<li>Durabilidad Garantizada: El cuello y los hombros sellados aseguran que esta camiseta resista el uso diario.<\/li>\n<li>Ajuste Cl\u00e1sico: La elegante manga 3\/4 ajustada se adapta a todos los estilos y tallas.<\/li>\n<li>Fabricaci\u00f3n Bajo Demanda: No hay m\u00ednimos de compra. Obt\u00e9n la tuya ahora y lleva contigo este elefante crom\u00e1tico a donde quiera que vayas.<\/li>\n<\/ul>\n<p>\u00a1Compra la Tuya Hoy! &#x1f6d2;<\/p>\n<p>\u00a1Haz una declaraci\u00f3n de estilo con el Elefante Crom\u00e1tico en tu pecho! &#x1f418;&#x1f308;<\/p>\n<p>Gu\u00eda de tallas<\/p>\n<\/div>\n<table>\n<tbody>\n<tr>\n<td><\/td>\n<td><strong>S<\/strong><\/td>\n<td><strong>M<\/strong><\/td>\n<td><strong>L<\/strong><\/td>\n<td><strong>XL<\/strong><\/td>\n<td><strong>2XL<\/strong><\/td>\n<\/tr>\n<tr>\n<td><strong>A) Longitud (cm)<\/strong><\/td>\n<td>69.9<\/td>\n<td>72.4<\/td>\n<td>74.9<\/td>\n<td>77.5<\/td>\n<td>80<\/td>\n<\/tr>\n<tr>\n<td><strong>B) Medio pecho (cm)<\/strong><\/td>\n<td>44.8<\/td>\n<td>49.9<\/td>\n<td>54.9<\/td>\n<td>60<\/td>\n<td>65.1<\/td>\n<\/tr>\n<tr>\n<td><strong>C) Longitud de la manga (cm)<\/strong><\/td>\n<td>60.2<\/td>\n<td>62.1<\/td>\n<td>64<\/td>\n<td>65.9<\/td>\n<td>67.8<\/td>\n<\/tr>\n<\/tbody>\n<\/table>\n<table>\n<tbody>\n<tr>\n<td><\/td>\n<td><strong>S<\/strong><\/td>\n<td><strong>M<\/strong><\/td>\n<td><strong>L<\/strong><\/td>\n<td><strong>XL<\/strong><\/td>\n<td><strong>2XL<\/strong><\/td>\n<\/tr>\n<tr>\n<td><strong>A) Longitud (pulgadas)<\/strong><\/td>\n<td>27.5<\/td>\n<td>28.5<\/td>\n<td>29.5<\/td>\n<td>30.5<\/td>\n<td>31.5<\/td>\n<\/tr>\n<tr>\n<td><strong>B) Medio pecho (pulgadas)<\/strong><\/td>\n<td>17.6<\/td>\n<td>19.6<\/td>\n<td>21.6<\/td>\n<td>23.6<\/td>\n<td>25.6<\/td>\n<\/tr>\n<tr>\n<td><strong>C) Longitud de la manga (pulgadas)<\/strong><\/td>\n<td>23.7<\/td>\n<td>24.4<\/td>\n<td>25.2<\/td>\n<td>25.9<\/td>\n<td>26.7<\/td>\n<\/tr>\n<\/tbody>\n<\/table>\n<p>Instrucciones de cuidado<\/p>\n<table>\n<tbody>\n<tr>\n<td>Lavar<\/td>\n<td>Lavar a m\u00e1quina con agua tibia (m\u00e1ximo 40 \u00b0C o 105 \u00b0F), lavar la prenda del rev\u00e9s con colores similares.<\/td>\n<\/tr>\n<tr>\n<td>Secado<\/td>\n<td>Secar en secadora a baja temperatura.<\/td>\n<\/tr>\n<tr>\n<td>Solo<\/td>\n<td>lej\u00eda sin cloro<\/td>\n<\/tr>\n<tr>\n<td>Lavado en seco<\/td>\n<td>No limpiar en seco<\/td>\n<\/tr>\n<tr>\n<td>Planchar<\/td>\n<td>No planchar<\/td>\n<\/tr>\n<\/tbody>\n<\/table>\n","protected":false},"excerpt":{"rendered":"<p>\u00bfBuscas una camiseta que haga una declaraci\u00f3n audaz? \u00a1No busques m\u00e1s! Nuestra camiseta con el impresionante elefante crom\u00e1tico es la elecci\u00f3n perfecta. Echa un vistazo a sus caracter\u00edsticas:<\/p>\n","protected":false},"featured_media":6100,"template":"","meta":{"_uag_custom_page_level_css":"","site-sidebar-layout":"default","site-content-layout":"","ast-site-content-layout":"default","site-content-style":"default","site-sidebar-style":"default","ast-global-header-display":"","ast-banner-title-visibility":"","ast-main-header-display":"","ast-hfb-above-header-display":"","ast-hfb-below-header-display":"","ast-hfb-mobile-header-display":"","site-post-title":"","ast-breadcrumbs-content":"","ast-featured-img":"","footer-sml-layout":"","theme-transparent-header-meta":"default","adv-header-id-meta":"","stick-header-meta":"","header-above-stick-meta":"","header-main-stick-meta":"","header-below-stick-meta":"","astra-migrate-meta-layouts":"set","ast-page-background-enabled":"default","ast-page-background-meta":{"desktop":{"background-color":"","background-image":"","background-repeat":"repeat","background-position":"center center","background-size":"auto","background-attachment":"scroll","background-type":"","background-media":"","overlay-type":"","overlay-color":"","overlay-opacity":"","overlay-gradient":""},"tablet":{"background-color":"","background-image":"","background-repeat":"repeat","background-position":"center center","background-size":"auto","background-attachment":"scroll","background-type":"","background-media":"","overlay-type":"","overlay-color":"","overlay-opacity":"","overlay-gradient":""},"mobile":{"background-color":"","background-image":"","background-repeat":"repeat","background-position":"center center","background-size":"auto","background-attachment":"scroll","background-type":"","background-media":"","overlay-type":"","overlay-color":"","overlay-opacity":"","overlay-gradient":""}},"ast-content-background-meta":{"desktop":{"background-color":"var(--ast-global-color-5)","background-image":"","background-repeat":"repeat","background-position":"center center","background-size":"auto","background-attachment":"scroll","background-type":"","background-media":"","overlay-type":"","overlay-color":"","overlay-opacity":"","overlay-gradient":""},"tablet":{"background-color":"var(--ast-global-color-5)","background-image":"","background-repeat":"repeat","background-position":"center center","background-size":"auto","background-attachment":"scroll","background-type":"","background-media":"","overlay-type":"","overlay-color":"","overlay-opacity":"","overlay-gradient":""},"mobile":{"background-color":"var(--ast-global-color-5)","background-image":"","background-repeat":"repeat","background-position":"center center","background-size":"auto","background-attachment":"scroll","background-type":"","background-media":"","overlay-type":"","overlay-color":"","overlay-opacity":"","overlay-gradient":""}}},"product_brand":[],"product_cat":[196],"product_tag":[],"class_list":{"0":"post-5966","1":"product","2":"type-product","3":"status-publish","4":"has-post-thumbnail","6":"product_cat-camiseta-de-algodon","7":"desktop-align-left","8":"tablet-align-left","9":"mobile-align-left","11":"first","12":"instock","13":"shipping-taxable","14":"purchasable","15":"product-type-variable"},"yoast_head":"<!-- This site is optimized with the Yoast SEO plugin v27.2 - https:\/\/yoast.com\/product\/yoast-seo-wordpress\/ -->\n<title>Camiseta Unisex Elefante Crom\u00e1tico<\/title>\n<meta name=\"description\" content=\"\u00bfBuscas una camiseta que haga una declaraci\u00f3n audaz? Nuestra camiseta con el impresionante elefante crom\u00e1tico es la elecci\u00f3n perfecta.\" \/>\n<meta name=\"robots\" content=\"index, follow, max-snippet:-1, max-image-preview:large, max-video-preview:-1\" \/>\n<link rel=\"canonical\" href=\"https:\/\/comercializadoraromo-cdmx.com\/t10\/elefante-cromatico\/\" \/>\n<meta property=\"og:locale\" content=\"es_ES\" \/>\n<meta property=\"og:type\" content=\"article\" \/>\n<meta property=\"og:title\" content=\"Camiseta Unisex Elefante Crom\u00e1tico\" \/>\n<meta property=\"og:description\" content=\"\u00bfBuscas una camiseta que haga una declaraci\u00f3n audaz? Nuestra camiseta con el impresionante elefante crom\u00e1tico es la elecci\u00f3n perfecta.\" \/>\n<meta property=\"og:url\" content=\"https:\/\/comercializadoraromo-cdmx.com\/t10\/elefante-cromatico\/\" \/>\n<meta property=\"og:site_name\" content=\"Productos sostenibles para un futuro mejor. \u00danete al cambio hoy\" \/>\n<meta property=\"article:publisher\" content=\"https:\/\/www.facebook.com\/share\/15DBPCzVEuE\/\" \/>\n<meta property=\"article:modified_time\" content=\"2024-10-16T15:33:47+00:00\" \/>\n<meta property=\"og:image\" content=\"https:\/\/comercializadoraromo-cdmx.com\/t10\/wp-content\/uploads\/2024\/06\/98aee1e1-c0ae-4e6b-9d59-340dcaaf5530.webp\" \/>\n\t<meta property=\"og:image:width\" content=\"1900\" \/>\n\t<meta property=\"og:image:height\" content=\"1900\" \/>\n\t<meta property=\"og:image:type\" content=\"image\/webp\" \/>\n<meta name=\"twitter:card\" content=\"summary_large_image\" \/>\n<meta name=\"twitter:label1\" content=\"Tiempo de lectura\" \/>\n\t<meta name=\"twitter:data1\" content=\"2 minutos\" \/>\n<script type=\"application\/ld+json\" class=\"yoast-schema-graph\">{\"@context\":\"https:\/\/schema.org\",\"@graph\":[{\"@type\":\"WebPage\",\"@id\":\"https:\/\/comercializadoraromo-cdmx.com\/t10\/elefante-cromatico\/\",\"url\":\"https:\/\/comercializadoraromo-cdmx.com\/t10\/elefante-cromatico\/\",\"name\":\"Camiseta Unisex Elefante Crom\u00e1tico\",\"isPartOf\":{\"@id\":\"https:\/\/comercializadoraromo-cdmx.com\/t10\/#website\"},\"primaryImageOfPage\":{\"@id\":\"https:\/\/comercializadoraromo-cdmx.com\/t10\/elefante-cromatico\/#primaryimage\"},\"image\":{\"@id\":\"https:\/\/comercializadoraromo-cdmx.com\/t10\/elefante-cromatico\/#primaryimage\"},\"thumbnailUrl\":\"https:\/\/comercializadoraromo-cdmx.com\/t10\/wp-content\/uploads\/2024\/06\/98aee1e1-c0ae-4e6b-9d59-340dcaaf5530.webp\",\"datePublished\":\"2024-03-06T22:36:31+00:00\",\"dateModified\":\"2024-10-16T15:33:47+00:00\",\"description\":\"\u00bfBuscas una camiseta que haga una declaraci\u00f3n audaz? Nuestra camiseta con el impresionante elefante crom\u00e1tico es la elecci\u00f3n perfecta.\",\"breadcrumb\":{\"@id\":\"https:\/\/comercializadoraromo-cdmx.com\/t10\/elefante-cromatico\/#breadcrumb\"},\"inLanguage\":\"es\",\"potentialAction\":[{\"@type\":\"ReadAction\",\"target\":[\"https:\/\/comercializadoraromo-cdmx.com\/t10\/elefante-cromatico\/\"]}]},{\"@type\":\"ImageObject\",\"inLanguage\":\"es\",\"@id\":\"https:\/\/comercializadoraromo-cdmx.com\/t10\/elefante-cromatico\/#primaryimage\",\"url\":\"https:\/\/comercializadoraromo-cdmx.com\/t10\/wp-content\/uploads\/2024\/06\/98aee1e1-c0ae-4e6b-9d59-340dcaaf5530.webp\",\"contentUrl\":\"https:\/\/comercializadoraromo-cdmx.com\/t10\/wp-content\/uploads\/2024\/06\/98aee1e1-c0ae-4e6b-9d59-340dcaaf5530.webp\",\"width\":1900,\"height\":1900,\"caption\":\"Camiseta Unisex Manga 3\/4 Ragl\u00e1n: Elefante Crom\u00e1tico Rojo\"},{\"@type\":\"BreadcrumbList\",\"@id\":\"https:\/\/comercializadoraromo-cdmx.com\/t10\/elefante-cromatico\/#breadcrumb\",\"itemListElement\":[{\"@type\":\"ListItem\",\"position\":1,\"name\":\"Portada\",\"item\":\"https:\/\/comercializadoraromo-cdmx.com\/t10\/\"},{\"@type\":\"ListItem\",\"position\":2,\"name\":\"Tienda Moda Sustentable Certificada en M\u00e9xico | RoMo\",\"item\":\"https:\/\/comercializadoraromo-cdmx.com\/t10\/tienda\/\"},{\"@type\":\"ListItem\",\"position\":3,\"name\":\"Camiseta Unisex Elefante Crom\u00e1tico\"}]},{\"@type\":\"WebSite\",\"@id\":\"https:\/\/comercializadoraromo-cdmx.com\/t10\/#website\",\"url\":\"https:\/\/comercializadoraromo-cdmx.com\/t10\/\",\"name\":\"Comercializadora RoMo\",\"description\":\"Productos sostenibles para un futuro mejor. \u00danete al cambio hoy\",\"publisher\":{\"@id\":\"https:\/\/comercializadoraromo-cdmx.com\/t10\/#organization\"},\"potentialAction\":[{\"@type\":\"SearchAction\",\"target\":{\"@type\":\"EntryPoint\",\"urlTemplate\":\"https:\/\/comercializadoraromo-cdmx.com\/t10\/?s={search_term_string}\"},\"query-input\":{\"@type\":\"PropertyValueSpecification\",\"valueRequired\":true,\"valueName\":\"search_term_string\"}}],\"inLanguage\":\"es\"},{\"@type\":\"Organization\",\"@id\":\"https:\/\/comercializadoraromo-cdmx.com\/t10\/#organization\",\"name\":\"Comercializadora RoMo\",\"url\":\"https:\/\/comercializadoraromo-cdmx.com\/t10\/\",\"logo\":{\"@type\":\"ImageObject\",\"inLanguage\":\"es\",\"@id\":\"https:\/\/comercializadoraromo-cdmx.com\/t10\/#\/schema\/logo\/image\/\",\"url\":\"https:\/\/comercializadoraromo-cdmx.com\/t10\/wp-content\/uploads\/2024\/01\/cropped-Logo-comercializadora-scaled-1.webp\",\"contentUrl\":\"https:\/\/comercializadoraromo-cdmx.com\/t10\/wp-content\/uploads\/2024\/01\/cropped-Logo-comercializadora-scaled-1.webp\",\"width\":2472,\"height\":1700,\"caption\":\"Comercializadora RoMo\"},\"image\":{\"@id\":\"https:\/\/comercializadoraromo-cdmx.com\/t10\/#\/schema\/logo\/image\/\"},\"sameAs\":[\"https:\/\/www.facebook.com\/share\/15DBPCzVEuE\/\"]}]}<\/script>\n<!-- \/ Yoast SEO plugin. -->","yoast_head_json":{"title":"Camiseta Unisex Elefante Crom\u00e1tico","description":"\u00bfBuscas una camiseta que haga una declaraci\u00f3n audaz? Nuestra camiseta con el impresionante elefante crom\u00e1tico es la elecci\u00f3n perfecta.","robots":{"index":"index","follow":"follow","max-snippet":"max-snippet:-1","max-image-preview":"max-image-preview:large","max-video-preview":"max-video-preview:-1"},"canonical":"https:\/\/comercializadoraromo-cdmx.com\/t10\/elefante-cromatico\/","og_locale":"es_ES","og_type":"article","og_title":"Camiseta Unisex Elefante Crom\u00e1tico","og_description":"\u00bfBuscas una camiseta que haga una declaraci\u00f3n audaz? Nuestra camiseta con el impresionante elefante crom\u00e1tico es la elecci\u00f3n perfecta.","og_url":"https:\/\/comercializadoraromo-cdmx.com\/t10\/elefante-cromatico\/","og_site_name":"Productos sostenibles para un futuro mejor. \u00danete al cambio hoy","article_publisher":"https:\/\/www.facebook.com\/share\/15DBPCzVEuE\/","article_modified_time":"2024-10-16T15:33:47+00:00","og_image":[{"width":1900,"height":1900,"url":"https:\/\/comercializadoraromo-cdmx.com\/t10\/wp-content\/uploads\/2024\/06\/98aee1e1-c0ae-4e6b-9d59-340dcaaf5530.webp","type":"image\/webp"}],"twitter_card":"summary_large_image","twitter_misc":{"Tiempo de lectura":"2 minutos"},"schema":{"@context":"https:\/\/schema.org","@graph":[{"@type":"WebPage","@id":"https:\/\/comercializadoraromo-cdmx.com\/t10\/elefante-cromatico\/","url":"https:\/\/comercializadoraromo-cdmx.com\/t10\/elefante-cromatico\/","name":"Camiseta Unisex Elefante Crom\u00e1tico","isPartOf":{"@id":"https:\/\/comercializadoraromo-cdmx.com\/t10\/#website"},"primaryImageOfPage":{"@id":"https:\/\/comercializadoraromo-cdmx.com\/t10\/elefante-cromatico\/#primaryimage"},"image":{"@id":"https:\/\/comercializadoraromo-cdmx.com\/t10\/elefante-cromatico\/#primaryimage"},"thumbnailUrl":"https:\/\/comercializadoraromo-cdmx.com\/t10\/wp-content\/uploads\/2024\/06\/98aee1e1-c0ae-4e6b-9d59-340dcaaf5530.webp","datePublished":"2024-03-06T22:36:31+00:00","dateModified":"2024-10-16T15:33:47+00:00","description":"\u00bfBuscas una camiseta que haga una declaraci\u00f3n audaz? Nuestra camiseta con el impresionante elefante crom\u00e1tico es la elecci\u00f3n perfecta.","breadcrumb":{"@id":"https:\/\/comercializadoraromo-cdmx.com\/t10\/elefante-cromatico\/#breadcrumb"},"inLanguage":"es","potentialAction":[{"@type":"ReadAction","target":["https:\/\/comercializadoraromo-cdmx.com\/t10\/elefante-cromatico\/"]}]},{"@type":"ImageObject","inLanguage":"es","@id":"https:\/\/comercializadoraromo-cdmx.com\/t10\/elefante-cromatico\/#primaryimage","url":"https:\/\/comercializadoraromo-cdmx.com\/t10\/wp-content\/uploads\/2024\/06\/98aee1e1-c0ae-4e6b-9d59-340dcaaf5530.webp","contentUrl":"https:\/\/comercializadoraromo-cdmx.com\/t10\/wp-content\/uploads\/2024\/06\/98aee1e1-c0ae-4e6b-9d59-340dcaaf5530.webp","width":1900,"height":1900,"caption":"Camiseta Unisex Manga 3\/4 Ragl\u00e1n: Elefante Crom\u00e1tico Rojo"},{"@type":"BreadcrumbList","@id":"https:\/\/comercializadoraromo-cdmx.com\/t10\/elefante-cromatico\/#breadcrumb","itemListElement":[{"@type":"ListItem","position":1,"name":"Portada","item":"https:\/\/comercializadoraromo-cdmx.com\/t10\/"},{"@type":"ListItem","position":2,"name":"Tienda Moda Sustentable Certificada en M\u00e9xico | RoMo","item":"https:\/\/comercializadoraromo-cdmx.com\/t10\/tienda\/"},{"@type":"ListItem","position":3,"name":"Camiseta Unisex Elefante Crom\u00e1tico"}]},{"@type":"WebSite","@id":"https:\/\/comercializadoraromo-cdmx.com\/t10\/#website","url":"https:\/\/comercializadoraromo-cdmx.com\/t10\/","name":"Comercializadora RoMo","description":"Productos sostenibles para un futuro mejor. \u00danete al cambio hoy","publisher":{"@id":"https:\/\/comercializadoraromo-cdmx.com\/t10\/#organization"},"potentialAction":[{"@type":"SearchAction","target":{"@type":"EntryPoint","urlTemplate":"https:\/\/comercializadoraromo-cdmx.com\/t10\/?s={search_term_string}"},"query-input":{"@type":"PropertyValueSpecification","valueRequired":true,"valueName":"search_term_string"}}],"inLanguage":"es"},{"@type":"Organization","@id":"https:\/\/comercializadoraromo-cdmx.com\/t10\/#organization","name":"Comercializadora RoMo","url":"https:\/\/comercializadoraromo-cdmx.com\/t10\/","logo":{"@type":"ImageObject","inLanguage":"es","@id":"https:\/\/comercializadoraromo-cdmx.com\/t10\/#\/schema\/logo\/image\/","url":"https:\/\/comercializadoraromo-cdmx.com\/t10\/wp-content\/uploads\/2024\/01\/cropped-Logo-comercializadora-scaled-1.webp","contentUrl":"https:\/\/comercializadoraromo-cdmx.com\/t10\/wp-content\/uploads\/2024\/01\/cropped-Logo-comercializadora-scaled-1.webp","width":2472,"height":1700,"caption":"Comercializadora RoMo"},"image":{"@id":"https:\/\/comercializadoraromo-cdmx.com\/t10\/#\/schema\/logo\/image\/"},"sameAs":["https:\/\/www.facebook.com\/share\/15DBPCzVEuE\/"]}]}},"uagb_featured_image_src":{"full":["https:\/\/comercializadoraromo-cdmx.com\/t10\/wp-content\/uploads\/2024\/06\/98aee1e1-c0ae-4e6b-9d59-340dcaaf5530.webp",1900,1900,false],"thumbnail":["https:\/\/comercializadoraromo-cdmx.com\/t10\/wp-content\/uploads\/2024\/06\/98aee1e1-c0ae-4e6b-9d59-340dcaaf5530-150x150.webp",150,150,true],"medium":["https:\/\/comercializadoraromo-cdmx.com\/t10\/wp-content\/uploads\/2024\/06\/98aee1e1-c0ae-4e6b-9d59-340dcaaf5530-300x300.webp",300,300,true],"medium_large":["https:\/\/comercializadoraromo-cdmx.com\/t10\/wp-content\/uploads\/2024\/06\/98aee1e1-c0ae-4e6b-9d59-340dcaaf5530-768x768.webp",768,768,true],"large":["https:\/\/comercializadoraromo-cdmx.com\/t10\/wp-content\/uploads\/2024\/06\/98aee1e1-c0ae-4e6b-9d59-340dcaaf5530-1024x1024.webp",1024,1024,true],"1536x1536":["https:\/\/comercializadoraromo-cdmx.com\/t10\/wp-content\/uploads\/2024\/06\/98aee1e1-c0ae-4e6b-9d59-340dcaaf5530-1536x1536.webp",1536,1536,true],"2048x2048":["https:\/\/comercializadoraromo-cdmx.com\/t10\/wp-content\/uploads\/2024\/06\/98aee1e1-c0ae-4e6b-9d59-340dcaaf5530.webp",1900,1900,false],"woocommerce_thumbnail":["https:\/\/comercializadoraromo-cdmx.com\/t10\/wp-content\/uploads\/2024\/06\/98aee1e1-c0ae-4e6b-9d59-340dcaaf5530-300x300.webp",300,300,true],"woocommerce_single":["https:\/\/comercializadoraromo-cdmx.com\/t10\/wp-content\/uploads\/2024\/06\/98aee1e1-c0ae-4e6b-9d59-340dcaaf5530-600x600.webp",600,600,true],"woocommerce_gallery_thumbnail":["https:\/\/comercializadoraromo-cdmx.com\/t10\/wp-content\/uploads\/2024\/06\/98aee1e1-c0ae-4e6b-9d59-340dcaaf5530-100x100.webp",100,100,true]},"uagb_author_info":{"display_name":"eroblespimentel","author_link":"https:\/\/comercializadoraromo-cdmx.com\/t10\/author\/"},"uagb_comment_info":0,"uagb_excerpt":"\u00bfBuscas una camiseta que haga una declaraci\u00f3n audaz? \u00a1No busques m\u00e1s! Nuestra camiseta con el impresionante elefante crom\u00e1tico es la elecci\u00f3n perfecta. Echa un vistazo a sus caracter\u00edsticas:","_links":{"self":[{"href":"https:\/\/comercializadoraromo-cdmx.com\/t10\/wp-json\/wp\/v2\/product\/5966","targetHints":{"allow":["GET"]}}],"collection":[{"href":"https:\/\/comercializadoraromo-cdmx.com\/t10\/wp-json\/wp\/v2\/product"}],"about":[{"href":"https:\/\/comercializadoraromo-cdmx.com\/t10\/wp-json\/wp\/v2\/types\/product"}],"wp:featuredmedia":[{"embeddable":true,"href":"https:\/\/comercializadoraromo-cdmx.com\/t10\/wp-json\/wp\/v2\/media\/6100"}],"wp:attachment":[{"href":"https:\/\/comercializadoraromo-cdmx.com\/t10\/wp-json\/wp\/v2\/media?parent=5966"}],"wp:term":[{"taxonomy":"product_brand","embeddable":true,"href":"https:\/\/comercializadoraromo-cdmx.com\/t10\/wp-json\/wp\/v2\/product_brand?post=5966"},{"taxonomy":"product_cat","embeddable":true,"href":"https:\/\/comercializadoraromo-cdmx.com\/t10\/wp-json\/wp\/v2\/product_cat?post=5966"},{"taxonomy":"product_tag","embeddable":true,"href":"https:\/\/comercializadoraromo-cdmx.com\/t10\/wp-json\/wp\/v2\/product_tag?post=5966"}],"curies":[{"name":"wp","href":"https:\/\/api.w.org\/{rel}","templated":true}]}}