{"id":5345,"date":"2024-02-16T00:27:11","date_gmt":"2024-02-16T00:27:11","guid":{"rendered":"https:\/\/comercializadoraromo-cdmx.com\/producto\/camiseta-premium-con-cuello-redondo-para-mujer-mi-angel\/"},"modified":"2024-10-16T15:28:14","modified_gmt":"2024-10-16T15:28:14","slug":"mi-angel","status":"publish","type":"product","link":"https:\/\/comercializadoraromo-cdmx.com\/t10\/mi-angel\/","title":{"rendered":"Camiseta premium Mi \u00e1ngel"},"content":{"rendered":"<div>\n<h2>Camiseta Premium con Cuello Redondo para Mujer: \u00abMi \u00c1ngel\u00bb<\/h2>\n<p><span style=\"font-size: 13.5pt;\">Descubre nuestra <em>Camiseta Premium con Cuello Redondo<\/em>, llamada \u00abMi \u00c1ngel\u00bb, una prenda que va m\u00e1s all\u00e1 de ser solo ropa; es un pedacito de cielo. Con un dise\u00f1o deslumbrante que presenta a dos \u00e1ngeles entre nubes de colores, esta camiseta te envuelve en una sensaci\u00f3n de serenidad y protecci\u00f3n. Despu\u00e9s de todo, \u00bfqui\u00e9n necesita alas cuando puedes llevar a tus \u00e1ngeles contigo a donde vayas?<\/span><\/p>\n<p><span style=\"font-size: 13.5pt;\">Caracter\u00edsticas Clave:<\/span><\/p>\n<p><span style=\"font-size: 13.5pt;\">&#8211; Corte Femenino Entallado: Esta camiseta realza tu figura, favoreciendo tu belleza natural y asegurando un ajuste perfecto.<br \/>\n&#8211; Hombros Enrollados Hacia Adelante: Disfruta de la comodidad durante todo el d\u00eda con un ajuste que combina estilo y confort sin esfuerzo.<br \/>\n&#8211; Mangas Elegantes y Ajustadas: Detalles sutiles que realmente marcan la diferencia en tu look.<br \/>\n&#8211; **100% Algod\u00f3n Peinado e Hilado en Anillos**: Experimenta una suavidad excepcional y durabilidad en cada fibra, perfecta para el uso diario.<br \/>\n&#8211; Cuello y Hombros Sellados: Dise\u00f1ada para perdurar, esta camiseta mantiene su calidad lavado tras lavado, resistiendo la prueba del tiempo.<br \/>\n&#8211; Tejido Ligero (4,2 oz\/y\u00b2 &#8211; 142,4 g\/m\u00b2): Material transpirable que la convierte en la opci\u00f3n ideal para cualquier ocasi\u00f3n, desde salidas informales hasta noches acogedoras en casa.<\/span><\/p>\n<h3>Personalizaci\u00f3n Celestial:<\/h3>\n<p><span style=\"font-size: 13.5pt;\">\u00bfQuieres hacer esta camiseta \u00fanica? Agrega un toque personal con un mensaje especial, nombre o fecha. Transforma esta prenda en un lienzo que refleje tu individualidad.<\/span><\/p>\n<h4>Compromiso Eco-Friendly:<\/h4>\n<p><span style=\"font-size: 13.5pt;\">Nuestra camiseta se produce bajo demanda, sin m\u00ednimos, lo que reduce significativamente el desperdicio y promueve pr\u00e1cticas respetuosas con el medio ambiente. Adem\u00e1s, cualquier \u00e1rea en blanco de tu dise\u00f1o se tratar\u00e1 como transparente durante el proceso de impresi\u00f3n, asegurando resultados \u00f3ptimos en cada pedido.<\/span><\/p>\n<p><span style=\"font-size: 13.5pt;\">\u00a1Lleva Tu \u00c1ngel Contigo!<\/span><\/p>\n<p><span style=\"font-size: 13.5pt;\">No esperes m\u00e1s. Haz clic en \u201cAgregar al Carrito\u201d y abraza la protecci\u00f3n y el estilo que te ofrece cada paso al llevar puesta tu camiseta \u00abMi \u00c1ngel\u00bb.<\/span><\/p>\n<p><strong>Gu\u00eda de tallas<\/strong><\/p>\n<\/div>\n<table>\n<tbody>\n<tr>\n<td><\/td>\n<td><strong>S<\/strong><\/td>\n<td><strong>M<\/strong><\/td>\n<td><strong>L<\/strong><\/td>\n<td><strong>XL<\/strong><\/td>\n<td><strong>2XL<\/strong><\/td>\n<\/tr>\n<tr>\n<td><strong>A) Longitud(cm)<\/strong><\/td>\n<td>66.7<\/td>\n<td>67.9<\/td>\n<td>69.5<\/td>\n<td>71.1<\/td>\n<td>72.7<\/td>\n<\/tr>\n<tr>\n<td><strong>B) Medio pecho (cm)<\/strong><\/td>\n<td>40.6<\/td>\n<td>42.5<\/td>\n<td>45.1<\/td>\n<td>47.6<\/td>\n<td>50.2<\/td>\n<\/tr>\n<\/tbody>\n<\/table>\n<table>\n<tbody>\n<tr>\n<td><\/td>\n<td><strong>S<\/strong><\/td>\n<td><strong>M<\/strong><\/td>\n<td><strong>L<\/strong><\/td>\n<td><strong>XL<\/strong><\/td>\n<td><strong>2XL<\/strong><\/td>\n<\/tr>\n<tr>\n<td><strong>A) Longitud(Pulgadas)<\/strong><\/td>\n<td>26.3<\/td>\n<td>26.7<\/td>\n<td>27.4<\/td>\n<td>28<\/td>\n<td>28.6<\/td>\n<\/tr>\n<tr>\n<td><strong>B) Medio pecho (Pulgadas)<\/strong><\/td>\n<td>16<\/td>\n<td>16.7<\/td>\n<td>17.8<\/td>\n<td>18.7<\/td>\n<td>19.8<\/td>\n<\/tr>\n<\/tbody>\n<\/table>\n<p><strong>Instrucciones de cuidado<\/strong><\/p>\n<table width=\"744\">\n<tbody>\n<tr>\n<td width=\"95\">Lavado<\/td>\n<td width=\"649\">Lavar a m\u00e1quina con agua tibia (m\u00e1ximo 40 \u00b0C o 105 \u00b0F), lavar la prenda del rev\u00e9s con colores similares.<\/td>\n<\/tr>\n<tr>\n<td width=\"95\">Secar en secadora<\/td>\n<td width=\"649\">Bajo<\/td>\n<\/tr>\n<tr>\n<td width=\"95\">Lej\u00eda<\/td>\n<td width=\"649\">Solo sin cloro<\/td>\n<\/tr>\n<tr>\n<td width=\"95\">Lavado en seco<\/td>\n<td width=\"649\">No lavar en seco<\/td>\n<\/tr>\n<tr>\n<td width=\"95\">Planchado<\/td>\n<td width=\"649\">No planchar<\/td>\n<\/tr>\n<\/tbody>\n<\/table>\n","protected":false},"excerpt":{"rendered":"<p><span style=\"vertical-align: inherit;\">Camiseta premium con cuello redondo para mujer: Mi \u00e1ngel. Esta camiseta es m\u00e1s que una prenda; es un pedacito de cielo. Con un dise\u00f1o de dos \u00e1ngeles en nubes de colores, te envuelve en una sensaci\u00f3n de serenidad y protecci\u00f3n. \u00bfQui\u00e9n necesita alas cuando puedes llevar a tus \u00e1ngeles contigo?<\/span><\/p>\n","protected":false},"featured_media":6196,"template":"","meta":{"_uag_custom_page_level_css":"","site-sidebar-layout":"default","site-content-layout":"","ast-site-content-layout":"default","site-content-style":"default","site-sidebar-style":"default","ast-global-header-display":"","ast-banner-title-visibility":"","ast-main-header-display":"","ast-hfb-above-header-display":"","ast-hfb-below-header-display":"","ast-hfb-mobile-header-display":"","site-post-title":"","ast-breadcrumbs-content":"","ast-featured-img":"","footer-sml-layout":"","theme-transparent-header-meta":"default","adv-header-id-meta":"","stick-header-meta":"","header-above-stick-meta":"","header-main-stick-meta":"","header-below-stick-meta":"","astra-migrate-meta-layouts":"set","ast-page-background-enabled":"default","ast-page-background-meta":{"desktop":{"background-color":"","background-image":"","background-repeat":"repeat","background-position":"center center","background-size":"auto","background-attachment":"scroll","background-type":"","background-media":"","overlay-type":"","overlay-color":"","overlay-opacity":"","overlay-gradient":""},"tablet":{"background-color":"","background-image":"","background-repeat":"repeat","background-position":"center center","background-size":"auto","background-attachment":"scroll","background-type":"","background-media":"","overlay-type":"","overlay-color":"","overlay-opacity":"","overlay-gradient":""},"mobile":{"background-color":"","background-image":"","background-repeat":"repeat","background-position":"center center","background-size":"auto","background-attachment":"scroll","background-type":"","background-media":"","overlay-type":"","overlay-color":"","overlay-opacity":"","overlay-gradient":""}},"ast-content-background-meta":{"desktop":{"background-color":"var(--ast-global-color-5)","background-image":"","background-repeat":"repeat","background-position":"center center","background-size":"auto","background-attachment":"scroll","background-type":"","background-media":"","overlay-type":"","overlay-color":"","overlay-opacity":"","overlay-gradient":""},"tablet":{"background-color":"var(--ast-global-color-5)","background-image":"","background-repeat":"repeat","background-position":"center center","background-size":"auto","background-attachment":"scroll","background-type":"","background-media":"","overlay-type":"","overlay-color":"","overlay-opacity":"","overlay-gradient":""},"mobile":{"background-color":"var(--ast-global-color-5)","background-image":"","background-repeat":"repeat","background-position":"center center","background-size":"auto","background-attachment":"scroll","background-type":"","background-media":"","overlay-type":"","overlay-color":"","overlay-opacity":"","overlay-gradient":""}}},"product_brand":[],"product_cat":[196],"product_tag":[],"class_list":{"0":"post-5345","1":"product","2":"type-product","3":"status-publish","4":"has-post-thumbnail","6":"product_cat-camiseta-de-algodon","7":"desktop-align-left","8":"tablet-align-left","9":"mobile-align-left","11":"first","12":"instock","13":"shipping-taxable","14":"purchasable","15":"product-type-variable"},"yoast_head":"<!-- This site is optimized with the Yoast SEO plugin v27.2 - https:\/\/yoast.com\/product\/yoast-seo-wordpress\/ -->\n<title>Camiseta premium Mi \u00e1ngel<\/title>\n<meta name=\"description\" content=\"Descubre la camiseta premium con cuello redondo para mujer Mi \u00e1ngel. M\u00e1s que una prenda, es un pedacito de cielo. Perfecta para cualquier ocasi\u00f3n.\" \/>\n<meta name=\"robots\" content=\"index, follow, max-snippet:-1, max-image-preview:large, max-video-preview:-1\" \/>\n<link rel=\"canonical\" href=\"https:\/\/comercializadoraromo-cdmx.com\/t10\/mi-angel\/\" \/>\n<meta property=\"og:locale\" content=\"es_ES\" \/>\n<meta property=\"og:type\" content=\"article\" \/>\n<meta property=\"og:title\" content=\"Camiseta premium Mi \u00e1ngel\" \/>\n<meta property=\"og:description\" content=\"Descubre la camiseta premium con cuello redondo para mujer Mi \u00e1ngel. M\u00e1s que una prenda, es un pedacito de cielo. Perfecta para cualquier ocasi\u00f3n.\" \/>\n<meta property=\"og:url\" content=\"https:\/\/comercializadoraromo-cdmx.com\/t10\/mi-angel\/\" \/>\n<meta property=\"og:site_name\" content=\"Productos sostenibles para un futuro mejor. \u00danete al cambio hoy\" \/>\n<meta property=\"article:publisher\" content=\"https:\/\/www.facebook.com\/share\/15DBPCzVEuE\/\" \/>\n<meta property=\"article:modified_time\" content=\"2024-10-16T15:28:14+00:00\" \/>\n<meta property=\"og:image\" content=\"https:\/\/comercializadoraromo-cdmx.com\/t10\/wp-content\/uploads\/2024\/06\/f7e10ed2-a667-423f-bf64-8a83860b9bb4.webp\" \/>\n\t<meta property=\"og:image:width\" content=\"2048\" \/>\n\t<meta property=\"og:image:height\" content=\"2048\" \/>\n\t<meta property=\"og:image:type\" content=\"image\/webp\" \/>\n<meta name=\"twitter:card\" content=\"summary_large_image\" \/>\n<meta name=\"twitter:label1\" content=\"Tiempo de lectura\" \/>\n\t<meta name=\"twitter:data1\" content=\"2 minutos\" \/>\n<script type=\"application\/ld+json\" class=\"yoast-schema-graph\">{\"@context\":\"https:\/\/schema.org\",\"@graph\":[{\"@type\":\"WebPage\",\"@id\":\"https:\/\/comercializadoraromo-cdmx.com\/t10\/mi-angel\/\",\"url\":\"https:\/\/comercializadoraromo-cdmx.com\/t10\/mi-angel\/\",\"name\":\"Camiseta premium Mi \u00e1ngel\",\"isPartOf\":{\"@id\":\"https:\/\/comercializadoraromo-cdmx.com\/t10\/#website\"},\"primaryImageOfPage\":{\"@id\":\"https:\/\/comercializadoraromo-cdmx.com\/t10\/mi-angel\/#primaryimage\"},\"image\":{\"@id\":\"https:\/\/comercializadoraromo-cdmx.com\/t10\/mi-angel\/#primaryimage\"},\"thumbnailUrl\":\"https:\/\/comercializadoraromo-cdmx.com\/t10\/wp-content\/uploads\/2024\/06\/f7e10ed2-a667-423f-bf64-8a83860b9bb4.webp\",\"datePublished\":\"2024-02-16T00:27:11+00:00\",\"dateModified\":\"2024-10-16T15:28:14+00:00\",\"description\":\"Descubre la camiseta premium con cuello redondo para mujer Mi \u00e1ngel. M\u00e1s que una prenda, es un pedacito de cielo. Perfecta para cualquier ocasi\u00f3n.\",\"breadcrumb\":{\"@id\":\"https:\/\/comercializadoraromo-cdmx.com\/t10\/mi-angel\/#breadcrumb\"},\"inLanguage\":\"es\",\"potentialAction\":[{\"@type\":\"ReadAction\",\"target\":[\"https:\/\/comercializadoraromo-cdmx.com\/t10\/mi-angel\/\"]}]},{\"@type\":\"ImageObject\",\"inLanguage\":\"es\",\"@id\":\"https:\/\/comercializadoraromo-cdmx.com\/t10\/mi-angel\/#primaryimage\",\"url\":\"https:\/\/comercializadoraromo-cdmx.com\/t10\/wp-content\/uploads\/2024\/06\/f7e10ed2-a667-423f-bf64-8a83860b9bb4.webp\",\"contentUrl\":\"https:\/\/comercializadoraromo-cdmx.com\/t10\/wp-content\/uploads\/2024\/06\/f7e10ed2-a667-423f-bf64-8a83860b9bb4.webp\",\"width\":2048,\"height\":2048,\"caption\":\"Camiseta premium con cuello redondo para mujer negro: Mi \u00e1ngel\"},{\"@type\":\"BreadcrumbList\",\"@id\":\"https:\/\/comercializadoraromo-cdmx.com\/t10\/mi-angel\/#breadcrumb\",\"itemListElement\":[{\"@type\":\"ListItem\",\"position\":1,\"name\":\"Portada\",\"item\":\"https:\/\/comercializadoraromo-cdmx.com\/t10\/\"},{\"@type\":\"ListItem\",\"position\":2,\"name\":\"Tienda Moda Sustentable Certificada en M\u00e9xico | RoMo\",\"item\":\"https:\/\/comercializadoraromo-cdmx.com\/t10\/tienda\/\"},{\"@type\":\"ListItem\",\"position\":3,\"name\":\"Camiseta premium Mi \u00e1ngel\"}]},{\"@type\":\"WebSite\",\"@id\":\"https:\/\/comercializadoraromo-cdmx.com\/t10\/#website\",\"url\":\"https:\/\/comercializadoraromo-cdmx.com\/t10\/\",\"name\":\"Comercializadora RoMo\",\"description\":\"Productos sostenibles para un futuro mejor. \u00danete al cambio hoy\",\"publisher\":{\"@id\":\"https:\/\/comercializadoraromo-cdmx.com\/t10\/#organization\"},\"potentialAction\":[{\"@type\":\"SearchAction\",\"target\":{\"@type\":\"EntryPoint\",\"urlTemplate\":\"https:\/\/comercializadoraromo-cdmx.com\/t10\/?s={search_term_string}\"},\"query-input\":{\"@type\":\"PropertyValueSpecification\",\"valueRequired\":true,\"valueName\":\"search_term_string\"}}],\"inLanguage\":\"es\"},{\"@type\":\"Organization\",\"@id\":\"https:\/\/comercializadoraromo-cdmx.com\/t10\/#organization\",\"name\":\"Comercializadora RoMo\",\"url\":\"https:\/\/comercializadoraromo-cdmx.com\/t10\/\",\"logo\":{\"@type\":\"ImageObject\",\"inLanguage\":\"es\",\"@id\":\"https:\/\/comercializadoraromo-cdmx.com\/t10\/#\/schema\/logo\/image\/\",\"url\":\"https:\/\/comercializadoraromo-cdmx.com\/t10\/wp-content\/uploads\/2024\/01\/cropped-Logo-comercializadora-scaled-1.webp\",\"contentUrl\":\"https:\/\/comercializadoraromo-cdmx.com\/t10\/wp-content\/uploads\/2024\/01\/cropped-Logo-comercializadora-scaled-1.webp\",\"width\":2472,\"height\":1700,\"caption\":\"Comercializadora RoMo\"},\"image\":{\"@id\":\"https:\/\/comercializadoraromo-cdmx.com\/t10\/#\/schema\/logo\/image\/\"},\"sameAs\":[\"https:\/\/www.facebook.com\/share\/15DBPCzVEuE\/\"]}]}<\/script>\n<!-- \/ Yoast SEO plugin. -->","yoast_head_json":{"title":"Camiseta premium Mi \u00e1ngel","description":"Descubre la camiseta premium con cuello redondo para mujer Mi \u00e1ngel. M\u00e1s que una prenda, es un pedacito de cielo. Perfecta para cualquier ocasi\u00f3n.","robots":{"index":"index","follow":"follow","max-snippet":"max-snippet:-1","max-image-preview":"max-image-preview:large","max-video-preview":"max-video-preview:-1"},"canonical":"https:\/\/comercializadoraromo-cdmx.com\/t10\/mi-angel\/","og_locale":"es_ES","og_type":"article","og_title":"Camiseta premium Mi \u00e1ngel","og_description":"Descubre la camiseta premium con cuello redondo para mujer Mi \u00e1ngel. M\u00e1s que una prenda, es un pedacito de cielo. Perfecta para cualquier ocasi\u00f3n.","og_url":"https:\/\/comercializadoraromo-cdmx.com\/t10\/mi-angel\/","og_site_name":"Productos sostenibles para un futuro mejor. \u00danete al cambio hoy","article_publisher":"https:\/\/www.facebook.com\/share\/15DBPCzVEuE\/","article_modified_time":"2024-10-16T15:28:14+00:00","og_image":[{"width":2048,"height":2048,"url":"https:\/\/comercializadoraromo-cdmx.com\/t10\/wp-content\/uploads\/2024\/06\/f7e10ed2-a667-423f-bf64-8a83860b9bb4.webp","type":"image\/webp"}],"twitter_card":"summary_large_image","twitter_misc":{"Tiempo de lectura":"2 minutos"},"schema":{"@context":"https:\/\/schema.org","@graph":[{"@type":"WebPage","@id":"https:\/\/comercializadoraromo-cdmx.com\/t10\/mi-angel\/","url":"https:\/\/comercializadoraromo-cdmx.com\/t10\/mi-angel\/","name":"Camiseta premium Mi \u00e1ngel","isPartOf":{"@id":"https:\/\/comercializadoraromo-cdmx.com\/t10\/#website"},"primaryImageOfPage":{"@id":"https:\/\/comercializadoraromo-cdmx.com\/t10\/mi-angel\/#primaryimage"},"image":{"@id":"https:\/\/comercializadoraromo-cdmx.com\/t10\/mi-angel\/#primaryimage"},"thumbnailUrl":"https:\/\/comercializadoraromo-cdmx.com\/t10\/wp-content\/uploads\/2024\/06\/f7e10ed2-a667-423f-bf64-8a83860b9bb4.webp","datePublished":"2024-02-16T00:27:11+00:00","dateModified":"2024-10-16T15:28:14+00:00","description":"Descubre la camiseta premium con cuello redondo para mujer Mi \u00e1ngel. M\u00e1s que una prenda, es un pedacito de cielo. Perfecta para cualquier ocasi\u00f3n.","breadcrumb":{"@id":"https:\/\/comercializadoraromo-cdmx.com\/t10\/mi-angel\/#breadcrumb"},"inLanguage":"es","potentialAction":[{"@type":"ReadAction","target":["https:\/\/comercializadoraromo-cdmx.com\/t10\/mi-angel\/"]}]},{"@type":"ImageObject","inLanguage":"es","@id":"https:\/\/comercializadoraromo-cdmx.com\/t10\/mi-angel\/#primaryimage","url":"https:\/\/comercializadoraromo-cdmx.com\/t10\/wp-content\/uploads\/2024\/06\/f7e10ed2-a667-423f-bf64-8a83860b9bb4.webp","contentUrl":"https:\/\/comercializadoraromo-cdmx.com\/t10\/wp-content\/uploads\/2024\/06\/f7e10ed2-a667-423f-bf64-8a83860b9bb4.webp","width":2048,"height":2048,"caption":"Camiseta premium con cuello redondo para mujer negro: Mi \u00e1ngel"},{"@type":"BreadcrumbList","@id":"https:\/\/comercializadoraromo-cdmx.com\/t10\/mi-angel\/#breadcrumb","itemListElement":[{"@type":"ListItem","position":1,"name":"Portada","item":"https:\/\/comercializadoraromo-cdmx.com\/t10\/"},{"@type":"ListItem","position":2,"name":"Tienda Moda Sustentable Certificada en M\u00e9xico | RoMo","item":"https:\/\/comercializadoraromo-cdmx.com\/t10\/tienda\/"},{"@type":"ListItem","position":3,"name":"Camiseta premium Mi \u00e1ngel"}]},{"@type":"WebSite","@id":"https:\/\/comercializadoraromo-cdmx.com\/t10\/#website","url":"https:\/\/comercializadoraromo-cdmx.com\/t10\/","name":"Comercializadora RoMo","description":"Productos sostenibles para un futuro mejor. \u00danete al cambio hoy","publisher":{"@id":"https:\/\/comercializadoraromo-cdmx.com\/t10\/#organization"},"potentialAction":[{"@type":"SearchAction","target":{"@type":"EntryPoint","urlTemplate":"https:\/\/comercializadoraromo-cdmx.com\/t10\/?s={search_term_string}"},"query-input":{"@type":"PropertyValueSpecification","valueRequired":true,"valueName":"search_term_string"}}],"inLanguage":"es"},{"@type":"Organization","@id":"https:\/\/comercializadoraromo-cdmx.com\/t10\/#organization","name":"Comercializadora RoMo","url":"https:\/\/comercializadoraromo-cdmx.com\/t10\/","logo":{"@type":"ImageObject","inLanguage":"es","@id":"https:\/\/comercializadoraromo-cdmx.com\/t10\/#\/schema\/logo\/image\/","url":"https:\/\/comercializadoraromo-cdmx.com\/t10\/wp-content\/uploads\/2024\/01\/cropped-Logo-comercializadora-scaled-1.webp","contentUrl":"https:\/\/comercializadoraromo-cdmx.com\/t10\/wp-content\/uploads\/2024\/01\/cropped-Logo-comercializadora-scaled-1.webp","width":2472,"height":1700,"caption":"Comercializadora RoMo"},"image":{"@id":"https:\/\/comercializadoraromo-cdmx.com\/t10\/#\/schema\/logo\/image\/"},"sameAs":["https:\/\/www.facebook.com\/share\/15DBPCzVEuE\/"]}]}},"uagb_featured_image_src":{"full":["https:\/\/comercializadoraromo-cdmx.com\/t10\/wp-content\/uploads\/2024\/06\/f7e10ed2-a667-423f-bf64-8a83860b9bb4.webp",2048,2048,false],"thumbnail":["https:\/\/comercializadoraromo-cdmx.com\/t10\/wp-content\/uploads\/2024\/06\/f7e10ed2-a667-423f-bf64-8a83860b9bb4-150x150.webp",150,150,true],"medium":["https:\/\/comercializadoraromo-cdmx.com\/t10\/wp-content\/uploads\/2024\/06\/f7e10ed2-a667-423f-bf64-8a83860b9bb4-300x300.webp",300,300,true],"medium_large":["https:\/\/comercializadoraromo-cdmx.com\/t10\/wp-content\/uploads\/2024\/06\/f7e10ed2-a667-423f-bf64-8a83860b9bb4-768x768.webp",768,768,true],"large":["https:\/\/comercializadoraromo-cdmx.com\/t10\/wp-content\/uploads\/2024\/06\/f7e10ed2-a667-423f-bf64-8a83860b9bb4-1024x1024.webp",1024,1024,true],"1536x1536":["https:\/\/comercializadoraromo-cdmx.com\/t10\/wp-content\/uploads\/2024\/06\/f7e10ed2-a667-423f-bf64-8a83860b9bb4-1536x1536.webp",1536,1536,true],"2048x2048":["https:\/\/comercializadoraromo-cdmx.com\/t10\/wp-content\/uploads\/2024\/06\/f7e10ed2-a667-423f-bf64-8a83860b9bb4.webp",2048,2048,false],"woocommerce_thumbnail":["https:\/\/comercializadoraromo-cdmx.com\/t10\/wp-content\/uploads\/2024\/06\/f7e10ed2-a667-423f-bf64-8a83860b9bb4-300x300.webp",300,300,true],"woocommerce_single":["https:\/\/comercializadoraromo-cdmx.com\/t10\/wp-content\/uploads\/2024\/06\/f7e10ed2-a667-423f-bf64-8a83860b9bb4-600x600.webp",600,600,true],"woocommerce_gallery_thumbnail":["https:\/\/comercializadoraromo-cdmx.com\/t10\/wp-content\/uploads\/2024\/06\/f7e10ed2-a667-423f-bf64-8a83860b9bb4-100x100.webp",100,100,true]},"uagb_author_info":{"display_name":"eroblespimentel","author_link":"https:\/\/comercializadoraromo-cdmx.com\/t10\/author\/"},"uagb_comment_info":0,"uagb_excerpt":"Camiseta premium con cuello redondo para mujer: Mi \u00e1ngel. Esta camiseta es m\u00e1s que una prenda; es un pedacito de cielo. Con un dise\u00f1o de dos \u00e1ngeles en nubes de colores, te envuelve en una sensaci\u00f3n de serenidad y protecci\u00f3n. \u00bfQui\u00e9n necesita alas cuando puedes llevar a tus \u00e1ngeles contigo?","_links":{"self":[{"href":"https:\/\/comercializadoraromo-cdmx.com\/t10\/wp-json\/wp\/v2\/product\/5345","targetHints":{"allow":["GET"]}}],"collection":[{"href":"https:\/\/comercializadoraromo-cdmx.com\/t10\/wp-json\/wp\/v2\/product"}],"about":[{"href":"https:\/\/comercializadoraromo-cdmx.com\/t10\/wp-json\/wp\/v2\/types\/product"}],"wp:featuredmedia":[{"embeddable":true,"href":"https:\/\/comercializadoraromo-cdmx.com\/t10\/wp-json\/wp\/v2\/media\/6196"}],"wp:attachment":[{"href":"https:\/\/comercializadoraromo-cdmx.com\/t10\/wp-json\/wp\/v2\/media?parent=5345"}],"wp:term":[{"taxonomy":"product_brand","embeddable":true,"href":"https:\/\/comercializadoraromo-cdmx.com\/t10\/wp-json\/wp\/v2\/product_brand?post=5345"},{"taxonomy":"product_cat","embeddable":true,"href":"https:\/\/comercializadoraromo-cdmx.com\/t10\/wp-json\/wp\/v2\/product_cat?post=5345"},{"taxonomy":"product_tag","embeddable":true,"href":"https:\/\/comercializadoraromo-cdmx.com\/t10\/wp-json\/wp\/v2\/product_tag?post=5345"}],"curies":[{"name":"wp","href":"https:\/\/api.w.org\/{rel}","templated":true}]}}