{"id":5190,"date":"2024-02-13T23:01:36","date_gmt":"2024-02-13T23:01:36","guid":{"rendered":"https:\/\/comercializadoraromo-cdmx.com\/?post_type=product&#038;p=5190"},"modified":"2025-03-20T20:13:08","modified_gmt":"2025-03-20T20:13:08","slug":"buda","status":"publish","type":"product","link":"https:\/\/comercializadoraromo-cdmx.com\/t10\/buda\/","title":{"rendered":"Sudadera Recortada Buda"},"content":{"rendered":"<p><strong>&#x1f33f;<\/strong><strong> Sudadera Recortada para Mujer | Bella + Canvas 7503: Buda <\/strong><strong>&#x1f33f;<\/strong><\/p>\n<p>\u00bfListo para encontrar la serenidad en tu estilo? Nuestra sudadera recortada Bella+Canvas 7503, con el inspirador dise\u00f1o de Buda meditando, te envuelve en comodidad y elegancia. Aqu\u00ed est\u00e1 por qu\u00e9 esta prenda es m\u00e1s que moda:<\/p>\n<p><strong>Caracter\u00edsticas de la Sudadera<\/strong>:<\/p>\n<ul>\n<li><strong>Toque Lujoso<\/strong>: Confeccionada con material<br \/>\npolar suave y transpirable, esta sudadera es un abrazo de bienestar.<\/li>\n<li><strong>Silueta Favorecedora<\/strong>: La costura del hombro<br \/>\nca\u00eddo y el ajuste relajado realzan tu figura sin esfuerzo.<\/li>\n<li><strong>Detalles Cl\u00e1sicos<\/strong>: Hombros ca\u00eddos, pu\u00f1os y<br \/>\ncuello de punto acanalado, y dobladillo inferior sin rematar.<\/li>\n<\/ul>\n<p><strong>Fabricaci\u00f3n de Calidad<\/strong>:<\/p>\n<ul>\n<li><strong>52% Algod\u00f3n Peinado e Hilado en Anillos Airlume<\/strong><\/li>\n<li><strong>48% Poli\u00e9ster<\/strong><\/li>\n<\/ul>\n<p><strong>Beneficios de Adquirir la Sudadera Buda<\/strong>:<\/p>\n<table>\n<thead>\n<tr>\n<td><strong>Beneficio<\/strong><\/td>\n<td><strong>Acci\u00f3n<\/strong><\/td>\n<\/tr>\n<\/thead>\n<tbody>\n<tr>\n<td><strong>Paz Interior<\/strong><\/td>\n<td>Cada vez que la uses, recuerda la importancia de la calma y la reflexi\u00f3n, como Buda.<\/td>\n<\/tr>\n<tr>\n<td><strong>Estilo Cotidiano<\/strong><\/td>\n<td>Desde tus meditaciones matutinas hasta tus paseos vespertinos, esta sudadera te acompa\u00f1a.<\/td>\n<\/tr>\n<tr>\n<td><strong>Personalidad \u00danica<\/strong><\/td>\n<td>La etiqueta extra\u00edble te permite personalizarla a tu gusto. \u00a1S\u00e9 aut\u00e9ntico!<\/td>\n<\/tr>\n<\/tbody>\n<\/table>\n<p>\u00a1Eleva tu guardarropa con la Sudadera Buda y lleva la esencia de la meditaci\u00f3n contigo! &#x1f64f;&#x2728;<\/p>\n<p>&nbsp;<\/p>\n<p><strong>Gu\u00eda de tallas<\/strong><\/p>\n<table>\n<tbody>\n<tr>\n<td><\/td>\n<td><strong>S<\/strong><\/td>\n<td><strong>M<\/strong><\/td>\n<td><strong>L<\/strong><\/td>\n<td><strong>XL<\/strong><\/td>\n<td><strong>2XL<\/strong><\/td>\n<\/tr>\n<tr>\n<td><strong>A) Longitud(cm)<\/strong><\/td>\n<td>47<\/td>\n<td>48.9<\/td>\n<td>52.1<\/td>\n<td>56.5<\/td>\n<td>56.9<\/td>\n<\/tr>\n<tr>\n<td><strong>B) Medio pecho (cm)<\/strong><\/td>\n<td>54.3<\/td>\n<td>57.8<\/td>\n<td>63.8<\/td>\n<td>68.9<\/td>\n<td>74<\/td>\n<\/tr>\n<\/tbody>\n<\/table>\n<table>\n<tbody>\n<tr>\n<td><\/td>\n<td><strong>S<\/strong><\/td>\n<td><strong>M<\/strong><\/td>\n<td><strong>L<\/strong><\/td>\n<td><strong>XL<\/strong><\/td>\n<td><strong>2XL<\/strong><\/td>\n<\/tr>\n<tr>\n<td><strong>A) Longitud(Pulgadas)<\/strong><\/td>\n<td>18.5<\/td>\n<td>19.3<\/td>\n<td>20.5<\/td>\n<td>22.2<\/td>\n<td>22.4<\/td>\n<\/tr>\n<tr>\n<td><strong>B) Medio pecho (Pulgadas)<\/strong><\/td>\n<td>21.4<\/td>\n<td>22.8<\/td>\n<td>25.1<\/td>\n<td>27.1<\/td>\n<td>29.1<\/td>\n<\/tr>\n<\/tbody>\n<\/table>\n<p><strong>Instrucciones de cuidado<\/strong><\/p>\n<table width=\"744\">\n<tbody>\n<tr>\n<td width=\"95\">Lavado<\/td>\n<td width=\"649\">Lavar a m\u00e1quina con agua tibia (m\u00e1ximo 40 \u00b0C o 105 \u00b0F), lavar la prenda del rev\u00e9s con colores similares.<\/td>\n<\/tr>\n<tr>\n<td width=\"95\">Secar en secadora<\/td>\n<td width=\"649\">Bajo<\/td>\n<\/tr>\n<tr>\n<td width=\"95\">Lej\u00eda<\/td>\n<td width=\"649\">Solo sin cloro<\/td>\n<\/tr>\n<tr>\n<td width=\"95\">Lavado en seco<\/td>\n<td width=\"649\">No lavar en seco<\/td>\n<\/tr>\n<tr>\n<td width=\"95\">Planchado<\/td>\n<td width=\"649\">No planchar<\/td>\n<\/tr>\n<\/tbody>\n<\/table>\n","protected":false},"excerpt":{"rendered":"<p><span style=\"font-size: 13.5pt; ,serif;color: black;\">Sudadera Recortada para Mujer | Bella + Lienzo 7503: Buda. \u00bfListo para encontrar la serenidad en tu estilo? Nuestra sudadera , con el inspirador dise\u00f1o de Buda meditando, te envuelve en comodidad y elegancia. Aqu\u00ed est\u00e1 por qu\u00e9 esta prenda es m\u00e1s que moda<\/span><\/p>\n","protected":false},"featured_media":6230,"template":"","meta":{"_uag_custom_page_level_css":"","site-sidebar-layout":"default","site-content-layout":"","ast-site-content-layout":"default","site-content-style":"default","site-sidebar-style":"default","ast-global-header-display":"","ast-banner-title-visibility":"","ast-main-header-display":"","ast-hfb-above-header-display":"","ast-hfb-below-header-display":"","ast-hfb-mobile-header-display":"","site-post-title":"","ast-breadcrumbs-content":"","ast-featured-img":"","footer-sml-layout":"","theme-transparent-header-meta":"default","adv-header-id-meta":"","stick-header-meta":"","header-above-stick-meta":"","header-main-stick-meta":"","header-below-stick-meta":"","astra-migrate-meta-layouts":"set","ast-page-background-enabled":"default","ast-page-background-meta":{"desktop":{"background-color":"","background-image":"","background-repeat":"repeat","background-position":"center center","background-size":"auto","background-attachment":"scroll","background-type":"","background-media":"","overlay-type":"","overlay-color":"","overlay-opacity":"","overlay-gradient":""},"tablet":{"background-color":"","background-image":"","background-repeat":"repeat","background-position":"center center","background-size":"auto","background-attachment":"scroll","background-type":"","background-media":"","overlay-type":"","overlay-color":"","overlay-opacity":"","overlay-gradient":""},"mobile":{"background-color":"","background-image":"","background-repeat":"repeat","background-position":"center center","background-size":"auto","background-attachment":"scroll","background-type":"","background-media":"","overlay-type":"","overlay-color":"","overlay-opacity":"","overlay-gradient":""}},"ast-content-background-meta":{"desktop":{"background-color":"var(--ast-global-color-5)","background-image":"","background-repeat":"repeat","background-position":"center center","background-size":"auto","background-attachment":"scroll","background-type":"","background-media":"","overlay-type":"","overlay-color":"","overlay-opacity":"","overlay-gradient":""},"tablet":{"background-color":"var(--ast-global-color-5)","background-image":"","background-repeat":"repeat","background-position":"center center","background-size":"auto","background-attachment":"scroll","background-type":"","background-media":"","overlay-type":"","overlay-color":"","overlay-opacity":"","overlay-gradient":""},"mobile":{"background-color":"var(--ast-global-color-5)","background-image":"","background-repeat":"repeat","background-position":"center center","background-size":"auto","background-attachment":"scroll","background-type":"","background-media":"","overlay-type":"","overlay-color":"","overlay-opacity":"","overlay-gradient":""}}},"product_brand":[],"product_cat":[255],"product_tag":[],"class_list":{"0":"post-5190","1":"product","2":"type-product","3":"status-publish","4":"has-post-thumbnail","6":"product_cat-sudaderas-de-algodon","7":"desktop-align-left","8":"tablet-align-left","9":"mobile-align-left","11":"first","12":"instock","13":"shipping-taxable","14":"purchasable","15":"product-type-variable"},"yoast_head":"<!-- This site is optimized with the Yoast SEO plugin v27.2 - https:\/\/yoast.com\/product\/yoast-seo-wordpress\/ -->\n<title>Sudadera Recortada Buda<\/title>\n<meta name=\"description\" content=\"Sudadera recortada para mujer con dise\u00f1o inspirador de Buda meditando. Combina comodidad y elegancia en una prenda \u00fanica. Perfecta para cualquier ocasi\u00f3n.\" \/>\n<meta name=\"robots\" content=\"index, follow, max-snippet:-1, max-image-preview:large, max-video-preview:-1\" \/>\n<link rel=\"canonical\" href=\"https:\/\/comercializadoraromo-cdmx.com\/t10\/buda\/\" \/>\n<meta property=\"og:locale\" content=\"es_ES\" \/>\n<meta property=\"og:type\" content=\"article\" \/>\n<meta property=\"og:title\" content=\"Sudadera Recortada Buda\" \/>\n<meta property=\"og:description\" content=\"Sudadera recortada para mujer con dise\u00f1o inspirador de Buda meditando. Combina comodidad y elegancia en una prenda \u00fanica. Perfecta para cualquier ocasi\u00f3n.\" \/>\n<meta property=\"og:url\" content=\"https:\/\/comercializadoraromo-cdmx.com\/t10\/buda\/\" \/>\n<meta property=\"og:site_name\" content=\"Productos sostenibles para un futuro mejor. \u00danete al cambio hoy\" \/>\n<meta property=\"article:publisher\" content=\"https:\/\/www.facebook.com\/share\/15DBPCzVEuE\/\" \/>\n<meta property=\"article:modified_time\" content=\"2025-03-20T20:13:08+00:00\" \/>\n<meta property=\"og:image\" content=\"https:\/\/comercializadoraromo-cdmx.com\/t10\/wp-content\/uploads\/2024\/06\/eebb7d77-6b74-42fd-9c43-c491deb561f9-1.webp\" \/>\n\t<meta property=\"og:image:width\" content=\"1900\" \/>\n\t<meta property=\"og:image:height\" content=\"1428\" \/>\n\t<meta property=\"og:image:type\" content=\"image\/webp\" \/>\n<meta name=\"twitter:card\" content=\"summary_large_image\" \/>\n<meta name=\"twitter:label1\" content=\"Tiempo de lectura\" \/>\n\t<meta name=\"twitter:data1\" content=\"2 minutos\" \/>\n<script type=\"application\/ld+json\" class=\"yoast-schema-graph\">{\"@context\":\"https:\/\/schema.org\",\"@graph\":[{\"@type\":\"WebPage\",\"@id\":\"https:\/\/comercializadoraromo-cdmx.com\/t10\/buda\/\",\"url\":\"https:\/\/comercializadoraromo-cdmx.com\/t10\/buda\/\",\"name\":\"Sudadera Recortada Buda\",\"isPartOf\":{\"@id\":\"https:\/\/comercializadoraromo-cdmx.com\/t10\/#website\"},\"primaryImageOfPage\":{\"@id\":\"https:\/\/comercializadoraromo-cdmx.com\/t10\/buda\/#primaryimage\"},\"image\":{\"@id\":\"https:\/\/comercializadoraromo-cdmx.com\/t10\/buda\/#primaryimage\"},\"thumbnailUrl\":\"https:\/\/comercializadoraromo-cdmx.com\/t10\/wp-content\/uploads\/2024\/06\/eebb7d77-6b74-42fd-9c43-c491deb561f9-1.webp\",\"datePublished\":\"2024-02-13T23:01:36+00:00\",\"dateModified\":\"2025-03-20T20:13:08+00:00\",\"description\":\"Sudadera recortada para mujer con dise\u00f1o inspirador de Buda meditando. Combina comodidad y elegancia en una prenda \u00fanica. Perfecta para cualquier ocasi\u00f3n.\",\"breadcrumb\":{\"@id\":\"https:\/\/comercializadoraromo-cdmx.com\/t10\/buda\/#breadcrumb\"},\"inLanguage\":\"es\",\"potentialAction\":[{\"@type\":\"ReadAction\",\"target\":[\"https:\/\/comercializadoraromo-cdmx.com\/t10\/buda\/\"]}]},{\"@type\":\"ImageObject\",\"inLanguage\":\"es\",\"@id\":\"https:\/\/comercializadoraromo-cdmx.com\/t10\/buda\/#primaryimage\",\"url\":\"https:\/\/comercializadoraromo-cdmx.com\/t10\/wp-content\/uploads\/2024\/06\/eebb7d77-6b74-42fd-9c43-c491deb561f9-1.webp\",\"contentUrl\":\"https:\/\/comercializadoraromo-cdmx.com\/t10\/wp-content\/uploads\/2024\/06\/eebb7d77-6b74-42fd-9c43-c491deb561f9-1.webp\",\"width\":1900,\"height\":1428,\"caption\":\"Sudadera recortada estilo Bella con motivos espirituales\"},{\"@type\":\"BreadcrumbList\",\"@id\":\"https:\/\/comercializadoraromo-cdmx.com\/t10\/buda\/#breadcrumb\",\"itemListElement\":[{\"@type\":\"ListItem\",\"position\":1,\"name\":\"Portada\",\"item\":\"https:\/\/comercializadoraromo-cdmx.com\/t10\/\"},{\"@type\":\"ListItem\",\"position\":2,\"name\":\"Tienda Moda Sustentable Certificada en M\u00e9xico | RoMo\",\"item\":\"https:\/\/comercializadoraromo-cdmx.com\/t10\/tienda\/\"},{\"@type\":\"ListItem\",\"position\":3,\"name\":\"Sudadera Recortada Buda\"}]},{\"@type\":\"WebSite\",\"@id\":\"https:\/\/comercializadoraromo-cdmx.com\/t10\/#website\",\"url\":\"https:\/\/comercializadoraromo-cdmx.com\/t10\/\",\"name\":\"Comercializadora RoMo\",\"description\":\"Productos sostenibles para un futuro mejor. \u00danete al cambio hoy\",\"publisher\":{\"@id\":\"https:\/\/comercializadoraromo-cdmx.com\/t10\/#organization\"},\"potentialAction\":[{\"@type\":\"SearchAction\",\"target\":{\"@type\":\"EntryPoint\",\"urlTemplate\":\"https:\/\/comercializadoraromo-cdmx.com\/t10\/?s={search_term_string}\"},\"query-input\":{\"@type\":\"PropertyValueSpecification\",\"valueRequired\":true,\"valueName\":\"search_term_string\"}}],\"inLanguage\":\"es\"},{\"@type\":\"Organization\",\"@id\":\"https:\/\/comercializadoraromo-cdmx.com\/t10\/#organization\",\"name\":\"Comercializadora RoMo\",\"url\":\"https:\/\/comercializadoraromo-cdmx.com\/t10\/\",\"logo\":{\"@type\":\"ImageObject\",\"inLanguage\":\"es\",\"@id\":\"https:\/\/comercializadoraromo-cdmx.com\/t10\/#\/schema\/logo\/image\/\",\"url\":\"https:\/\/comercializadoraromo-cdmx.com\/t10\/wp-content\/uploads\/2024\/01\/cropped-Logo-comercializadora-scaled-1.webp\",\"contentUrl\":\"https:\/\/comercializadoraromo-cdmx.com\/t10\/wp-content\/uploads\/2024\/01\/cropped-Logo-comercializadora-scaled-1.webp\",\"width\":2472,\"height\":1700,\"caption\":\"Comercializadora RoMo\"},\"image\":{\"@id\":\"https:\/\/comercializadoraromo-cdmx.com\/t10\/#\/schema\/logo\/image\/\"},\"sameAs\":[\"https:\/\/www.facebook.com\/share\/15DBPCzVEuE\/\"]}]}<\/script>\n<!-- \/ Yoast SEO plugin. -->","yoast_head_json":{"title":"Sudadera Recortada Buda","description":"Sudadera recortada para mujer con dise\u00f1o inspirador de Buda meditando. Combina comodidad y elegancia en una prenda \u00fanica. Perfecta para cualquier ocasi\u00f3n.","robots":{"index":"index","follow":"follow","max-snippet":"max-snippet:-1","max-image-preview":"max-image-preview:large","max-video-preview":"max-video-preview:-1"},"canonical":"https:\/\/comercializadoraromo-cdmx.com\/t10\/buda\/","og_locale":"es_ES","og_type":"article","og_title":"Sudadera Recortada Buda","og_description":"Sudadera recortada para mujer con dise\u00f1o inspirador de Buda meditando. Combina comodidad y elegancia en una prenda \u00fanica. Perfecta para cualquier ocasi\u00f3n.","og_url":"https:\/\/comercializadoraromo-cdmx.com\/t10\/buda\/","og_site_name":"Productos sostenibles para un futuro mejor. \u00danete al cambio hoy","article_publisher":"https:\/\/www.facebook.com\/share\/15DBPCzVEuE\/","article_modified_time":"2025-03-20T20:13:08+00:00","og_image":[{"width":1900,"height":1428,"url":"https:\/\/comercializadoraromo-cdmx.com\/t10\/wp-content\/uploads\/2024\/06\/eebb7d77-6b74-42fd-9c43-c491deb561f9-1.webp","type":"image\/webp"}],"twitter_card":"summary_large_image","twitter_misc":{"Tiempo de lectura":"2 minutos"},"schema":{"@context":"https:\/\/schema.org","@graph":[{"@type":"WebPage","@id":"https:\/\/comercializadoraromo-cdmx.com\/t10\/buda\/","url":"https:\/\/comercializadoraromo-cdmx.com\/t10\/buda\/","name":"Sudadera Recortada Buda","isPartOf":{"@id":"https:\/\/comercializadoraromo-cdmx.com\/t10\/#website"},"primaryImageOfPage":{"@id":"https:\/\/comercializadoraromo-cdmx.com\/t10\/buda\/#primaryimage"},"image":{"@id":"https:\/\/comercializadoraromo-cdmx.com\/t10\/buda\/#primaryimage"},"thumbnailUrl":"https:\/\/comercializadoraromo-cdmx.com\/t10\/wp-content\/uploads\/2024\/06\/eebb7d77-6b74-42fd-9c43-c491deb561f9-1.webp","datePublished":"2024-02-13T23:01:36+00:00","dateModified":"2025-03-20T20:13:08+00:00","description":"Sudadera recortada para mujer con dise\u00f1o inspirador de Buda meditando. Combina comodidad y elegancia en una prenda \u00fanica. Perfecta para cualquier ocasi\u00f3n.","breadcrumb":{"@id":"https:\/\/comercializadoraromo-cdmx.com\/t10\/buda\/#breadcrumb"},"inLanguage":"es","potentialAction":[{"@type":"ReadAction","target":["https:\/\/comercializadoraromo-cdmx.com\/t10\/buda\/"]}]},{"@type":"ImageObject","inLanguage":"es","@id":"https:\/\/comercializadoraromo-cdmx.com\/t10\/buda\/#primaryimage","url":"https:\/\/comercializadoraromo-cdmx.com\/t10\/wp-content\/uploads\/2024\/06\/eebb7d77-6b74-42fd-9c43-c491deb561f9-1.webp","contentUrl":"https:\/\/comercializadoraromo-cdmx.com\/t10\/wp-content\/uploads\/2024\/06\/eebb7d77-6b74-42fd-9c43-c491deb561f9-1.webp","width":1900,"height":1428,"caption":"Sudadera recortada estilo Bella con motivos espirituales"},{"@type":"BreadcrumbList","@id":"https:\/\/comercializadoraromo-cdmx.com\/t10\/buda\/#breadcrumb","itemListElement":[{"@type":"ListItem","position":1,"name":"Portada","item":"https:\/\/comercializadoraromo-cdmx.com\/t10\/"},{"@type":"ListItem","position":2,"name":"Tienda Moda Sustentable Certificada en M\u00e9xico | RoMo","item":"https:\/\/comercializadoraromo-cdmx.com\/t10\/tienda\/"},{"@type":"ListItem","position":3,"name":"Sudadera Recortada Buda"}]},{"@type":"WebSite","@id":"https:\/\/comercializadoraromo-cdmx.com\/t10\/#website","url":"https:\/\/comercializadoraromo-cdmx.com\/t10\/","name":"Comercializadora RoMo","description":"Productos sostenibles para un futuro mejor. \u00danete al cambio hoy","publisher":{"@id":"https:\/\/comercializadoraromo-cdmx.com\/t10\/#organization"},"potentialAction":[{"@type":"SearchAction","target":{"@type":"EntryPoint","urlTemplate":"https:\/\/comercializadoraromo-cdmx.com\/t10\/?s={search_term_string}"},"query-input":{"@type":"PropertyValueSpecification","valueRequired":true,"valueName":"search_term_string"}}],"inLanguage":"es"},{"@type":"Organization","@id":"https:\/\/comercializadoraromo-cdmx.com\/t10\/#organization","name":"Comercializadora RoMo","url":"https:\/\/comercializadoraromo-cdmx.com\/t10\/","logo":{"@type":"ImageObject","inLanguage":"es","@id":"https:\/\/comercializadoraromo-cdmx.com\/t10\/#\/schema\/logo\/image\/","url":"https:\/\/comercializadoraromo-cdmx.com\/t10\/wp-content\/uploads\/2024\/01\/cropped-Logo-comercializadora-scaled-1.webp","contentUrl":"https:\/\/comercializadoraromo-cdmx.com\/t10\/wp-content\/uploads\/2024\/01\/cropped-Logo-comercializadora-scaled-1.webp","width":2472,"height":1700,"caption":"Comercializadora RoMo"},"image":{"@id":"https:\/\/comercializadoraromo-cdmx.com\/t10\/#\/schema\/logo\/image\/"},"sameAs":["https:\/\/www.facebook.com\/share\/15DBPCzVEuE\/"]}]}},"uagb_featured_image_src":{"full":["https:\/\/comercializadoraromo-cdmx.com\/t10\/wp-content\/uploads\/2024\/06\/eebb7d77-6b74-42fd-9c43-c491deb561f9-1.webp",1900,1428,false],"thumbnail":["https:\/\/comercializadoraromo-cdmx.com\/t10\/wp-content\/uploads\/2024\/06\/eebb7d77-6b74-42fd-9c43-c491deb561f9-1-150x150.webp",150,150,true],"medium":["https:\/\/comercializadoraromo-cdmx.com\/t10\/wp-content\/uploads\/2024\/06\/eebb7d77-6b74-42fd-9c43-c491deb561f9-1-300x225.webp",300,225,true],"medium_large":["https:\/\/comercializadoraromo-cdmx.com\/t10\/wp-content\/uploads\/2024\/06\/eebb7d77-6b74-42fd-9c43-c491deb561f9-1-768x577.webp",768,577,true],"large":["https:\/\/comercializadoraromo-cdmx.com\/t10\/wp-content\/uploads\/2024\/06\/eebb7d77-6b74-42fd-9c43-c491deb561f9-1-1024x770.webp",1024,770,true],"1536x1536":["https:\/\/comercializadoraromo-cdmx.com\/t10\/wp-content\/uploads\/2024\/06\/eebb7d77-6b74-42fd-9c43-c491deb561f9-1-1536x1154.webp",1536,1154,true],"2048x2048":["https:\/\/comercializadoraromo-cdmx.com\/t10\/wp-content\/uploads\/2024\/06\/eebb7d77-6b74-42fd-9c43-c491deb561f9-1.webp",1900,1428,false],"woocommerce_thumbnail":["https:\/\/comercializadoraromo-cdmx.com\/t10\/wp-content\/uploads\/2024\/06\/eebb7d77-6b74-42fd-9c43-c491deb561f9-1-300x300.webp",300,300,true],"woocommerce_single":["https:\/\/comercializadoraromo-cdmx.com\/t10\/wp-content\/uploads\/2024\/06\/eebb7d77-6b74-42fd-9c43-c491deb561f9-1-600x451.webp",600,451,true],"woocommerce_gallery_thumbnail":["https:\/\/comercializadoraromo-cdmx.com\/t10\/wp-content\/uploads\/2024\/06\/eebb7d77-6b74-42fd-9c43-c491deb561f9-1-100x100.webp",100,100,true]},"uagb_author_info":{"display_name":"eroblespimentel","author_link":"https:\/\/comercializadoraromo-cdmx.com\/t10\/author\/"},"uagb_comment_info":0,"uagb_excerpt":"Sudadera Recortada para Mujer | Bella + Lienzo 7503: Buda. \u00bfListo para encontrar la serenidad en tu estilo? Nuestra sudadera , con el inspirador dise\u00f1o de Buda meditando, te envuelve en comodidad y elegancia. Aqu\u00ed est\u00e1 por qu\u00e9 esta prenda es m\u00e1s que moda","_links":{"self":[{"href":"https:\/\/comercializadoraromo-cdmx.com\/t10\/wp-json\/wp\/v2\/product\/5190","targetHints":{"allow":["GET"]}}],"collection":[{"href":"https:\/\/comercializadoraromo-cdmx.com\/t10\/wp-json\/wp\/v2\/product"}],"about":[{"href":"https:\/\/comercializadoraromo-cdmx.com\/t10\/wp-json\/wp\/v2\/types\/product"}],"wp:featuredmedia":[{"embeddable":true,"href":"https:\/\/comercializadoraromo-cdmx.com\/t10\/wp-json\/wp\/v2\/media\/6230"}],"wp:attachment":[{"href":"https:\/\/comercializadoraromo-cdmx.com\/t10\/wp-json\/wp\/v2\/media?parent=5190"}],"wp:term":[{"taxonomy":"product_brand","embeddable":true,"href":"https:\/\/comercializadoraromo-cdmx.com\/t10\/wp-json\/wp\/v2\/product_brand?post=5190"},{"taxonomy":"product_cat","embeddable":true,"href":"https:\/\/comercializadoraromo-cdmx.com\/t10\/wp-json\/wp\/v2\/product_cat?post=5190"},{"taxonomy":"product_tag","embeddable":true,"href":"https:\/\/comercializadoraromo-cdmx.com\/t10\/wp-json\/wp\/v2\/product_tag?post=5190"}],"curies":[{"name":"wp","href":"https:\/\/api.w.org\/{rel}","templated":true}]}}