{"id":4974,"date":"2024-02-09T17:07:05","date_gmt":"2024-02-09T17:07:05","guid":{"rendered":"https:\/\/comercializadoraromo-cdmx.com\/producto\/heavyweight-unisex-crewneck-t-shirt\/"},"modified":"2024-10-16T15:30:54","modified_gmt":"2024-10-16T15:30:54","slug":"el-conejo-estelar","status":"publish","type":"product","link":"https:\/\/comercializadoraromo-cdmx.com\/t10\/el-conejo-estelar\/","title":{"rendered":"Camiseta Unisex El Conejo Estelar"},"content":{"rendered":"<h2>Camiseta Unisex El Conejo Estelar. Manga 3\/4 Ragl\u00e1n<\/h2>\n<p>Camiseta Unisex El Conejo Estelar. \u00bfListo para explorar las galaxias con estilo? La camiseta te llevar\u00e1 m\u00e1s all\u00e1 de los l\u00edmites conocidos. Descubre por qu\u00e9 es uno de nuestros art\u00edculos m\u00e1s populares:<\/p>\n<h3>Caracter\u00edsticas Destacadas:<\/h3>\n<h4><strong>Durabilidad y Comodidad:<\/strong><\/h4>\n<ul>\n<li>Fabricada con algod\u00f3n pesado, esta camiseta es un producto b\u00e1sico duradero.<\/li>\n<li>Su ajuste cl\u00e1sico te brinda comodidad para el uso diario y casual.<\/li>\n<\/ul>\n<h4><strong>Detalles de Calidad:<\/strong><\/h4>\n<ul>\n<li>Cuello de doble aguja sin costuras para un acabado limpio y resistente.<\/li>\n<li>Mangas y dobladillos inferiores tambi\u00e9n reforzados con doble aguja.<\/li>\n<\/ul>\n<p><strong>100% Algod\u00f3n:<\/strong><\/p>\n<ul>\n<li>Suavidad y transpirabilidad para que te sientas c\u00f3modo en cualquier aventura.<\/li>\n<\/ul>\n<h4><strong>Cuello y Hombros Sellados:<\/strong><\/h4>\n<ul>\n<li>Garant\u00eda de durabilidad y resistencia ante el desgaste.<\/li>\n<\/ul>\n<p><strong>Beneficios de Adquirir la Camiseta \u201cEl Conejo Estelar\u201d:<\/strong><\/p>\n<table>\n<thead>\n<tr>\n<td><strong>Beneficio<\/strong><\/td>\n<td><strong>Por Qu\u00e9 Deber\u00edas Elegirla<\/strong><\/td>\n<\/tr>\n<\/thead>\n<tbody>\n<tr>\n<td><strong>Estilo C\u00f3smico<\/strong><\/td>\n<td>Lleva contigo la imagen de un conejo jedi viajando por las galaxias.<\/td>\n<\/tr>\n<tr>\n<td><strong>Calidad Duradera<\/strong><\/td>\n<td>No solo es elegante, sino tambi\u00e9n resistente al uso diario.<\/td>\n<\/tr>\n<tr>\n<td><strong>Versatilidad<\/strong><\/td>\n<td>Comb\u00ednala con jeans, pantalones o faldas para un look relajado y \u00fanico.<\/td>\n<\/tr>\n<tr>\n<td><strong>Fabricaci\u00f3n Bajo Demanda<\/strong><\/td>\n<td>Cada camiseta se produce especialmente para ti, sin m\u00ednimos de compra.<\/td>\n<\/tr>\n<\/tbody>\n<\/table>\n<p><strong>\u00a1\u00danete a la Aventura!<\/strong><\/p>\n<p>Haz clic en el bot\u00f3n de abajo para adquirir tu camiseta \u201cEl Conejo Estelar\u201d y prep\u00e1rate para explorar las estrellas con estilo. \u00a1No esperes m\u00e1s!<\/p>\n<p><strong>Gu\u00eda de tallas<\/strong><\/p>\n<table>\n<tbody>\n<tr>\n<td><\/td>\n<td><strong>S<\/strong><\/td>\n<td><strong>M<\/strong><\/td>\n<td><strong>L<\/strong><\/td>\n<td><strong>XL<\/strong><\/td>\n<td><strong>2XL<\/strong><\/td>\n<td><strong>3XL<\/strong><\/td>\n<td><strong>4XL<\/strong><\/td>\n<td><strong>5XL<\/strong><\/td>\n<\/tr>\n<tr>\n<td><strong>A) Longitud(cm)<\/strong><\/td>\n<td>71.1<\/td>\n<td>73.7<\/td>\n<td>76.2<\/td>\n<td>78.7<\/td>\n<td>81.3<\/td>\n<td>83.8<\/td>\n<td>86<\/td>\n<td>89<\/td>\n<\/tr>\n<tr>\n<td><strong>B) Medio pecho (cm)<\/strong><\/td>\n<td>45.7<\/td>\n<td>50.8<\/td>\n<td>55.9<\/td>\n<td>61<\/td>\n<td>66<\/td>\n<td>71.1<\/td>\n<td>76<\/td>\n<td>81<\/td>\n<\/tr>\n<\/tbody>\n<\/table>\n<table>\n<tbody>\n<tr>\n<td><\/td>\n<td><strong>S<\/strong><\/td>\n<td><strong>M<\/strong><\/td>\n<td><strong>L<\/strong><\/td>\n<td><strong>XL<\/strong><\/td>\n<td><strong>2XL<\/strong><\/td>\n<td><strong>3XL<\/strong><\/td>\n<td><strong>4XL<\/strong><\/td>\n<td><strong>5XL<\/strong><\/td>\n<\/tr>\n<tr>\n<td><strong>A) Longitud(pulgadas)<\/strong><\/td>\n<td>28<\/td>\n<td>29<\/td>\n<td>30<\/td>\n<td>31<\/td>\n<td>32<\/td>\n<td>33<\/td>\n<td>33.9<\/td>\n<td>35<\/td>\n<\/tr>\n<tr>\n<td><strong>B) Medio pecho (pulgadas)<\/strong><\/td>\n<td>18<\/td>\n<td>20<\/td>\n<td>22<\/td>\n<td>24<\/td>\n<td>26<\/td>\n<td>28<\/td>\n<td>29.9<\/td>\n<td>31.9<\/td>\n<\/tr>\n<\/tbody>\n<\/table>\n<p><strong>Instrucciones de cuidado<\/strong><\/p>\n<table width=\"744\">\n<tbody>\n<tr>\n<td width=\"95\"><\/td>\n<td width=\"649\"><\/td>\n<\/tr>\n<tr>\n<td width=\"95\">Lavado<\/td>\n<td width=\"649\">Lavar a m\u00e1quina con agua tibia (m\u00e1ximo 40 \u00b0C o 105 \u00b0F), lavar la prenda del rev\u00e9s con colores similares.<\/td>\n<\/tr>\n<tr>\n<td width=\"95\">Secar en secadora<\/td>\n<td width=\"649\">Bajo<\/td>\n<\/tr>\n<tr>\n<td width=\"95\">Lej\u00eda<\/td>\n<td width=\"649\">Solo sin cloro<\/td>\n<\/tr>\n<tr>\n<td width=\"95\">Lavado en seco<\/td>\n<td width=\"649\">No lavar en seco<\/td>\n<\/tr>\n<tr>\n<td width=\"95\">Planchado<\/td>\n<td width=\"649\">No planchar<\/td>\n<\/tr>\n<\/tbody>\n<\/table>\n","protected":false},"excerpt":{"rendered":"<p>Camiseta unisex de cuello redondo de peso pesado. \u00bfListo para explorar las galaxias con estilo? La camiseta \u201cEl Conejo Estelar\u201d te llevar\u00e1 m\u00e1s all\u00e1 de los l\u00edmites conocidos. Descubre por qu\u00e9 es uno de nuestros art\u00edculos m\u00e1s populares:<\/p>\n","protected":false},"featured_media":6342,"template":"","meta":{"_uag_custom_page_level_css":"","site-sidebar-layout":"default","site-content-layout":"","ast-site-content-layout":"default","site-content-style":"default","site-sidebar-style":"default","ast-global-header-display":"","ast-banner-title-visibility":"","ast-main-header-display":"","ast-hfb-above-header-display":"","ast-hfb-below-header-display":"","ast-hfb-mobile-header-display":"","site-post-title":"","ast-breadcrumbs-content":"","ast-featured-img":"","footer-sml-layout":"","theme-transparent-header-meta":"default","adv-header-id-meta":"","stick-header-meta":"","header-above-stick-meta":"","header-main-stick-meta":"","header-below-stick-meta":"","astra-migrate-meta-layouts":"set","ast-page-background-enabled":"default","ast-page-background-meta":{"desktop":{"background-color":"","background-image":"","background-repeat":"repeat","background-position":"center center","background-size":"auto","background-attachment":"scroll","background-type":"","background-media":"","overlay-type":"","overlay-color":"","overlay-opacity":"","overlay-gradient":""},"tablet":{"background-color":"","background-image":"","background-repeat":"repeat","background-position":"center center","background-size":"auto","background-attachment":"scroll","background-type":"","background-media":"","overlay-type":"","overlay-color":"","overlay-opacity":"","overlay-gradient":""},"mobile":{"background-color":"","background-image":"","background-repeat":"repeat","background-position":"center center","background-size":"auto","background-attachment":"scroll","background-type":"","background-media":"","overlay-type":"","overlay-color":"","overlay-opacity":"","overlay-gradient":""}},"ast-content-background-meta":{"desktop":{"background-color":"var(--ast-global-color-5)","background-image":"","background-repeat":"repeat","background-position":"center center","background-size":"auto","background-attachment":"scroll","background-type":"","background-media":"","overlay-type":"","overlay-color":"","overlay-opacity":"","overlay-gradient":""},"tablet":{"background-color":"var(--ast-global-color-5)","background-image":"","background-repeat":"repeat","background-position":"center center","background-size":"auto","background-attachment":"scroll","background-type":"","background-media":"","overlay-type":"","overlay-color":"","overlay-opacity":"","overlay-gradient":""},"mobile":{"background-color":"var(--ast-global-color-5)","background-image":"","background-repeat":"repeat","background-position":"center center","background-size":"auto","background-attachment":"scroll","background-type":"","background-media":"","overlay-type":"","overlay-color":"","overlay-opacity":"","overlay-gradient":""}}},"product_brand":[],"product_cat":[196],"product_tag":[],"class_list":{"0":"post-4974","1":"product","2":"type-product","3":"status-publish","4":"has-post-thumbnail","6":"product_cat-camiseta-de-algodon","7":"desktop-align-left","8":"tablet-align-left","9":"mobile-align-left","11":"first","12":"instock","13":"shipping-taxable","14":"purchasable","15":"product-type-variable"},"yoast_head":"<!-- This site is optimized with the Yoast SEO plugin v27.2 - https:\/\/yoast.com\/product\/yoast-seo-wordpress\/ -->\n<title>Camiseta Unisex El Conejo Estelar<\/title>\n<meta name=\"description\" content=\"Con la Camiseta Unisex El Conejo Estelar. Te llevar\u00e1 m\u00e1s all\u00e1 de los l\u00edmites conocidos. Descubre por qu\u00e9 es uno de nuestros art\u00edculos m\u00e1s populares.\" \/>\n<meta name=\"robots\" content=\"index, follow, max-snippet:-1, max-image-preview:large, max-video-preview:-1\" \/>\n<link rel=\"canonical\" href=\"https:\/\/comercializadoraromo-cdmx.com\/t10\/el-conejo-estelar\/\" \/>\n<meta property=\"og:locale\" content=\"es_ES\" \/>\n<meta property=\"og:type\" content=\"article\" \/>\n<meta property=\"og:title\" content=\"Camiseta Unisex El Conejo Estelar\" \/>\n<meta property=\"og:description\" content=\"Con la Camiseta Unisex El Conejo Estelar. Te llevar\u00e1 m\u00e1s all\u00e1 de los l\u00edmites conocidos. Descubre por qu\u00e9 es uno de nuestros art\u00edculos m\u00e1s populares.\" \/>\n<meta property=\"og:url\" content=\"https:\/\/comercializadoraromo-cdmx.com\/t10\/el-conejo-estelar\/\" \/>\n<meta property=\"og:site_name\" content=\"Productos sostenibles para un futuro mejor. \u00danete al cambio hoy\" \/>\n<meta property=\"article:publisher\" content=\"https:\/\/www.facebook.com\/share\/15DBPCzVEuE\/\" \/>\n<meta property=\"article:modified_time\" content=\"2024-10-16T15:30:54+00:00\" \/>\n<meta property=\"og:image\" content=\"https:\/\/comercializadoraromo-cdmx.com\/t10\/wp-content\/uploads\/2024\/06\/2fe75738-322c-496d-88d3-12bc657c6a82.webp\" \/>\n\t<meta property=\"og:image:width\" content=\"2048\" \/>\n\t<meta property=\"og:image:height\" content=\"2048\" \/>\n\t<meta property=\"og:image:type\" content=\"image\/webp\" \/>\n<meta name=\"twitter:card\" content=\"summary_large_image\" \/>\n<meta name=\"twitter:label1\" content=\"Tiempo de lectura\" \/>\n\t<meta name=\"twitter:data1\" content=\"2 minutos\" \/>\n<script type=\"application\/ld+json\" class=\"yoast-schema-graph\">{\"@context\":\"https:\/\/schema.org\",\"@graph\":[{\"@type\":\"WebPage\",\"@id\":\"https:\/\/comercializadoraromo-cdmx.com\/t10\/el-conejo-estelar\/\",\"url\":\"https:\/\/comercializadoraromo-cdmx.com\/t10\/el-conejo-estelar\/\",\"name\":\"Camiseta Unisex El Conejo Estelar\",\"isPartOf\":{\"@id\":\"https:\/\/comercializadoraromo-cdmx.com\/t10\/#website\"},\"primaryImageOfPage\":{\"@id\":\"https:\/\/comercializadoraromo-cdmx.com\/t10\/el-conejo-estelar\/#primaryimage\"},\"image\":{\"@id\":\"https:\/\/comercializadoraromo-cdmx.com\/t10\/el-conejo-estelar\/#primaryimage\"},\"thumbnailUrl\":\"https:\/\/comercializadoraromo-cdmx.com\/t10\/wp-content\/uploads\/2024\/06\/2fe75738-322c-496d-88d3-12bc657c6a82.webp\",\"datePublished\":\"2024-02-09T17:07:05+00:00\",\"dateModified\":\"2024-10-16T15:30:54+00:00\",\"description\":\"Con la Camiseta Unisex El Conejo Estelar. Te llevar\u00e1 m\u00e1s all\u00e1 de los l\u00edmites conocidos. Descubre por qu\u00e9 es uno de nuestros art\u00edculos m\u00e1s populares.\",\"breadcrumb\":{\"@id\":\"https:\/\/comercializadoraromo-cdmx.com\/t10\/el-conejo-estelar\/#breadcrumb\"},\"inLanguage\":\"es\",\"potentialAction\":[{\"@type\":\"ReadAction\",\"target\":[\"https:\/\/comercializadoraromo-cdmx.com\/t10\/el-conejo-estelar\/\"]}]},{\"@type\":\"ImageObject\",\"inLanguage\":\"es\",\"@id\":\"https:\/\/comercializadoraromo-cdmx.com\/t10\/el-conejo-estelar\/#primaryimage\",\"url\":\"https:\/\/comercializadoraromo-cdmx.com\/t10\/wp-content\/uploads\/2024\/06\/2fe75738-322c-496d-88d3-12bc657c6a82.webp\",\"contentUrl\":\"https:\/\/comercializadoraromo-cdmx.com\/t10\/wp-content\/uploads\/2024\/06\/2fe75738-322c-496d-88d3-12bc657c6a82.webp\",\"width\":2048,\"height\":2048,\"caption\":\"T-shirt unisex con conejo de las estrellas\"},{\"@type\":\"BreadcrumbList\",\"@id\":\"https:\/\/comercializadoraromo-cdmx.com\/t10\/el-conejo-estelar\/#breadcrumb\",\"itemListElement\":[{\"@type\":\"ListItem\",\"position\":1,\"name\":\"Portada\",\"item\":\"https:\/\/comercializadoraromo-cdmx.com\/t10\/\"},{\"@type\":\"ListItem\",\"position\":2,\"name\":\"Tienda Moda Sustentable Certificada en M\u00e9xico | RoMo\",\"item\":\"https:\/\/comercializadoraromo-cdmx.com\/t10\/tienda\/\"},{\"@type\":\"ListItem\",\"position\":3,\"name\":\"Camiseta Unisex El Conejo Estelar\"}]},{\"@type\":\"WebSite\",\"@id\":\"https:\/\/comercializadoraromo-cdmx.com\/t10\/#website\",\"url\":\"https:\/\/comercializadoraromo-cdmx.com\/t10\/\",\"name\":\"Comercializadora RoMo\",\"description\":\"Productos sostenibles para un futuro mejor. \u00danete al cambio hoy\",\"publisher\":{\"@id\":\"https:\/\/comercializadoraromo-cdmx.com\/t10\/#organization\"},\"potentialAction\":[{\"@type\":\"SearchAction\",\"target\":{\"@type\":\"EntryPoint\",\"urlTemplate\":\"https:\/\/comercializadoraromo-cdmx.com\/t10\/?s={search_term_string}\"},\"query-input\":{\"@type\":\"PropertyValueSpecification\",\"valueRequired\":true,\"valueName\":\"search_term_string\"}}],\"inLanguage\":\"es\"},{\"@type\":\"Organization\",\"@id\":\"https:\/\/comercializadoraromo-cdmx.com\/t10\/#organization\",\"name\":\"Comercializadora RoMo\",\"url\":\"https:\/\/comercializadoraromo-cdmx.com\/t10\/\",\"logo\":{\"@type\":\"ImageObject\",\"inLanguage\":\"es\",\"@id\":\"https:\/\/comercializadoraromo-cdmx.com\/t10\/#\/schema\/logo\/image\/\",\"url\":\"https:\/\/comercializadoraromo-cdmx.com\/t10\/wp-content\/uploads\/2024\/01\/cropped-Logo-comercializadora-scaled-1.webp\",\"contentUrl\":\"https:\/\/comercializadoraromo-cdmx.com\/t10\/wp-content\/uploads\/2024\/01\/cropped-Logo-comercializadora-scaled-1.webp\",\"width\":2472,\"height\":1700,\"caption\":\"Comercializadora RoMo\"},\"image\":{\"@id\":\"https:\/\/comercializadoraromo-cdmx.com\/t10\/#\/schema\/logo\/image\/\"},\"sameAs\":[\"https:\/\/www.facebook.com\/share\/15DBPCzVEuE\/\"]}]}<\/script>\n<!-- \/ Yoast SEO plugin. -->","yoast_head_json":{"title":"Camiseta Unisex El Conejo Estelar","description":"Con la Camiseta Unisex El Conejo Estelar. Te llevar\u00e1 m\u00e1s all\u00e1 de los l\u00edmites conocidos. Descubre por qu\u00e9 es uno de nuestros art\u00edculos m\u00e1s populares.","robots":{"index":"index","follow":"follow","max-snippet":"max-snippet:-1","max-image-preview":"max-image-preview:large","max-video-preview":"max-video-preview:-1"},"canonical":"https:\/\/comercializadoraromo-cdmx.com\/t10\/el-conejo-estelar\/","og_locale":"es_ES","og_type":"article","og_title":"Camiseta Unisex El Conejo Estelar","og_description":"Con la Camiseta Unisex El Conejo Estelar. Te llevar\u00e1 m\u00e1s all\u00e1 de los l\u00edmites conocidos. Descubre por qu\u00e9 es uno de nuestros art\u00edculos m\u00e1s populares.","og_url":"https:\/\/comercializadoraromo-cdmx.com\/t10\/el-conejo-estelar\/","og_site_name":"Productos sostenibles para un futuro mejor. \u00danete al cambio hoy","article_publisher":"https:\/\/www.facebook.com\/share\/15DBPCzVEuE\/","article_modified_time":"2024-10-16T15:30:54+00:00","og_image":[{"width":2048,"height":2048,"url":"https:\/\/comercializadoraromo-cdmx.com\/t10\/wp-content\/uploads\/2024\/06\/2fe75738-322c-496d-88d3-12bc657c6a82.webp","type":"image\/webp"}],"twitter_card":"summary_large_image","twitter_misc":{"Tiempo de lectura":"2 minutos"},"schema":{"@context":"https:\/\/schema.org","@graph":[{"@type":"WebPage","@id":"https:\/\/comercializadoraromo-cdmx.com\/t10\/el-conejo-estelar\/","url":"https:\/\/comercializadoraromo-cdmx.com\/t10\/el-conejo-estelar\/","name":"Camiseta Unisex El Conejo Estelar","isPartOf":{"@id":"https:\/\/comercializadoraromo-cdmx.com\/t10\/#website"},"primaryImageOfPage":{"@id":"https:\/\/comercializadoraromo-cdmx.com\/t10\/el-conejo-estelar\/#primaryimage"},"image":{"@id":"https:\/\/comercializadoraromo-cdmx.com\/t10\/el-conejo-estelar\/#primaryimage"},"thumbnailUrl":"https:\/\/comercializadoraromo-cdmx.com\/t10\/wp-content\/uploads\/2024\/06\/2fe75738-322c-496d-88d3-12bc657c6a82.webp","datePublished":"2024-02-09T17:07:05+00:00","dateModified":"2024-10-16T15:30:54+00:00","description":"Con la Camiseta Unisex El Conejo Estelar. Te llevar\u00e1 m\u00e1s all\u00e1 de los l\u00edmites conocidos. Descubre por qu\u00e9 es uno de nuestros art\u00edculos m\u00e1s populares.","breadcrumb":{"@id":"https:\/\/comercializadoraromo-cdmx.com\/t10\/el-conejo-estelar\/#breadcrumb"},"inLanguage":"es","potentialAction":[{"@type":"ReadAction","target":["https:\/\/comercializadoraromo-cdmx.com\/t10\/el-conejo-estelar\/"]}]},{"@type":"ImageObject","inLanguage":"es","@id":"https:\/\/comercializadoraromo-cdmx.com\/t10\/el-conejo-estelar\/#primaryimage","url":"https:\/\/comercializadoraromo-cdmx.com\/t10\/wp-content\/uploads\/2024\/06\/2fe75738-322c-496d-88d3-12bc657c6a82.webp","contentUrl":"https:\/\/comercializadoraromo-cdmx.com\/t10\/wp-content\/uploads\/2024\/06\/2fe75738-322c-496d-88d3-12bc657c6a82.webp","width":2048,"height":2048,"caption":"T-shirt unisex con conejo de las estrellas"},{"@type":"BreadcrumbList","@id":"https:\/\/comercializadoraromo-cdmx.com\/t10\/el-conejo-estelar\/#breadcrumb","itemListElement":[{"@type":"ListItem","position":1,"name":"Portada","item":"https:\/\/comercializadoraromo-cdmx.com\/t10\/"},{"@type":"ListItem","position":2,"name":"Tienda Moda Sustentable Certificada en M\u00e9xico | RoMo","item":"https:\/\/comercializadoraromo-cdmx.com\/t10\/tienda\/"},{"@type":"ListItem","position":3,"name":"Camiseta Unisex El Conejo Estelar"}]},{"@type":"WebSite","@id":"https:\/\/comercializadoraromo-cdmx.com\/t10\/#website","url":"https:\/\/comercializadoraromo-cdmx.com\/t10\/","name":"Comercializadora RoMo","description":"Productos sostenibles para un futuro mejor. \u00danete al cambio hoy","publisher":{"@id":"https:\/\/comercializadoraromo-cdmx.com\/t10\/#organization"},"potentialAction":[{"@type":"SearchAction","target":{"@type":"EntryPoint","urlTemplate":"https:\/\/comercializadoraromo-cdmx.com\/t10\/?s={search_term_string}"},"query-input":{"@type":"PropertyValueSpecification","valueRequired":true,"valueName":"search_term_string"}}],"inLanguage":"es"},{"@type":"Organization","@id":"https:\/\/comercializadoraromo-cdmx.com\/t10\/#organization","name":"Comercializadora RoMo","url":"https:\/\/comercializadoraromo-cdmx.com\/t10\/","logo":{"@type":"ImageObject","inLanguage":"es","@id":"https:\/\/comercializadoraromo-cdmx.com\/t10\/#\/schema\/logo\/image\/","url":"https:\/\/comercializadoraromo-cdmx.com\/t10\/wp-content\/uploads\/2024\/01\/cropped-Logo-comercializadora-scaled-1.webp","contentUrl":"https:\/\/comercializadoraromo-cdmx.com\/t10\/wp-content\/uploads\/2024\/01\/cropped-Logo-comercializadora-scaled-1.webp","width":2472,"height":1700,"caption":"Comercializadora RoMo"},"image":{"@id":"https:\/\/comercializadoraromo-cdmx.com\/t10\/#\/schema\/logo\/image\/"},"sameAs":["https:\/\/www.facebook.com\/share\/15DBPCzVEuE\/"]}]}},"uagb_featured_image_src":{"full":["https:\/\/comercializadoraromo-cdmx.com\/t10\/wp-content\/uploads\/2024\/06\/2fe75738-322c-496d-88d3-12bc657c6a82.webp",2048,2048,false],"thumbnail":["https:\/\/comercializadoraromo-cdmx.com\/t10\/wp-content\/uploads\/2024\/06\/2fe75738-322c-496d-88d3-12bc657c6a82-150x150.webp",150,150,true],"medium":["https:\/\/comercializadoraromo-cdmx.com\/t10\/wp-content\/uploads\/2024\/06\/2fe75738-322c-496d-88d3-12bc657c6a82-300x300.webp",300,300,true],"medium_large":["https:\/\/comercializadoraromo-cdmx.com\/t10\/wp-content\/uploads\/2024\/06\/2fe75738-322c-496d-88d3-12bc657c6a82-768x768.webp",768,768,true],"large":["https:\/\/comercializadoraromo-cdmx.com\/t10\/wp-content\/uploads\/2024\/06\/2fe75738-322c-496d-88d3-12bc657c6a82-1024x1024.webp",1024,1024,true],"1536x1536":["https:\/\/comercializadoraromo-cdmx.com\/t10\/wp-content\/uploads\/2024\/06\/2fe75738-322c-496d-88d3-12bc657c6a82-1536x1536.webp",1536,1536,true],"2048x2048":["https:\/\/comercializadoraromo-cdmx.com\/t10\/wp-content\/uploads\/2024\/06\/2fe75738-322c-496d-88d3-12bc657c6a82.webp",2048,2048,false],"woocommerce_thumbnail":["https:\/\/comercializadoraromo-cdmx.com\/t10\/wp-content\/uploads\/2024\/06\/2fe75738-322c-496d-88d3-12bc657c6a82-300x300.webp",300,300,true],"woocommerce_single":["https:\/\/comercializadoraromo-cdmx.com\/t10\/wp-content\/uploads\/2024\/06\/2fe75738-322c-496d-88d3-12bc657c6a82-600x600.webp",600,600,true],"woocommerce_gallery_thumbnail":["https:\/\/comercializadoraromo-cdmx.com\/t10\/wp-content\/uploads\/2024\/06\/2fe75738-322c-496d-88d3-12bc657c6a82-100x100.webp",100,100,true]},"uagb_author_info":{"display_name":"eroblespimentel","author_link":"https:\/\/comercializadoraromo-cdmx.com\/t10\/author\/"},"uagb_comment_info":0,"uagb_excerpt":"Camiseta unisex de cuello redondo de peso pesado. \u00bfListo para explorar las galaxias con estilo? La camiseta \u201cEl Conejo Estelar\u201d te llevar\u00e1 m\u00e1s all\u00e1 de los l\u00edmites conocidos. Descubre por qu\u00e9 es uno de nuestros art\u00edculos m\u00e1s populares:","_links":{"self":[{"href":"https:\/\/comercializadoraromo-cdmx.com\/t10\/wp-json\/wp\/v2\/product\/4974","targetHints":{"allow":["GET"]}}],"collection":[{"href":"https:\/\/comercializadoraromo-cdmx.com\/t10\/wp-json\/wp\/v2\/product"}],"about":[{"href":"https:\/\/comercializadoraromo-cdmx.com\/t10\/wp-json\/wp\/v2\/types\/product"}],"wp:featuredmedia":[{"embeddable":true,"href":"https:\/\/comercializadoraromo-cdmx.com\/t10\/wp-json\/wp\/v2\/media\/6342"}],"wp:attachment":[{"href":"https:\/\/comercializadoraromo-cdmx.com\/t10\/wp-json\/wp\/v2\/media?parent=4974"}],"wp:term":[{"taxonomy":"product_brand","embeddable":true,"href":"https:\/\/comercializadoraromo-cdmx.com\/t10\/wp-json\/wp\/v2\/product_brand?post=4974"},{"taxonomy":"product_cat","embeddable":true,"href":"https:\/\/comercializadoraromo-cdmx.com\/t10\/wp-json\/wp\/v2\/product_cat?post=4974"},{"taxonomy":"product_tag","embeddable":true,"href":"https:\/\/comercializadoraromo-cdmx.com\/t10\/wp-json\/wp\/v2\/product_tag?post=4974"}],"curies":[{"name":"wp","href":"https:\/\/api.w.org\/{rel}","templated":true}]}}