{"id":4786,"date":"2024-02-07T23:44:16","date_gmt":"2024-02-07T23:44:16","guid":{"rendered":"https:\/\/comercializadoraromo-cdmx.com\/?post_type=product&#038;p=4786"},"modified":"2024-10-16T15:43:50","modified_gmt":"2024-10-16T15:43:50","slug":"cartoon-skate","status":"publish","type":"product","link":"https:\/\/comercializadoraromo-cdmx.com\/t10\/cartoon-skate\/","title":{"rendered":"Sudadera unisex Cartoon Skate"},"content":{"rendered":"<div>\n<h2>Sudadera Unisex Cartoon Skate: Descubre la Comodidad y Estilo<\/h2>\n<h3>Dise\u00f1o Juvenil y Original<\/h3>\n<p>D\u00e9jate envolver por la personalidad y originalidad que ofrece este dise\u00f1o vibrante y juvenil de un joven patinador en una atractiva caricatura.<\/p>\n<h4>Calidad Superior y Durabilidad<\/h4>\n<p>Elaborada con terry franc\u00e9s preencogido de hilado en anillos, esta sudadera garantiza suavidad y resistencia excepcionales, asegurando durabilidad y comodidad a largo plazo.<\/p>\n<h4>Ajuste Perfecto y Protecci\u00f3n<\/h4>\n<p>Con pu\u00f1os de canal\u00e9 1X1 con spandex, la sudadera se ajusta c\u00f3modamente a tus mu\u00f1ecas, protegi\u00e9ndote del fr\u00edo y brindando un estilo moderno.<\/p>\n<h4>Detalles Elegantes y Funcionales<\/h4>\n<p>El cord\u00f3n te\u00f1ido coordinado con el color de la sudadera aporta un toque de elegancia y armon\u00eda. Las costuras laterales y cubiertas garantizan una forma impecable y un acabado perfecto.<\/p>\n<h4>Personalizaci\u00f3n y Versatilidad<\/h4>\n<p>Con una etiqueta desprendible y un parche de casillero de 4&#8243; en la parte posterior del cuello, puedes personalizar tu sudadera con facilidad. Adem\u00e1s, el bolsillo frontal tipo canguro agrega funcionalidad y calidez.<\/p>\n<h4>Unisex y de Primera Calidad<\/h4>\n<p>Esta sudadera unisex de primera calidad se adapta tanto a hombres como a mujeres, asegurando un ajuste y estilo superiores para todos los gustos.<\/p>\n<p>No pierdas la oportunidad de adquirir tu Sudadera Unisex Cartoon Skate y experimenta la comodidad, el estilo y la calidad en una sola prenda. \u00a1Haz tu pedido ahora y aseg\u00farate de lucir y sentirte incre\u00edble! \u00a1Aprovecha esta oferta imperdible antes de que se agoten!<\/p>\n<p><strong>Gu\u00eda de tallas<\/strong><\/p>\n<\/div>\n<table>\n<tbody>\n<tr>\n<td><\/td>\n<td><strong>XS<\/strong><\/td>\n<td><strong>S<\/strong><\/td>\n<td><strong>M<\/strong><\/td>\n<td><strong>L<\/strong><\/td>\n<td><strong>XL<\/strong><\/td>\n<td><strong>2XL<\/strong><\/td>\n<td><strong>3XL<\/strong><\/td>\n<td><strong>4XL<\/strong><\/td>\n<\/tr>\n<tr>\n<td><strong>A) Longitud(cm)<\/strong><\/td>\n<td>64.8<\/td>\n<td>67.3<\/td>\n<td>69.9<\/td>\n<td>72.4<\/td>\n<td>74.9<\/td>\n<td>77.5<\/td>\n<td>80<\/td>\n<td>86.7<\/td>\n<\/tr>\n<tr>\n<td><strong>B) Medio pecho (cm)<\/strong><\/td>\n<td>49.5<\/td>\n<td>52.1<\/td>\n<td>54.6<\/td>\n<td>57.2<\/td>\n<td>59.7<\/td>\n<td>62.2<\/td>\n<td>64.8<\/td>\n<td>74.9<\/td>\n<\/tr>\n<tr>\n<td><strong>C) Longitud de la manga (cm)<\/strong><\/td>\n<td>83.8<\/td>\n<td>86.4<\/td>\n<td>88.9<\/td>\n<td>91.4<\/td>\n<td>94<\/td>\n<td>96.5<\/td>\n<td>99.1<\/td>\n<td>101.6<\/td>\n<\/tr>\n<\/tbody>\n<\/table>\n<table>\n<tbody>\n<tr>\n<td><\/td>\n<td><strong>XS<\/strong><\/td>\n<td><strong>S<\/strong><\/td>\n<td><strong>M<\/strong><\/td>\n<td><strong>L<\/strong><\/td>\n<td><strong>XL<\/strong><\/td>\n<td><strong>2XL<\/strong><\/td>\n<td><strong>3XL<\/strong><\/td>\n<td><strong>4XL<\/strong><\/td>\n<\/tr>\n<tr>\n<td><strong>A) Longitud(pulgadas)<\/strong><\/td>\n<td>25.5<\/td>\n<td>26.5<\/td>\n<td>27.5<\/td>\n<td>28.5<\/td>\n<td>29.5<\/td>\n<td>30.5<\/td>\n<td>31.5<\/td>\n<td>34.1<\/td>\n<\/tr>\n<tr>\n<td><strong>B) Medio pecho (pulgadas)<\/strong><\/td>\n<td>19.5<\/td>\n<td>20.5<\/td>\n<td>21.5<\/td>\n<td>22.5<\/td>\n<td>23.5<\/td>\n<td>24.5<\/td>\n<td>25.5<\/td>\n<td>29.5<\/td>\n<\/tr>\n<tr>\n<td><strong>C) Longitud de la manga (pulgadas)<\/strong><\/td>\n<td>33<\/td>\n<td>34<\/td>\n<td>35<\/td>\n<td>36<\/td>\n<td>37<\/td>\n<td>38<\/td>\n<td>39<\/td>\n<td>40<\/td>\n<\/tr>\n<\/tbody>\n<\/table>\n<p><strong>Instrucciones de cuidado<\/strong><\/p>\n<table>\n<tbody>\n<tr>\n<td>Lavado<\/td>\n<td>Lavar a m\u00e1quina con agua tibia (m\u00e1ximo 40 \u00b0C o 105 \u00b0F), lavar la prenda del rev\u00e9s con colores similares.<\/td>\n<\/tr>\n<tr>\n<td>Secar en secadora<\/td>\n<td>Bajo<\/td>\n<\/tr>\n<tr>\n<td>Lej\u00eda<\/td>\n<td>Solo sin cloro<\/td>\n<\/tr>\n<tr>\n<td>Lavado en seco<\/td>\n<td>No lavar en seco<\/td>\n<\/tr>\n<tr>\n<td>Planchado<\/td>\n<td>No planchar<\/td>\n<\/tr>\n<\/tbody>\n<\/table>\n","protected":false},"excerpt":{"rendered":"<p>Sudadera con capucha unisex premium: Cartoon Skate. \u00bfBuscas una sudadera con capucha que sea c\u00f3moda, duradera y con estilo?<\/p>\n<p>Entonces no te puedes perder esta sudadera con un dise\u00f1o juvenil de un joven patinando la imagen de una especie de caricatura con colores llamativos y modernos. Es una sudadera unisex de primera calidad que te ofrece todo lo que necesitas para sentirte bien y lucir bien.<\/p>\n","protected":false},"featured_media":6879,"template":"","meta":{"_uag_custom_page_level_css":"","site-sidebar-layout":"default","site-content-layout":"","ast-site-content-layout":"default","site-content-style":"default","site-sidebar-style":"default","ast-global-header-display":"","ast-banner-title-visibility":"","ast-main-header-display":"","ast-hfb-above-header-display":"","ast-hfb-below-header-display":"","ast-hfb-mobile-header-display":"","site-post-title":"","ast-breadcrumbs-content":"","ast-featured-img":"","footer-sml-layout":"","theme-transparent-header-meta":"default","adv-header-id-meta":"","stick-header-meta":"","header-above-stick-meta":"","header-main-stick-meta":"","header-below-stick-meta":"","astra-migrate-meta-layouts":"set","ast-page-background-enabled":"default","ast-page-background-meta":{"desktop":{"background-color":"","background-image":"","background-repeat":"repeat","background-position":"center center","background-size":"auto","background-attachment":"scroll","background-type":"","background-media":"","overlay-type":"","overlay-color":"","overlay-opacity":"","overlay-gradient":""},"tablet":{"background-color":"","background-image":"","background-repeat":"repeat","background-position":"center center","background-size":"auto","background-attachment":"scroll","background-type":"","background-media":"","overlay-type":"","overlay-color":"","overlay-opacity":"","overlay-gradient":""},"mobile":{"background-color":"","background-image":"","background-repeat":"repeat","background-position":"center center","background-size":"auto","background-attachment":"scroll","background-type":"","background-media":"","overlay-type":"","overlay-color":"","overlay-opacity":"","overlay-gradient":""}},"ast-content-background-meta":{"desktop":{"background-color":"var(--ast-global-color-5)","background-image":"","background-repeat":"repeat","background-position":"center center","background-size":"auto","background-attachment":"scroll","background-type":"","background-media":"","overlay-type":"","overlay-color":"","overlay-opacity":"","overlay-gradient":""},"tablet":{"background-color":"var(--ast-global-color-5)","background-image":"","background-repeat":"repeat","background-position":"center center","background-size":"auto","background-attachment":"scroll","background-type":"","background-media":"","overlay-type":"","overlay-color":"","overlay-opacity":"","overlay-gradient":""},"mobile":{"background-color":"var(--ast-global-color-5)","background-image":"","background-repeat":"repeat","background-position":"center center","background-size":"auto","background-attachment":"scroll","background-type":"","background-media":"","overlay-type":"","overlay-color":"","overlay-opacity":"","overlay-gradient":""}}},"product_brand":[],"product_cat":[255],"product_tag":[],"class_list":{"0":"post-4786","1":"product","2":"type-product","3":"status-publish","4":"has-post-thumbnail","6":"product_cat-sudaderas-de-algodon","7":"desktop-align-left","8":"tablet-align-left","9":"mobile-align-left","11":"first","12":"instock","13":"shipping-taxable","14":"purchasable","15":"product-type-variable"},"yoast_head":"<!-- This site is optimized with the Yoast SEO plugin v27.2 - https:\/\/yoast.com\/product\/yoast-seo-wordpress\/ -->\n<title>Sudadera unisex Cartoon Skate<\/title>\n<meta name=\"description\" content=\"Sudadera con capucha unisex premium: Cartoon Skate. dise\u00f1o juvenil la imagen de una especie de caricatura con colores llamativos y modernos.\" \/>\n<meta name=\"robots\" content=\"index, follow, max-snippet:-1, max-image-preview:large, max-video-preview:-1\" \/>\n<link rel=\"canonical\" href=\"https:\/\/comercializadoraromo-cdmx.com\/t10\/cartoon-skate\/\" \/>\n<meta property=\"og:locale\" content=\"es_ES\" \/>\n<meta property=\"og:type\" content=\"article\" \/>\n<meta property=\"og:title\" content=\"Sudadera unisex Cartoon Skate\" \/>\n<meta property=\"og:description\" content=\"Sudadera con capucha unisex premium: Cartoon Skate. dise\u00f1o juvenil la imagen de una especie de caricatura con colores llamativos y modernos.\" \/>\n<meta property=\"og:url\" content=\"https:\/\/comercializadoraromo-cdmx.com\/t10\/cartoon-skate\/\" \/>\n<meta property=\"og:site_name\" content=\"Productos sostenibles para un futuro mejor. \u00danete al cambio hoy\" \/>\n<meta property=\"article:publisher\" content=\"https:\/\/www.facebook.com\/share\/15DBPCzVEuE\/\" \/>\n<meta property=\"article:modified_time\" content=\"2024-10-16T15:43:50+00:00\" \/>\n<meta property=\"og:image\" content=\"https:\/\/comercializadoraromo-cdmx.com\/t10\/wp-content\/uploads\/2024\/08\/fff77029-ab03-47d7-a1d1-80331c750911.webp\" \/>\n\t<meta property=\"og:image:width\" content=\"2048\" \/>\n\t<meta property=\"og:image:height\" content=\"2048\" \/>\n\t<meta property=\"og:image:type\" content=\"image\/webp\" \/>\n<meta name=\"twitter:card\" content=\"summary_large_image\" \/>\n<meta name=\"twitter:label1\" content=\"Tiempo de lectura\" \/>\n\t<meta name=\"twitter:data1\" content=\"2 minutos\" \/>\n<script type=\"application\/ld+json\" class=\"yoast-schema-graph\">{\"@context\":\"https:\/\/schema.org\",\"@graph\":[{\"@type\":\"WebPage\",\"@id\":\"https:\/\/comercializadoraromo-cdmx.com\/t10\/cartoon-skate\/\",\"url\":\"https:\/\/comercializadoraromo-cdmx.com\/t10\/cartoon-skate\/\",\"name\":\"Sudadera unisex Cartoon Skate\",\"isPartOf\":{\"@id\":\"https:\/\/comercializadoraromo-cdmx.com\/t10\/#website\"},\"primaryImageOfPage\":{\"@id\":\"https:\/\/comercializadoraromo-cdmx.com\/t10\/cartoon-skate\/#primaryimage\"},\"image\":{\"@id\":\"https:\/\/comercializadoraromo-cdmx.com\/t10\/cartoon-skate\/#primaryimage\"},\"thumbnailUrl\":\"https:\/\/comercializadoraromo-cdmx.com\/t10\/wp-content\/uploads\/2024\/08\/fff77029-ab03-47d7-a1d1-80331c750911.webp\",\"datePublished\":\"2024-02-07T23:44:16+00:00\",\"dateModified\":\"2024-10-16T15:43:50+00:00\",\"description\":\"Sudadera con capucha unisex premium: Cartoon Skate. dise\u00f1o juvenil la imagen de una especie de caricatura con colores llamativos y modernos.\",\"breadcrumb\":{\"@id\":\"https:\/\/comercializadoraromo-cdmx.com\/t10\/cartoon-skate\/#breadcrumb\"},\"inLanguage\":\"es\",\"potentialAction\":[{\"@type\":\"ReadAction\",\"target\":[\"https:\/\/comercializadoraromo-cdmx.com\/t10\/cartoon-skate\/\"]}]},{\"@type\":\"ImageObject\",\"inLanguage\":\"es\",\"@id\":\"https:\/\/comercializadoraromo-cdmx.com\/t10\/cartoon-skate\/#primaryimage\",\"url\":\"https:\/\/comercializadoraromo-cdmx.com\/t10\/wp-content\/uploads\/2024\/08\/fff77029-ab03-47d7-a1d1-80331c750911.webp\",\"contentUrl\":\"https:\/\/comercializadoraromo-cdmx.com\/t10\/wp-content\/uploads\/2024\/08\/fff77029-ab03-47d7-a1d1-80331c750911.webp\",\"width\":2048,\"height\":2048,\"caption\":\"Sudadera unisex Cartoon Skate: sudadera con capucha negro\"},{\"@type\":\"BreadcrumbList\",\"@id\":\"https:\/\/comercializadoraromo-cdmx.com\/t10\/cartoon-skate\/#breadcrumb\",\"itemListElement\":[{\"@type\":\"ListItem\",\"position\":1,\"name\":\"Portada\",\"item\":\"https:\/\/comercializadoraromo-cdmx.com\/t10\/\"},{\"@type\":\"ListItem\",\"position\":2,\"name\":\"Tienda Moda Sustentable Certificada en M\u00e9xico | RoMo\",\"item\":\"https:\/\/comercializadoraromo-cdmx.com\/t10\/tienda\/\"},{\"@type\":\"ListItem\",\"position\":3,\"name\":\"Sudadera unisex Cartoon Skate\"}]},{\"@type\":\"WebSite\",\"@id\":\"https:\/\/comercializadoraromo-cdmx.com\/t10\/#website\",\"url\":\"https:\/\/comercializadoraromo-cdmx.com\/t10\/\",\"name\":\"Comercializadora RoMo\",\"description\":\"Productos sostenibles para un futuro mejor. \u00danete al cambio hoy\",\"publisher\":{\"@id\":\"https:\/\/comercializadoraromo-cdmx.com\/t10\/#organization\"},\"potentialAction\":[{\"@type\":\"SearchAction\",\"target\":{\"@type\":\"EntryPoint\",\"urlTemplate\":\"https:\/\/comercializadoraromo-cdmx.com\/t10\/?s={search_term_string}\"},\"query-input\":{\"@type\":\"PropertyValueSpecification\",\"valueRequired\":true,\"valueName\":\"search_term_string\"}}],\"inLanguage\":\"es\"},{\"@type\":\"Organization\",\"@id\":\"https:\/\/comercializadoraromo-cdmx.com\/t10\/#organization\",\"name\":\"Comercializadora RoMo\",\"url\":\"https:\/\/comercializadoraromo-cdmx.com\/t10\/\",\"logo\":{\"@type\":\"ImageObject\",\"inLanguage\":\"es\",\"@id\":\"https:\/\/comercializadoraromo-cdmx.com\/t10\/#\/schema\/logo\/image\/\",\"url\":\"https:\/\/comercializadoraromo-cdmx.com\/t10\/wp-content\/uploads\/2024\/01\/cropped-Logo-comercializadora-scaled-1.webp\",\"contentUrl\":\"https:\/\/comercializadoraromo-cdmx.com\/t10\/wp-content\/uploads\/2024\/01\/cropped-Logo-comercializadora-scaled-1.webp\",\"width\":2472,\"height\":1700,\"caption\":\"Comercializadora RoMo\"},\"image\":{\"@id\":\"https:\/\/comercializadoraromo-cdmx.com\/t10\/#\/schema\/logo\/image\/\"},\"sameAs\":[\"https:\/\/www.facebook.com\/share\/15DBPCzVEuE\/\"]}]}<\/script>\n<!-- \/ Yoast SEO plugin. -->","yoast_head_json":{"title":"Sudadera unisex Cartoon Skate","description":"Sudadera con capucha unisex premium: Cartoon Skate. dise\u00f1o juvenil la imagen de una especie de caricatura con colores llamativos y modernos.","robots":{"index":"index","follow":"follow","max-snippet":"max-snippet:-1","max-image-preview":"max-image-preview:large","max-video-preview":"max-video-preview:-1"},"canonical":"https:\/\/comercializadoraromo-cdmx.com\/t10\/cartoon-skate\/","og_locale":"es_ES","og_type":"article","og_title":"Sudadera unisex Cartoon Skate","og_description":"Sudadera con capucha unisex premium: Cartoon Skate. dise\u00f1o juvenil la imagen de una especie de caricatura con colores llamativos y modernos.","og_url":"https:\/\/comercializadoraromo-cdmx.com\/t10\/cartoon-skate\/","og_site_name":"Productos sostenibles para un futuro mejor. \u00danete al cambio hoy","article_publisher":"https:\/\/www.facebook.com\/share\/15DBPCzVEuE\/","article_modified_time":"2024-10-16T15:43:50+00:00","og_image":[{"width":2048,"height":2048,"url":"https:\/\/comercializadoraromo-cdmx.com\/t10\/wp-content\/uploads\/2024\/08\/fff77029-ab03-47d7-a1d1-80331c750911.webp","type":"image\/webp"}],"twitter_card":"summary_large_image","twitter_misc":{"Tiempo de lectura":"2 minutos"},"schema":{"@context":"https:\/\/schema.org","@graph":[{"@type":"WebPage","@id":"https:\/\/comercializadoraromo-cdmx.com\/t10\/cartoon-skate\/","url":"https:\/\/comercializadoraromo-cdmx.com\/t10\/cartoon-skate\/","name":"Sudadera unisex Cartoon Skate","isPartOf":{"@id":"https:\/\/comercializadoraromo-cdmx.com\/t10\/#website"},"primaryImageOfPage":{"@id":"https:\/\/comercializadoraromo-cdmx.com\/t10\/cartoon-skate\/#primaryimage"},"image":{"@id":"https:\/\/comercializadoraromo-cdmx.com\/t10\/cartoon-skate\/#primaryimage"},"thumbnailUrl":"https:\/\/comercializadoraromo-cdmx.com\/t10\/wp-content\/uploads\/2024\/08\/fff77029-ab03-47d7-a1d1-80331c750911.webp","datePublished":"2024-02-07T23:44:16+00:00","dateModified":"2024-10-16T15:43:50+00:00","description":"Sudadera con capucha unisex premium: Cartoon Skate. dise\u00f1o juvenil la imagen de una especie de caricatura con colores llamativos y modernos.","breadcrumb":{"@id":"https:\/\/comercializadoraromo-cdmx.com\/t10\/cartoon-skate\/#breadcrumb"},"inLanguage":"es","potentialAction":[{"@type":"ReadAction","target":["https:\/\/comercializadoraromo-cdmx.com\/t10\/cartoon-skate\/"]}]},{"@type":"ImageObject","inLanguage":"es","@id":"https:\/\/comercializadoraromo-cdmx.com\/t10\/cartoon-skate\/#primaryimage","url":"https:\/\/comercializadoraromo-cdmx.com\/t10\/wp-content\/uploads\/2024\/08\/fff77029-ab03-47d7-a1d1-80331c750911.webp","contentUrl":"https:\/\/comercializadoraromo-cdmx.com\/t10\/wp-content\/uploads\/2024\/08\/fff77029-ab03-47d7-a1d1-80331c750911.webp","width":2048,"height":2048,"caption":"Sudadera unisex Cartoon Skate: sudadera con capucha negro"},{"@type":"BreadcrumbList","@id":"https:\/\/comercializadoraromo-cdmx.com\/t10\/cartoon-skate\/#breadcrumb","itemListElement":[{"@type":"ListItem","position":1,"name":"Portada","item":"https:\/\/comercializadoraromo-cdmx.com\/t10\/"},{"@type":"ListItem","position":2,"name":"Tienda Moda Sustentable Certificada en M\u00e9xico | RoMo","item":"https:\/\/comercializadoraromo-cdmx.com\/t10\/tienda\/"},{"@type":"ListItem","position":3,"name":"Sudadera unisex Cartoon Skate"}]},{"@type":"WebSite","@id":"https:\/\/comercializadoraromo-cdmx.com\/t10\/#website","url":"https:\/\/comercializadoraromo-cdmx.com\/t10\/","name":"Comercializadora RoMo","description":"Productos sostenibles para un futuro mejor. \u00danete al cambio hoy","publisher":{"@id":"https:\/\/comercializadoraromo-cdmx.com\/t10\/#organization"},"potentialAction":[{"@type":"SearchAction","target":{"@type":"EntryPoint","urlTemplate":"https:\/\/comercializadoraromo-cdmx.com\/t10\/?s={search_term_string}"},"query-input":{"@type":"PropertyValueSpecification","valueRequired":true,"valueName":"search_term_string"}}],"inLanguage":"es"},{"@type":"Organization","@id":"https:\/\/comercializadoraromo-cdmx.com\/t10\/#organization","name":"Comercializadora RoMo","url":"https:\/\/comercializadoraromo-cdmx.com\/t10\/","logo":{"@type":"ImageObject","inLanguage":"es","@id":"https:\/\/comercializadoraromo-cdmx.com\/t10\/#\/schema\/logo\/image\/","url":"https:\/\/comercializadoraromo-cdmx.com\/t10\/wp-content\/uploads\/2024\/01\/cropped-Logo-comercializadora-scaled-1.webp","contentUrl":"https:\/\/comercializadoraromo-cdmx.com\/t10\/wp-content\/uploads\/2024\/01\/cropped-Logo-comercializadora-scaled-1.webp","width":2472,"height":1700,"caption":"Comercializadora RoMo"},"image":{"@id":"https:\/\/comercializadoraromo-cdmx.com\/t10\/#\/schema\/logo\/image\/"},"sameAs":["https:\/\/www.facebook.com\/share\/15DBPCzVEuE\/"]}]}},"uagb_featured_image_src":{"full":["https:\/\/comercializadoraromo-cdmx.com\/t10\/wp-content\/uploads\/2024\/08\/fff77029-ab03-47d7-a1d1-80331c750911.webp",2048,2048,false],"thumbnail":["https:\/\/comercializadoraromo-cdmx.com\/t10\/wp-content\/uploads\/2024\/08\/fff77029-ab03-47d7-a1d1-80331c750911-150x150.webp",150,150,true],"medium":["https:\/\/comercializadoraromo-cdmx.com\/t10\/wp-content\/uploads\/2024\/08\/fff77029-ab03-47d7-a1d1-80331c750911-300x300.webp",300,300,true],"medium_large":["https:\/\/comercializadoraromo-cdmx.com\/t10\/wp-content\/uploads\/2024\/08\/fff77029-ab03-47d7-a1d1-80331c750911-768x768.webp",768,768,true],"large":["https:\/\/comercializadoraromo-cdmx.com\/t10\/wp-content\/uploads\/2024\/08\/fff77029-ab03-47d7-a1d1-80331c750911-1024x1024.webp",1024,1024,true],"1536x1536":["https:\/\/comercializadoraromo-cdmx.com\/t10\/wp-content\/uploads\/2024\/08\/fff77029-ab03-47d7-a1d1-80331c750911-1536x1536.webp",1536,1536,true],"2048x2048":["https:\/\/comercializadoraromo-cdmx.com\/t10\/wp-content\/uploads\/2024\/08\/fff77029-ab03-47d7-a1d1-80331c750911.webp",2048,2048,false],"woocommerce_thumbnail":["https:\/\/comercializadoraromo-cdmx.com\/t10\/wp-content\/uploads\/2024\/08\/fff77029-ab03-47d7-a1d1-80331c750911-300x300.webp",300,300,true],"woocommerce_single":["https:\/\/comercializadoraromo-cdmx.com\/t10\/wp-content\/uploads\/2024\/08\/fff77029-ab03-47d7-a1d1-80331c750911-600x600.webp",600,600,true],"woocommerce_gallery_thumbnail":["https:\/\/comercializadoraromo-cdmx.com\/t10\/wp-content\/uploads\/2024\/08\/fff77029-ab03-47d7-a1d1-80331c750911-100x100.webp",100,100,true]},"uagb_author_info":{"display_name":"eroblespimentel","author_link":"https:\/\/comercializadoraromo-cdmx.com\/t10\/author\/"},"uagb_comment_info":0,"uagb_excerpt":"Sudadera con capucha unisex premium: Cartoon Skate. \u00bfBuscas una sudadera con capucha que sea c\u00f3moda, duradera y con estilo? Entonces no te puedes perder esta sudadera con un dise\u00f1o juvenil de un joven patinando la imagen de una especie de caricatura con colores llamativos y modernos. Es una sudadera unisex de primera calidad que te&hellip;","_links":{"self":[{"href":"https:\/\/comercializadoraromo-cdmx.com\/t10\/wp-json\/wp\/v2\/product\/4786","targetHints":{"allow":["GET"]}}],"collection":[{"href":"https:\/\/comercializadoraromo-cdmx.com\/t10\/wp-json\/wp\/v2\/product"}],"about":[{"href":"https:\/\/comercializadoraromo-cdmx.com\/t10\/wp-json\/wp\/v2\/types\/product"}],"wp:featuredmedia":[{"embeddable":true,"href":"https:\/\/comercializadoraromo-cdmx.com\/t10\/wp-json\/wp\/v2\/media\/6879"}],"wp:attachment":[{"href":"https:\/\/comercializadoraromo-cdmx.com\/t10\/wp-json\/wp\/v2\/media?parent=4786"}],"wp:term":[{"taxonomy":"product_brand","embeddable":true,"href":"https:\/\/comercializadoraromo-cdmx.com\/t10\/wp-json\/wp\/v2\/product_brand?post=4786"},{"taxonomy":"product_cat","embeddable":true,"href":"https:\/\/comercializadoraromo-cdmx.com\/t10\/wp-json\/wp\/v2\/product_cat?post=4786"},{"taxonomy":"product_tag","embeddable":true,"href":"https:\/\/comercializadoraromo-cdmx.com\/t10\/wp-json\/wp\/v2\/product_tag?post=4786"}],"curies":[{"name":"wp","href":"https:\/\/api.w.org\/{rel}","templated":true}]}}