{"id":4764,"date":"2024-02-07T16:30:54","date_gmt":"2024-02-07T16:30:54","guid":{"rendered":"https:\/\/comercializadoraromo-cdmx.com\/?post_type=product&#038;p=4764"},"modified":"2025-02-04T20:04:22","modified_gmt":"2025-02-04T20:04:22","slug":"corazon-bionico","status":"publish","type":"product","link":"https:\/\/comercializadoraromo-cdmx.com\/t10\/corazon-bionico\/","title":{"rendered":"Camiseta unisex Coraz\u00f3n Bi\u00f3nico"},"content":{"rendered":"<h2><strong>Playera Unisex Coraz\u00f3n Bi\u00f3nico. Pero no solo es una camiseta bonita, sino tambi\u00e9n c\u00f3moda y de calidad.<\/strong><\/h2>\n<p>Camiseta unisex Coraz\u00f3n Bi\u00f3nico. \u00bfTe gustan las camisetas con estilo y personalidad? Entonces, te encantar\u00e1 nuestra <strong>Playera Unisex<\/strong>. Este dise\u00f1o original y futurista presenta un coraz\u00f3n con implantes de chip que parece cibern\u00e9tico, perfecto para los amantes de la ciencia ficci\u00f3n, la tecnolog\u00eda y el ciberpunk.<\/p>\n<h3><strong>Comodidad y Calidad<\/strong><\/h3>\n<p>Nuestra camiseta no solo es visualmente atractiva, sino tambi\u00e9n incre\u00edblemente c\u00f3moda. Est\u00e1 confeccionada con suaves mezclas de\u00a0<strong>algod\u00f3n peinado y ring-spun<\/strong>, lo que le da una textura suave y agradable al tacto. Adem\u00e1s, cuenta con\u00a0<strong>mangas ragl\u00e1n 3\/4<\/strong>\u00a0y colores en contraste, aportando un toque de elegancia y originalidad.<\/p>\n<h3><strong>Durabilidad y Estilo<\/strong><\/h3>\n<p>El cuello y los hombros est\u00e1n sellados para garantizar mayor durabilidad. El corte cl\u00e1sico favorece y se adapta a tu figura, haciendo que te sientas c\u00f3modo y seguro.<\/p>\n<h3><strong>Personalizaci\u00f3n y Rapidez<\/strong><\/h3>\n<p>Lo mejor de todo es que esta camiseta se fabrica bajo demanda, sin m\u00ednimos. Puedes pedir la tuya en la talla que prefieras y la recibir\u00e1s en poco tiempo. No dejes pasar esta oportunidad de lucir una camiseta \u00fanica y diferente, que refleja tu personalidad y tu gusto por el arte y la innovaci\u00f3n.<\/p>\n<h4><strong>Beneficios y Ventajas<\/strong><\/h4>\n<p>&nbsp;<\/p>\n<table>\n<thead>\n<tr>\n<td><strong>Caracter\u00edsticas<\/strong><\/td>\n<td><strong>Beneficios<\/strong><\/td>\n<\/tr>\n<\/thead>\n<tbody>\n<tr>\n<td><strong>Dise\u00f1o de coraz\u00f3n bi\u00f3nico<\/strong><\/td>\n<td>Te hace destacar y mostrar tu estilo<\/td>\n<\/tr>\n<tr>\n<td><strong>Mezclas de algod\u00f3n peinado y ring-spun<\/strong><\/td>\n<td>Te brinda comodidad y suavidad<\/td>\n<\/tr>\n<tr>\n<td><strong>Mangas ragl\u00e1n 3\/4 y colores en contraste<\/strong><\/td>\n<td>Te aporta elegancia y originalidad<\/td>\n<\/tr>\n<tr>\n<td><strong>Cuello y hombros sellados<\/strong><\/td>\n<td>Te garantiza durabilidad y resistencia<\/td>\n<\/tr>\n<tr>\n<td><strong>Corte cl\u00e1sico<\/strong><\/td>\n<td>Te favorece y se adapta a tu figura<\/td>\n<\/tr>\n<tr>\n<td><strong>Fabricaci\u00f3n bajo demanda<\/strong><\/td>\n<td>Te permite personalizar tu pedido y recibirlo r\u00e1pido<\/td>\n<\/tr>\n<\/tbody>\n<\/table>\n<p>No esperes m\u00e1s y hazte con tu\u00a0<strong>Camiseta Unisex con Dise\u00f1o de Coraz\u00f3n Bi\u00f3nico<\/strong>. Estamos seguros de que te encantar\u00e1 y te har\u00e1 sentir genial.<\/p>\n<p>&nbsp;<\/p>\n<p><strong>Gu\u00eda de tallas<\/strong><\/p>\n<table>\n<tbody>\n<tr>\n<td><\/td>\n<td><strong>S<\/strong><\/td>\n<td><strong>M<\/strong><\/td>\n<td><strong>L<\/strong><\/td>\n<td><strong>XL<\/strong><\/td>\n<td><strong>2XL<\/strong><\/td>\n<\/tr>\n<tr>\n<td><strong>A) Longitud(cm)<\/strong><\/td>\n<td>69.9<\/td>\n<td>72.4<\/td>\n<td>74.9<\/td>\n<td>77.5<\/td>\n<td>80<\/td>\n<\/tr>\n<tr>\n<td><strong>B) Medio pecho (cm)<\/strong><\/td>\n<td>44.8<\/td>\n<td>49.9<\/td>\n<td>54.9<\/td>\n<td>60<\/td>\n<td>65.1<\/td>\n<\/tr>\n<tr>\n<td><strong>C) Longitud de la manga (cm)<\/strong><\/td>\n<td>60.2<\/td>\n<td>62.1<\/td>\n<td>64<\/td>\n<td>65.9<\/td>\n<td>67.8<\/td>\n<\/tr>\n<\/tbody>\n<\/table>\n<table>\n<tbody>\n<tr>\n<td><\/td>\n<td><strong>S<\/strong><\/td>\n<td><strong>M<\/strong><\/td>\n<td><strong>L<\/strong><\/td>\n<td><strong>XL<\/strong><\/td>\n<td><strong>2XL<\/strong><\/td>\n<\/tr>\n<tr>\n<td><strong>A) Longitud(pulgadas)<\/strong><\/td>\n<td>27.5<\/td>\n<td>28.5<\/td>\n<td>29.5<\/td>\n<td>30.5<\/td>\n<td>31.5<\/td>\n<\/tr>\n<tr>\n<td><strong>B) Medio pecho (pulgadas)<\/strong><\/td>\n<td>17.6<\/td>\n<td>19.6<\/td>\n<td>21.6<\/td>\n<td>23.6<\/td>\n<td>25.6<\/td>\n<\/tr>\n<tr>\n<td><strong>C) Longitud de la manga (pulgadas)<\/strong><\/td>\n<td>23.7<\/td>\n<td>24.4<\/td>\n<td>25.2<\/td>\n<td>25.9<\/td>\n<td>26.7<\/td>\n<\/tr>\n<\/tbody>\n<\/table>\n<p><strong>Instrucciones de cuidado<\/strong><\/p>\n<table>\n<tbody>\n<tr>\n<td>Lavar<\/td>\n<td>Lavar a m\u00e1quina con agua tibia (m\u00e1ximo 40 \u00b0C o 105 \u00b0F), lavar la prenda del rev\u00e9s con colores similares.<\/td>\n<\/tr>\n<tr>\n<td>Secar en secadora<\/td>\n<td>Bajo<\/td>\n<\/tr>\n<tr>\n<td>Lej\u00eda<\/td>\n<td>Solo sin cloro<\/td>\n<\/tr>\n<tr>\n<td>Lavado en seco<\/td>\n<td>No lavar en seco<\/td>\n<\/tr>\n<tr>\n<td>Planchado<\/td>\n<td>No planchar<\/td>\n<\/tr>\n<\/tbody>\n<\/table>\n","protected":false},"excerpt":{"rendered":"<p>Camiseta unisex manga 3\/4 ragl\u00e1n: Coraz\u00f3n Bi\u00f3nico. \u00bfTe gustan las camisetas con estilo y personalidad?<\/p>\n<p>Entonces te encantar\u00e1 nuestra <strong>Camiseta<\/strong>. Esta camiseta tiene un dise\u00f1o original y futurista de un coraz\u00f3n con implantes de chip que parece cibern\u00e9tico. Es perfecta para los amantes de la ciencia ficci\u00f3n, la tecnolog\u00eda y el ciberpunk.<\/p>\n","protected":false},"featured_media":6406,"template":"","meta":{"_uag_custom_page_level_css":"","site-sidebar-layout":"default","site-content-layout":"","ast-site-content-layout":"default","site-content-style":"default","site-sidebar-style":"default","ast-global-header-display":"","ast-banner-title-visibility":"","ast-main-header-display":"","ast-hfb-above-header-display":"","ast-hfb-below-header-display":"","ast-hfb-mobile-header-display":"","site-post-title":"","ast-breadcrumbs-content":"","ast-featured-img":"","footer-sml-layout":"","theme-transparent-header-meta":"default","adv-header-id-meta":"","stick-header-meta":"","header-above-stick-meta":"","header-main-stick-meta":"","header-below-stick-meta":"","astra-migrate-meta-layouts":"set","ast-page-background-enabled":"default","ast-page-background-meta":{"desktop":{"background-color":"","background-image":"","background-repeat":"repeat","background-position":"center center","background-size":"auto","background-attachment":"scroll","background-type":"","background-media":"","overlay-type":"","overlay-color":"","overlay-opacity":"","overlay-gradient":""},"tablet":{"background-color":"","background-image":"","background-repeat":"repeat","background-position":"center center","background-size":"auto","background-attachment":"scroll","background-type":"","background-media":"","overlay-type":"","overlay-color":"","overlay-opacity":"","overlay-gradient":""},"mobile":{"background-color":"","background-image":"","background-repeat":"repeat","background-position":"center center","background-size":"auto","background-attachment":"scroll","background-type":"","background-media":"","overlay-type":"","overlay-color":"","overlay-opacity":"","overlay-gradient":""}},"ast-content-background-meta":{"desktop":{"background-color":"var(--ast-global-color-5)","background-image":"","background-repeat":"repeat","background-position":"center center","background-size":"auto","background-attachment":"scroll","background-type":"","background-media":"","overlay-type":"","overlay-color":"","overlay-opacity":"","overlay-gradient":""},"tablet":{"background-color":"var(--ast-global-color-5)","background-image":"","background-repeat":"repeat","background-position":"center center","background-size":"auto","background-attachment":"scroll","background-type":"","background-media":"","overlay-type":"","overlay-color":"","overlay-opacity":"","overlay-gradient":""},"mobile":{"background-color":"var(--ast-global-color-5)","background-image":"","background-repeat":"repeat","background-position":"center center","background-size":"auto","background-attachment":"scroll","background-type":"","background-media":"","overlay-type":"","overlay-color":"","overlay-opacity":"","overlay-gradient":""}}},"product_brand":[],"product_cat":[196],"product_tag":[],"class_list":{"0":"post-4764","1":"product","2":"type-product","3":"status-publish","4":"has-post-thumbnail","6":"product_cat-camiseta-de-algodon","7":"desktop-align-left","8":"tablet-align-left","9":"mobile-align-left","11":"first","12":"instock","13":"shipping-taxable","14":"purchasable","15":"product-type-variable"},"yoast_head":"<!-- This site is optimized with the Yoast SEO plugin v27.2 - https:\/\/yoast.com\/product\/yoast-seo-wordpress\/ -->\n<title>Camiseta unisex Coraz\u00f3n Bi\u00f3nico<\/title>\n<meta name=\"description\" content=\"Camiseta unisex manga 3\/4 ragl\u00e1n: Coraz\u00f3n Bi\u00f3nico. suaves mezclas de algod\u00f3n peinado y ring-spun, que le dan una textura suave y agradable al tacto.\" \/>\n<meta name=\"robots\" content=\"index, follow, max-snippet:-1, max-image-preview:large, max-video-preview:-1\" \/>\n<link rel=\"canonical\" href=\"https:\/\/comercializadoraromo-cdmx.com\/t10\/corazon-bionico\/\" \/>\n<meta property=\"og:locale\" content=\"es_ES\" \/>\n<meta property=\"og:type\" content=\"article\" \/>\n<meta property=\"og:title\" content=\"Camiseta unisex Coraz\u00f3n Bi\u00f3nico\" \/>\n<meta property=\"og:description\" content=\"Camiseta unisex manga 3\/4 ragl\u00e1n: Coraz\u00f3n Bi\u00f3nico. suaves mezclas de algod\u00f3n peinado y ring-spun, que le dan una textura suave y agradable al tacto.\" \/>\n<meta property=\"og:url\" content=\"https:\/\/comercializadoraromo-cdmx.com\/t10\/corazon-bionico\/\" \/>\n<meta property=\"og:site_name\" content=\"Productos sostenibles para un futuro mejor. \u00danete al cambio hoy\" \/>\n<meta property=\"article:publisher\" content=\"https:\/\/www.facebook.com\/share\/15DBPCzVEuE\/\" \/>\n<meta property=\"article:modified_time\" content=\"2025-02-04T20:04:22+00:00\" \/>\n<meta property=\"og:image\" content=\"https:\/\/comercializadoraromo-cdmx.com\/t10\/wp-content\/uploads\/2024\/06\/b66acad0-0e65-4cf6-b559-0919a2d84f2b_PicCopilot_72e8d.webp\" \/>\n\t<meta property=\"og:image:width\" content=\"960\" \/>\n\t<meta property=\"og:image:height\" content=\"1280\" \/>\n\t<meta property=\"og:image:type\" content=\"image\/webp\" \/>\n<meta name=\"twitter:card\" content=\"summary_large_image\" \/>\n<meta name=\"twitter:label1\" content=\"Tiempo de lectura\" \/>\n\t<meta name=\"twitter:data1\" content=\"3 minutos\" \/>\n<script type=\"application\/ld+json\" class=\"yoast-schema-graph\">{\"@context\":\"https:\/\/schema.org\",\"@graph\":[{\"@type\":\"WebPage\",\"@id\":\"https:\/\/comercializadoraromo-cdmx.com\/t10\/corazon-bionico\/\",\"url\":\"https:\/\/comercializadoraromo-cdmx.com\/t10\/corazon-bionico\/\",\"name\":\"Camiseta unisex Coraz\u00f3n Bi\u00f3nico\",\"isPartOf\":{\"@id\":\"https:\/\/comercializadoraromo-cdmx.com\/t10\/#website\"},\"primaryImageOfPage\":{\"@id\":\"https:\/\/comercializadoraromo-cdmx.com\/t10\/corazon-bionico\/#primaryimage\"},\"image\":{\"@id\":\"https:\/\/comercializadoraromo-cdmx.com\/t10\/corazon-bionico\/#primaryimage\"},\"thumbnailUrl\":\"https:\/\/comercializadoraromo-cdmx.com\/t10\/wp-content\/uploads\/2024\/06\/b66acad0-0e65-4cf6-b559-0919a2d84f2b_PicCopilot_72e8d.webp\",\"datePublished\":\"2024-02-07T16:30:54+00:00\",\"dateModified\":\"2025-02-04T20:04:22+00:00\",\"description\":\"Camiseta unisex manga 3\/4 ragl\u00e1n: Coraz\u00f3n Bi\u00f3nico. suaves mezclas de algod\u00f3n peinado y ring-spun, que le dan una textura suave y agradable al tacto.\",\"breadcrumb\":{\"@id\":\"https:\/\/comercializadoraromo-cdmx.com\/t10\/corazon-bionico\/#breadcrumb\"},\"inLanguage\":\"es\",\"potentialAction\":[{\"@type\":\"ReadAction\",\"target\":[\"https:\/\/comercializadoraromo-cdmx.com\/t10\/corazon-bionico\/\"]}]},{\"@type\":\"ImageObject\",\"inLanguage\":\"es\",\"@id\":\"https:\/\/comercializadoraromo-cdmx.com\/t10\/corazon-bionico\/#primaryimage\",\"url\":\"https:\/\/comercializadoraromo-cdmx.com\/t10\/wp-content\/uploads\/2024\/06\/b66acad0-0e65-4cf6-b559-0919a2d84f2b_PicCopilot_72e8d.webp\",\"contentUrl\":\"https:\/\/comercializadoraromo-cdmx.com\/t10\/wp-content\/uploads\/2024\/06\/b66acad0-0e65-4cf6-b559-0919a2d84f2b_PicCopilot_72e8d.webp\",\"width\":960,\"height\":1280,\"caption\":\"Moda y tecnolog\u00eda: camiseta de manga 3\/4 con coraz\u00f3n\"},{\"@type\":\"BreadcrumbList\",\"@id\":\"https:\/\/comercializadoraromo-cdmx.com\/t10\/corazon-bionico\/#breadcrumb\",\"itemListElement\":[{\"@type\":\"ListItem\",\"position\":1,\"name\":\"Portada\",\"item\":\"https:\/\/comercializadoraromo-cdmx.com\/t10\/\"},{\"@type\":\"ListItem\",\"position\":2,\"name\":\"Tienda Moda Sustentable Certificada en M\u00e9xico | RoMo\",\"item\":\"https:\/\/comercializadoraromo-cdmx.com\/t10\/tienda\/\"},{\"@type\":\"ListItem\",\"position\":3,\"name\":\"Camiseta unisex Coraz\u00f3n Bi\u00f3nico\"}]},{\"@type\":\"WebSite\",\"@id\":\"https:\/\/comercializadoraromo-cdmx.com\/t10\/#website\",\"url\":\"https:\/\/comercializadoraromo-cdmx.com\/t10\/\",\"name\":\"Comercializadora RoMo\",\"description\":\"Productos sostenibles para un futuro mejor. \u00danete al cambio hoy\",\"publisher\":{\"@id\":\"https:\/\/comercializadoraromo-cdmx.com\/t10\/#organization\"},\"potentialAction\":[{\"@type\":\"SearchAction\",\"target\":{\"@type\":\"EntryPoint\",\"urlTemplate\":\"https:\/\/comercializadoraromo-cdmx.com\/t10\/?s={search_term_string}\"},\"query-input\":{\"@type\":\"PropertyValueSpecification\",\"valueRequired\":true,\"valueName\":\"search_term_string\"}}],\"inLanguage\":\"es\"},{\"@type\":\"Organization\",\"@id\":\"https:\/\/comercializadoraromo-cdmx.com\/t10\/#organization\",\"name\":\"Comercializadora RoMo\",\"url\":\"https:\/\/comercializadoraromo-cdmx.com\/t10\/\",\"logo\":{\"@type\":\"ImageObject\",\"inLanguage\":\"es\",\"@id\":\"https:\/\/comercializadoraromo-cdmx.com\/t10\/#\/schema\/logo\/image\/\",\"url\":\"https:\/\/comercializadoraromo-cdmx.com\/t10\/wp-content\/uploads\/2024\/01\/cropped-Logo-comercializadora-scaled-1.webp\",\"contentUrl\":\"https:\/\/comercializadoraromo-cdmx.com\/t10\/wp-content\/uploads\/2024\/01\/cropped-Logo-comercializadora-scaled-1.webp\",\"width\":2472,\"height\":1700,\"caption\":\"Comercializadora RoMo\"},\"image\":{\"@id\":\"https:\/\/comercializadoraromo-cdmx.com\/t10\/#\/schema\/logo\/image\/\"},\"sameAs\":[\"https:\/\/www.facebook.com\/share\/15DBPCzVEuE\/\"]}]}<\/script>\n<!-- \/ Yoast SEO plugin. -->","yoast_head_json":{"title":"Camiseta unisex Coraz\u00f3n Bi\u00f3nico","description":"Camiseta unisex manga 3\/4 ragl\u00e1n: Coraz\u00f3n Bi\u00f3nico. suaves mezclas de algod\u00f3n peinado y ring-spun, que le dan una textura suave y agradable al tacto.","robots":{"index":"index","follow":"follow","max-snippet":"max-snippet:-1","max-image-preview":"max-image-preview:large","max-video-preview":"max-video-preview:-1"},"canonical":"https:\/\/comercializadoraromo-cdmx.com\/t10\/corazon-bionico\/","og_locale":"es_ES","og_type":"article","og_title":"Camiseta unisex Coraz\u00f3n Bi\u00f3nico","og_description":"Camiseta unisex manga 3\/4 ragl\u00e1n: Coraz\u00f3n Bi\u00f3nico. suaves mezclas de algod\u00f3n peinado y ring-spun, que le dan una textura suave y agradable al tacto.","og_url":"https:\/\/comercializadoraromo-cdmx.com\/t10\/corazon-bionico\/","og_site_name":"Productos sostenibles para un futuro mejor. \u00danete al cambio hoy","article_publisher":"https:\/\/www.facebook.com\/share\/15DBPCzVEuE\/","article_modified_time":"2025-02-04T20:04:22+00:00","og_image":[{"width":960,"height":1280,"url":"https:\/\/comercializadoraromo-cdmx.com\/t10\/wp-content\/uploads\/2024\/06\/b66acad0-0e65-4cf6-b559-0919a2d84f2b_PicCopilot_72e8d.webp","type":"image\/webp"}],"twitter_card":"summary_large_image","twitter_misc":{"Tiempo de lectura":"3 minutos"},"schema":{"@context":"https:\/\/schema.org","@graph":[{"@type":"WebPage","@id":"https:\/\/comercializadoraromo-cdmx.com\/t10\/corazon-bionico\/","url":"https:\/\/comercializadoraromo-cdmx.com\/t10\/corazon-bionico\/","name":"Camiseta unisex Coraz\u00f3n Bi\u00f3nico","isPartOf":{"@id":"https:\/\/comercializadoraromo-cdmx.com\/t10\/#website"},"primaryImageOfPage":{"@id":"https:\/\/comercializadoraromo-cdmx.com\/t10\/corazon-bionico\/#primaryimage"},"image":{"@id":"https:\/\/comercializadoraromo-cdmx.com\/t10\/corazon-bionico\/#primaryimage"},"thumbnailUrl":"https:\/\/comercializadoraromo-cdmx.com\/t10\/wp-content\/uploads\/2024\/06\/b66acad0-0e65-4cf6-b559-0919a2d84f2b_PicCopilot_72e8d.webp","datePublished":"2024-02-07T16:30:54+00:00","dateModified":"2025-02-04T20:04:22+00:00","description":"Camiseta unisex manga 3\/4 ragl\u00e1n: Coraz\u00f3n Bi\u00f3nico. suaves mezclas de algod\u00f3n peinado y ring-spun, que le dan una textura suave y agradable al tacto.","breadcrumb":{"@id":"https:\/\/comercializadoraromo-cdmx.com\/t10\/corazon-bionico\/#breadcrumb"},"inLanguage":"es","potentialAction":[{"@type":"ReadAction","target":["https:\/\/comercializadoraromo-cdmx.com\/t10\/corazon-bionico\/"]}]},{"@type":"ImageObject","inLanguage":"es","@id":"https:\/\/comercializadoraromo-cdmx.com\/t10\/corazon-bionico\/#primaryimage","url":"https:\/\/comercializadoraromo-cdmx.com\/t10\/wp-content\/uploads\/2024\/06\/b66acad0-0e65-4cf6-b559-0919a2d84f2b_PicCopilot_72e8d.webp","contentUrl":"https:\/\/comercializadoraromo-cdmx.com\/t10\/wp-content\/uploads\/2024\/06\/b66acad0-0e65-4cf6-b559-0919a2d84f2b_PicCopilot_72e8d.webp","width":960,"height":1280,"caption":"Moda y tecnolog\u00eda: camiseta de manga 3\/4 con coraz\u00f3n"},{"@type":"BreadcrumbList","@id":"https:\/\/comercializadoraromo-cdmx.com\/t10\/corazon-bionico\/#breadcrumb","itemListElement":[{"@type":"ListItem","position":1,"name":"Portada","item":"https:\/\/comercializadoraromo-cdmx.com\/t10\/"},{"@type":"ListItem","position":2,"name":"Tienda Moda Sustentable Certificada en M\u00e9xico | RoMo","item":"https:\/\/comercializadoraromo-cdmx.com\/t10\/tienda\/"},{"@type":"ListItem","position":3,"name":"Camiseta unisex Coraz\u00f3n Bi\u00f3nico"}]},{"@type":"WebSite","@id":"https:\/\/comercializadoraromo-cdmx.com\/t10\/#website","url":"https:\/\/comercializadoraromo-cdmx.com\/t10\/","name":"Comercializadora RoMo","description":"Productos sostenibles para un futuro mejor. \u00danete al cambio hoy","publisher":{"@id":"https:\/\/comercializadoraromo-cdmx.com\/t10\/#organization"},"potentialAction":[{"@type":"SearchAction","target":{"@type":"EntryPoint","urlTemplate":"https:\/\/comercializadoraromo-cdmx.com\/t10\/?s={search_term_string}"},"query-input":{"@type":"PropertyValueSpecification","valueRequired":true,"valueName":"search_term_string"}}],"inLanguage":"es"},{"@type":"Organization","@id":"https:\/\/comercializadoraromo-cdmx.com\/t10\/#organization","name":"Comercializadora RoMo","url":"https:\/\/comercializadoraromo-cdmx.com\/t10\/","logo":{"@type":"ImageObject","inLanguage":"es","@id":"https:\/\/comercializadoraromo-cdmx.com\/t10\/#\/schema\/logo\/image\/","url":"https:\/\/comercializadoraromo-cdmx.com\/t10\/wp-content\/uploads\/2024\/01\/cropped-Logo-comercializadora-scaled-1.webp","contentUrl":"https:\/\/comercializadoraromo-cdmx.com\/t10\/wp-content\/uploads\/2024\/01\/cropped-Logo-comercializadora-scaled-1.webp","width":2472,"height":1700,"caption":"Comercializadora RoMo"},"image":{"@id":"https:\/\/comercializadoraromo-cdmx.com\/t10\/#\/schema\/logo\/image\/"},"sameAs":["https:\/\/www.facebook.com\/share\/15DBPCzVEuE\/"]}]}},"uagb_featured_image_src":{"full":["https:\/\/comercializadoraromo-cdmx.com\/t10\/wp-content\/uploads\/2024\/06\/b66acad0-0e65-4cf6-b559-0919a2d84f2b_PicCopilot_72e8d.webp",960,1280,false],"thumbnail":["https:\/\/comercializadoraromo-cdmx.com\/t10\/wp-content\/uploads\/2024\/06\/b66acad0-0e65-4cf6-b559-0919a2d84f2b_PicCopilot_72e8d-150x150.webp",150,150,true],"medium":["https:\/\/comercializadoraromo-cdmx.com\/t10\/wp-content\/uploads\/2024\/06\/b66acad0-0e65-4cf6-b559-0919a2d84f2b_PicCopilot_72e8d-225x300.webp",225,300,true],"medium_large":["https:\/\/comercializadoraromo-cdmx.com\/t10\/wp-content\/uploads\/2024\/06\/b66acad0-0e65-4cf6-b559-0919a2d84f2b_PicCopilot_72e8d-768x1024.webp",768,1024,true],"large":["https:\/\/comercializadoraromo-cdmx.com\/t10\/wp-content\/uploads\/2024\/06\/b66acad0-0e65-4cf6-b559-0919a2d84f2b_PicCopilot_72e8d-768x1024.webp",768,1024,true],"1536x1536":["https:\/\/comercializadoraromo-cdmx.com\/t10\/wp-content\/uploads\/2024\/06\/b66acad0-0e65-4cf6-b559-0919a2d84f2b_PicCopilot_72e8d.webp",960,1280,false],"2048x2048":["https:\/\/comercializadoraromo-cdmx.com\/t10\/wp-content\/uploads\/2024\/06\/b66acad0-0e65-4cf6-b559-0919a2d84f2b_PicCopilot_72e8d.webp",960,1280,false],"woocommerce_thumbnail":["https:\/\/comercializadoraromo-cdmx.com\/t10\/wp-content\/uploads\/2024\/06\/b66acad0-0e65-4cf6-b559-0919a2d84f2b_PicCopilot_72e8d-300x300.webp",300,300,true],"woocommerce_single":["https:\/\/comercializadoraromo-cdmx.com\/t10\/wp-content\/uploads\/2024\/06\/b66acad0-0e65-4cf6-b559-0919a2d84f2b_PicCopilot_72e8d-600x800.webp",600,800,true],"woocommerce_gallery_thumbnail":["https:\/\/comercializadoraromo-cdmx.com\/t10\/wp-content\/uploads\/2024\/06\/b66acad0-0e65-4cf6-b559-0919a2d84f2b_PicCopilot_72e8d-100x100.webp",100,100,true]},"uagb_author_info":{"display_name":"eroblespimentel","author_link":"https:\/\/comercializadoraromo-cdmx.com\/t10\/author\/"},"uagb_comment_info":0,"uagb_excerpt":"Camiseta unisex manga 3\/4 ragl\u00e1n: Coraz\u00f3n Bi\u00f3nico. \u00bfTe gustan las camisetas con estilo y personalidad? Entonces te encantar\u00e1 nuestra Camiseta. Esta camiseta tiene un dise\u00f1o original y futurista de un coraz\u00f3n con implantes de chip que parece cibern\u00e9tico. Es perfecta para los amantes de la ciencia ficci\u00f3n, la tecnolog\u00eda y el ciberpunk.","_links":{"self":[{"href":"https:\/\/comercializadoraromo-cdmx.com\/t10\/wp-json\/wp\/v2\/product\/4764","targetHints":{"allow":["GET"]}}],"collection":[{"href":"https:\/\/comercializadoraromo-cdmx.com\/t10\/wp-json\/wp\/v2\/product"}],"about":[{"href":"https:\/\/comercializadoraromo-cdmx.com\/t10\/wp-json\/wp\/v2\/types\/product"}],"wp:featuredmedia":[{"embeddable":true,"href":"https:\/\/comercializadoraromo-cdmx.com\/t10\/wp-json\/wp\/v2\/media\/6406"}],"wp:attachment":[{"href":"https:\/\/comercializadoraromo-cdmx.com\/t10\/wp-json\/wp\/v2\/media?parent=4764"}],"wp:term":[{"taxonomy":"product_brand","embeddable":true,"href":"https:\/\/comercializadoraromo-cdmx.com\/t10\/wp-json\/wp\/v2\/product_brand?post=4764"},{"taxonomy":"product_cat","embeddable":true,"href":"https:\/\/comercializadoraromo-cdmx.com\/t10\/wp-json\/wp\/v2\/product_cat?post=4764"},{"taxonomy":"product_tag","embeddable":true,"href":"https:\/\/comercializadoraromo-cdmx.com\/t10\/wp-json\/wp\/v2\/product_tag?post=4764"}],"curies":[{"name":"wp","href":"https:\/\/api.w.org\/{rel}","templated":true}]}}