{"id":4686,"date":"2024-02-01T17:01:39","date_gmt":"2024-02-01T17:01:39","guid":{"rendered":"https:\/\/comercializadoraromo-cdmx.com\/?post_type=product&#038;p=4686"},"modified":"2024-10-15T23:56:31","modified_gmt":"2024-10-15T23:56:31","slug":"armonia-en-cada-bocado","status":"publish","type":"product","link":"https:\/\/comercializadoraromo-cdmx.com\/t10\/armonia-en-cada-bocado\/","title":{"rendered":"Camiseta org\u00e1nica Armon\u00eda en cada bocado"},"content":{"rendered":"<h2>Impulsa Tu Creatividad y Sostenibilidad con Nuestra Camiseta Org\u00e1nica Armon\u00eda en Cada Bocado<\/h2>\n<p>Camiseta org\u00e1nica Armon\u00eda en cada bocado. Celebra Tu Pasi\u00f3n por la M\u00fasica, las Manzanas y el Planeta con Elegancia &#x2728;<\/p>\n<h3>Un Vistazo a la Armon\u00eda en Cada Bocado: La Camiseta Org\u00e1nica que Marca la Diferencia<\/h3>\n<p>Sum\u00e9rgete en la comodidad, originalidad y sostenibilidad proporcionadas por nuestra nueva camiseta Armon\u00eda en Cada Bocado. Con su dise\u00f1o colorido de una manzana rodeada de s\u00edmbolos musicales, esta prenda de algod\u00f3n org\u00e1nico certificado es una opci\u00f3n perfecta para la expresi\u00f3n de tu pasi\u00f3n por la m\u00fasica, la naturaleza y un estilo de vida sostenible.<\/p>\n<h4>Una Experiencia Org\u00e1nica y Ecol\u00f3gica<\/h4>\n<p>Esta camiseta proporciona suavidad, durabilidad y beneficios para la piel gracias al uso de algod\u00f3n org\u00e1nico. Con el certificado GOTS, garantizamos que el cultivo y producci\u00f3n del algod\u00f3n se realizan de manera \u00e9tica y sostenible, sin la presencia de qu\u00edmicos ni OGM.<\/p>\n<h4>Camiseta org\u00e1nica Armon\u00eda en cada bocado. Compromiso con el Planeta: Fabricaci\u00f3n a tu Medida<\/h4>\n<p>Nuestra producci\u00f3n bajo demanda evita el desperdicio de recursos y materiales, a la par que te brinda la oportunidad de personalizar tu pedido seg\u00fan tus preferencias \u00fanicas. Destaca con un estilo \u00fanico, expresando de forma aut\u00e9ntica tu personalidad y tus gustos, mientras contribuyes a un impacto positivo en tu entorno.<\/p>\n<h4>Celebra Tu Estilo con Detalles Sostenibles<\/h4>\n<p>Playera org\u00e1nica Armon\u00eda en cada bocado. Descubre una camiseta que no solo te ofrece confort y estilo, sino que tambi\u00e9n te invita a celebrar tu compromiso con la sostenibilidad y la originalidad. No te pierdas la oportunidad de adquirir nuestra camiseta Armon\u00eda en Cada Bocado hoy mismo, para disfrutar de la m\u00fasica que amas mientras disfrutas de la deliciosa frescura de una manzana. \u00a1Ser\u00e1 una adquisici\u00f3n de la que te sentir\u00e1s orgulloso! &#x1f60a;&#x1f34e;&#x1f455;<\/p>\n<p><strong>&#x1f31f;Gu\u00eda de tallas<\/strong><\/p>\n<table>\n<tbody>\n<tr>\n<td><\/td>\n<td><strong>S<\/strong><\/td>\n<td><strong>M<\/strong><\/td>\n<td><strong>L<\/strong><\/td>\n<td><strong>XL<\/strong><\/td>\n<td><strong>2XL<\/strong><\/td>\n<\/tr>\n<tr>\n<td><strong>A) Longitud(cm)<\/strong><\/td>\n<td>69<\/td>\n<td>72<\/td>\n<td>74<\/td>\n<td>76<\/td>\n<td>78<\/td>\n<\/tr>\n<tr>\n<td><strong>B) Medio pecho (cm)<\/strong><\/td>\n<td>49<\/td>\n<td>52<\/td>\n<td>55<\/td>\n<td>58<\/td>\n<td>61<\/td>\n<\/tr>\n<\/tbody>\n<\/table>\n<table>\n<tbody>\n<tr>\n<td><\/td>\n<td><strong>S<\/strong><\/td>\n<td><strong>M<\/strong><\/td>\n<td><strong>L<\/strong><\/td>\n<td><strong>XL<\/strong><\/td>\n<td><strong>2XL<\/strong><\/td>\n<\/tr>\n<tr>\n<td><strong>A) Longitud(pulgadas)<\/strong><\/td>\n<td>27.2<\/td>\n<td>28.3<\/td>\n<td>29.1<\/td>\n<td>29.9<\/td>\n<td>30.7<\/td>\n<\/tr>\n<tr>\n<td><strong>B) Medio pecho (pulgadas)<\/strong><\/td>\n<td>19.3<\/td>\n<td>20.5<\/td>\n<td>21.7<\/td>\n<td>22.8<\/td>\n<td>24<\/td>\n<\/tr>\n<\/tbody>\n<\/table>\n<p><strong>&#x1f31f;Instrucciones de cuidado<\/strong><\/p>\n<table width=\"744\">\n<tbody>\n<tr>\n<td width=\"95\">Lavado<\/td>\n<td width=\"649\">Lavar a m\u00e1quina con agua tibia (m\u00e1ximo 40 \u00b0C o 105 \u00b0F), lavar la prenda del rev\u00e9s con colores similares.<\/td>\n<\/tr>\n<tr>\n<td width=\"95\">Secar en secadora<\/td>\n<td width=\"649\">Bajo<\/td>\n<\/tr>\n<tr>\n<td width=\"95\">Lej\u00eda<\/td>\n<td width=\"649\">Solo sin cloro<\/td>\n<\/tr>\n<tr>\n<td width=\"95\">Lavado en seco<\/td>\n<td width=\"649\">No lavar en seco<\/td>\n<\/tr>\n<tr>\n<td width=\"95\">Planchado<\/td>\n<td width=\"649\">No planchar<\/td>\n<\/tr>\n<\/tbody>\n<\/table>\n","protected":false},"excerpt":{"rendered":"<p><span style=\"font-size: 13.5pt; ,serif;color: black;\">Camiseta org\u00e1nica unisex con cuello redondo Armon\u00eda en cada bocado. \u00bfTe gustan las manzanas, la m\u00fasica y el planeta?&#x2728; Entonces te encantar\u00e1 nuestra nueva camiseta<\/span><\/p>\n","protected":false},"featured_media":7104,"template":"","meta":{"_uag_custom_page_level_css":"","site-sidebar-layout":"default","site-content-layout":"","ast-site-content-layout":"default","site-content-style":"default","site-sidebar-style":"default","ast-global-header-display":"","ast-banner-title-visibility":"","ast-main-header-display":"","ast-hfb-above-header-display":"","ast-hfb-below-header-display":"","ast-hfb-mobile-header-display":"","site-post-title":"","ast-breadcrumbs-content":"","ast-featured-img":"","footer-sml-layout":"","theme-transparent-header-meta":"default","adv-header-id-meta":"","stick-header-meta":"","header-above-stick-meta":"","header-main-stick-meta":"","header-below-stick-meta":"","astra-migrate-meta-layouts":"set","ast-page-background-enabled":"default","ast-page-background-meta":{"desktop":{"background-color":"","background-image":"","background-repeat":"repeat","background-position":"center center","background-size":"auto","background-attachment":"scroll","background-type":"","background-media":"","overlay-type":"","overlay-color":"","overlay-opacity":"","overlay-gradient":""},"tablet":{"background-color":"","background-image":"","background-repeat":"repeat","background-position":"center center","background-size":"auto","background-attachment":"scroll","background-type":"","background-media":"","overlay-type":"","overlay-color":"","overlay-opacity":"","overlay-gradient":""},"mobile":{"background-color":"","background-image":"","background-repeat":"repeat","background-position":"center center","background-size":"auto","background-attachment":"scroll","background-type":"","background-media":"","overlay-type":"","overlay-color":"","overlay-opacity":"","overlay-gradient":""}},"ast-content-background-meta":{"desktop":{"background-color":"var(--ast-global-color-5)","background-image":"","background-repeat":"repeat","background-position":"center center","background-size":"auto","background-attachment":"scroll","background-type":"","background-media":"","overlay-type":"","overlay-color":"","overlay-opacity":"","overlay-gradient":""},"tablet":{"background-color":"var(--ast-global-color-5)","background-image":"","background-repeat":"repeat","background-position":"center center","background-size":"auto","background-attachment":"scroll","background-type":"","background-media":"","overlay-type":"","overlay-color":"","overlay-opacity":"","overlay-gradient":""},"mobile":{"background-color":"var(--ast-global-color-5)","background-image":"","background-repeat":"repeat","background-position":"center center","background-size":"auto","background-attachment":"scroll","background-type":"","background-media":"","overlay-type":"","overlay-color":"","overlay-opacity":"","overlay-gradient":""}}},"product_brand":[],"product_cat":[196],"product_tag":[],"class_list":{"0":"post-4686","1":"product","2":"type-product","3":"status-publish","4":"has-post-thumbnail","6":"product_cat-camiseta-de-algodon","7":"desktop-align-left","8":"tablet-align-left","9":"mobile-align-left","11":"first","12":"instock","13":"shipping-taxable","14":"purchasable","15":"product-type-variable"},"yoast_head":"<!-- This site is optimized with the Yoast SEO plugin v27.2 - https:\/\/yoast.com\/product\/yoast-seo-wordpress\/ -->\n<title>Camiseta org\u00e1nica Armon\u00eda en cada bocado<\/title>\n<meta name=\"description\" content=\"Camiseta org\u00e1nica unisex con cuello redondo Armon\u00eda en cada bocado. Es la camiseta perfecta para expresar tu pasi\u00f3n por la m\u00fasica y la naturaleza.\" \/>\n<meta name=\"robots\" content=\"index, follow, max-snippet:-1, max-image-preview:large, max-video-preview:-1\" \/>\n<link rel=\"canonical\" href=\"https:\/\/comercializadoraromo-cdmx.com\/t10\/armonia-en-cada-bocado\/\" \/>\n<meta property=\"og:locale\" content=\"es_ES\" \/>\n<meta property=\"og:type\" content=\"article\" \/>\n<meta property=\"og:title\" content=\"Camiseta org\u00e1nica Armon\u00eda en cada bocado\" \/>\n<meta property=\"og:description\" content=\"Camiseta org\u00e1nica unisex con cuello redondo Armon\u00eda en cada bocado. Es la camiseta perfecta para expresar tu pasi\u00f3n por la m\u00fasica y la naturaleza.\" \/>\n<meta property=\"og:url\" content=\"https:\/\/comercializadoraromo-cdmx.com\/t10\/armonia-en-cada-bocado\/\" \/>\n<meta property=\"og:site_name\" content=\"Productos sostenibles para un futuro mejor. \u00danete al cambio hoy\" \/>\n<meta property=\"article:publisher\" content=\"https:\/\/www.facebook.com\/share\/15DBPCzVEuE\/\" \/>\n<meta property=\"article:modified_time\" content=\"2024-10-15T23:56:31+00:00\" \/>\n<meta property=\"og:image\" content=\"https:\/\/comercializadoraromo-cdmx.com\/t10\/wp-content\/uploads\/2024\/08\/5f786cf5-c00a-4bae-a7b8-c017de358526-e1742410852235.webp\" \/>\n\t<meta property=\"og:image:width\" content=\"300\" \/>\n\t<meta property=\"og:image:height\" content=\"300\" \/>\n\t<meta property=\"og:image:type\" content=\"image\/webp\" \/>\n<meta name=\"twitter:card\" content=\"summary_large_image\" \/>\n<meta name=\"twitter:label1\" content=\"Tiempo de lectura\" \/>\n\t<meta name=\"twitter:data1\" content=\"2 minutos\" \/>\n<script type=\"application\/ld+json\" class=\"yoast-schema-graph\">{\"@context\":\"https:\/\/schema.org\",\"@graph\":[{\"@type\":\"WebPage\",\"@id\":\"https:\/\/comercializadoraromo-cdmx.com\/t10\/armonia-en-cada-bocado\/\",\"url\":\"https:\/\/comercializadoraromo-cdmx.com\/t10\/armonia-en-cada-bocado\/\",\"name\":\"Camiseta org\u00e1nica Armon\u00eda en cada bocado\",\"isPartOf\":{\"@id\":\"https:\/\/comercializadoraromo-cdmx.com\/t10\/#website\"},\"primaryImageOfPage\":{\"@id\":\"https:\/\/comercializadoraromo-cdmx.com\/t10\/armonia-en-cada-bocado\/#primaryimage\"},\"image\":{\"@id\":\"https:\/\/comercializadoraromo-cdmx.com\/t10\/armonia-en-cada-bocado\/#primaryimage\"},\"thumbnailUrl\":\"https:\/\/comercializadoraromo-cdmx.com\/t10\/wp-content\/uploads\/2024\/08\/5f786cf5-c00a-4bae-a7b8-c017de358526-e1742410852235.webp\",\"datePublished\":\"2024-02-01T17:01:39+00:00\",\"dateModified\":\"2024-10-15T23:56:31+00:00\",\"description\":\"Camiseta org\u00e1nica unisex con cuello redondo Armon\u00eda en cada bocado. Es la camiseta perfecta para expresar tu pasi\u00f3n por la m\u00fasica y la naturaleza.\",\"breadcrumb\":{\"@id\":\"https:\/\/comercializadoraromo-cdmx.com\/t10\/armonia-en-cada-bocado\/#breadcrumb\"},\"inLanguage\":\"es\",\"potentialAction\":[{\"@type\":\"ReadAction\",\"target\":[\"https:\/\/comercializadoraromo-cdmx.com\/t10\/armonia-en-cada-bocado\/\"]}]},{\"@type\":\"ImageObject\",\"inLanguage\":\"es\",\"@id\":\"https:\/\/comercializadoraromo-cdmx.com\/t10\/armonia-en-cada-bocado\/#primaryimage\",\"url\":\"https:\/\/comercializadoraromo-cdmx.com\/t10\/wp-content\/uploads\/2024\/08\/5f786cf5-c00a-4bae-a7b8-c017de358526-e1742410852235.webp\",\"contentUrl\":\"https:\/\/comercializadoraromo-cdmx.com\/t10\/wp-content\/uploads\/2024\/08\/5f786cf5-c00a-4bae-a7b8-c017de358526-e1742410852235.webp\",\"width\":300,\"height\":300,\"caption\":\"Camiseta org\u00e1nica Armon\u00eda en cada bocado. viste con prop\u00f3sito\"},{\"@type\":\"BreadcrumbList\",\"@id\":\"https:\/\/comercializadoraromo-cdmx.com\/t10\/armonia-en-cada-bocado\/#breadcrumb\",\"itemListElement\":[{\"@type\":\"ListItem\",\"position\":1,\"name\":\"Portada\",\"item\":\"https:\/\/comercializadoraromo-cdmx.com\/t10\/\"},{\"@type\":\"ListItem\",\"position\":2,\"name\":\"Tienda Moda Sustentable Certificada en M\u00e9xico | RoMo\",\"item\":\"https:\/\/comercializadoraromo-cdmx.com\/t10\/tienda\/\"},{\"@type\":\"ListItem\",\"position\":3,\"name\":\"Camiseta org\u00e1nica Armon\u00eda en cada bocado\"}]},{\"@type\":\"WebSite\",\"@id\":\"https:\/\/comercializadoraromo-cdmx.com\/t10\/#website\",\"url\":\"https:\/\/comercializadoraromo-cdmx.com\/t10\/\",\"name\":\"Comercializadora RoMo\",\"description\":\"Productos sostenibles para un futuro mejor. \u00danete al cambio hoy\",\"publisher\":{\"@id\":\"https:\/\/comercializadoraromo-cdmx.com\/t10\/#organization\"},\"potentialAction\":[{\"@type\":\"SearchAction\",\"target\":{\"@type\":\"EntryPoint\",\"urlTemplate\":\"https:\/\/comercializadoraromo-cdmx.com\/t10\/?s={search_term_string}\"},\"query-input\":{\"@type\":\"PropertyValueSpecification\",\"valueRequired\":true,\"valueName\":\"search_term_string\"}}],\"inLanguage\":\"es\"},{\"@type\":\"Organization\",\"@id\":\"https:\/\/comercializadoraromo-cdmx.com\/t10\/#organization\",\"name\":\"Comercializadora RoMo\",\"url\":\"https:\/\/comercializadoraromo-cdmx.com\/t10\/\",\"logo\":{\"@type\":\"ImageObject\",\"inLanguage\":\"es\",\"@id\":\"https:\/\/comercializadoraromo-cdmx.com\/t10\/#\/schema\/logo\/image\/\",\"url\":\"https:\/\/comercializadoraromo-cdmx.com\/t10\/wp-content\/uploads\/2024\/01\/cropped-Logo-comercializadora-scaled-1.webp\",\"contentUrl\":\"https:\/\/comercializadoraromo-cdmx.com\/t10\/wp-content\/uploads\/2024\/01\/cropped-Logo-comercializadora-scaled-1.webp\",\"width\":2472,\"height\":1700,\"caption\":\"Comercializadora RoMo\"},\"image\":{\"@id\":\"https:\/\/comercializadoraromo-cdmx.com\/t10\/#\/schema\/logo\/image\/\"},\"sameAs\":[\"https:\/\/www.facebook.com\/share\/15DBPCzVEuE\/\"]}]}<\/script>\n<!-- \/ Yoast SEO plugin. -->","yoast_head_json":{"title":"Camiseta org\u00e1nica Armon\u00eda en cada bocado","description":"Camiseta org\u00e1nica unisex con cuello redondo Armon\u00eda en cada bocado. Es la camiseta perfecta para expresar tu pasi\u00f3n por la m\u00fasica y la naturaleza.","robots":{"index":"index","follow":"follow","max-snippet":"max-snippet:-1","max-image-preview":"max-image-preview:large","max-video-preview":"max-video-preview:-1"},"canonical":"https:\/\/comercializadoraromo-cdmx.com\/t10\/armonia-en-cada-bocado\/","og_locale":"es_ES","og_type":"article","og_title":"Camiseta org\u00e1nica Armon\u00eda en cada bocado","og_description":"Camiseta org\u00e1nica unisex con cuello redondo Armon\u00eda en cada bocado. Es la camiseta perfecta para expresar tu pasi\u00f3n por la m\u00fasica y la naturaleza.","og_url":"https:\/\/comercializadoraromo-cdmx.com\/t10\/armonia-en-cada-bocado\/","og_site_name":"Productos sostenibles para un futuro mejor. \u00danete al cambio hoy","article_publisher":"https:\/\/www.facebook.com\/share\/15DBPCzVEuE\/","article_modified_time":"2024-10-15T23:56:31+00:00","og_image":[{"width":300,"height":300,"url":"https:\/\/comercializadoraromo-cdmx.com\/t10\/wp-content\/uploads\/2024\/08\/5f786cf5-c00a-4bae-a7b8-c017de358526-e1742410852235.webp","type":"image\/webp"}],"twitter_card":"summary_large_image","twitter_misc":{"Tiempo de lectura":"2 minutos"},"schema":{"@context":"https:\/\/schema.org","@graph":[{"@type":"WebPage","@id":"https:\/\/comercializadoraromo-cdmx.com\/t10\/armonia-en-cada-bocado\/","url":"https:\/\/comercializadoraromo-cdmx.com\/t10\/armonia-en-cada-bocado\/","name":"Camiseta org\u00e1nica Armon\u00eda en cada bocado","isPartOf":{"@id":"https:\/\/comercializadoraromo-cdmx.com\/t10\/#website"},"primaryImageOfPage":{"@id":"https:\/\/comercializadoraromo-cdmx.com\/t10\/armonia-en-cada-bocado\/#primaryimage"},"image":{"@id":"https:\/\/comercializadoraromo-cdmx.com\/t10\/armonia-en-cada-bocado\/#primaryimage"},"thumbnailUrl":"https:\/\/comercializadoraromo-cdmx.com\/t10\/wp-content\/uploads\/2024\/08\/5f786cf5-c00a-4bae-a7b8-c017de358526-e1742410852235.webp","datePublished":"2024-02-01T17:01:39+00:00","dateModified":"2024-10-15T23:56:31+00:00","description":"Camiseta org\u00e1nica unisex con cuello redondo Armon\u00eda en cada bocado. Es la camiseta perfecta para expresar tu pasi\u00f3n por la m\u00fasica y la naturaleza.","breadcrumb":{"@id":"https:\/\/comercializadoraromo-cdmx.com\/t10\/armonia-en-cada-bocado\/#breadcrumb"},"inLanguage":"es","potentialAction":[{"@type":"ReadAction","target":["https:\/\/comercializadoraromo-cdmx.com\/t10\/armonia-en-cada-bocado\/"]}]},{"@type":"ImageObject","inLanguage":"es","@id":"https:\/\/comercializadoraromo-cdmx.com\/t10\/armonia-en-cada-bocado\/#primaryimage","url":"https:\/\/comercializadoraromo-cdmx.com\/t10\/wp-content\/uploads\/2024\/08\/5f786cf5-c00a-4bae-a7b8-c017de358526-e1742410852235.webp","contentUrl":"https:\/\/comercializadoraromo-cdmx.com\/t10\/wp-content\/uploads\/2024\/08\/5f786cf5-c00a-4bae-a7b8-c017de358526-e1742410852235.webp","width":300,"height":300,"caption":"Camiseta org\u00e1nica Armon\u00eda en cada bocado. viste con prop\u00f3sito"},{"@type":"BreadcrumbList","@id":"https:\/\/comercializadoraromo-cdmx.com\/t10\/armonia-en-cada-bocado\/#breadcrumb","itemListElement":[{"@type":"ListItem","position":1,"name":"Portada","item":"https:\/\/comercializadoraromo-cdmx.com\/t10\/"},{"@type":"ListItem","position":2,"name":"Tienda Moda Sustentable Certificada en M\u00e9xico | RoMo","item":"https:\/\/comercializadoraromo-cdmx.com\/t10\/tienda\/"},{"@type":"ListItem","position":3,"name":"Camiseta org\u00e1nica Armon\u00eda en cada bocado"}]},{"@type":"WebSite","@id":"https:\/\/comercializadoraromo-cdmx.com\/t10\/#website","url":"https:\/\/comercializadoraromo-cdmx.com\/t10\/","name":"Comercializadora RoMo","description":"Productos sostenibles para un futuro mejor. \u00danete al cambio hoy","publisher":{"@id":"https:\/\/comercializadoraromo-cdmx.com\/t10\/#organization"},"potentialAction":[{"@type":"SearchAction","target":{"@type":"EntryPoint","urlTemplate":"https:\/\/comercializadoraromo-cdmx.com\/t10\/?s={search_term_string}"},"query-input":{"@type":"PropertyValueSpecification","valueRequired":true,"valueName":"search_term_string"}}],"inLanguage":"es"},{"@type":"Organization","@id":"https:\/\/comercializadoraromo-cdmx.com\/t10\/#organization","name":"Comercializadora RoMo","url":"https:\/\/comercializadoraromo-cdmx.com\/t10\/","logo":{"@type":"ImageObject","inLanguage":"es","@id":"https:\/\/comercializadoraromo-cdmx.com\/t10\/#\/schema\/logo\/image\/","url":"https:\/\/comercializadoraromo-cdmx.com\/t10\/wp-content\/uploads\/2024\/01\/cropped-Logo-comercializadora-scaled-1.webp","contentUrl":"https:\/\/comercializadoraromo-cdmx.com\/t10\/wp-content\/uploads\/2024\/01\/cropped-Logo-comercializadora-scaled-1.webp","width":2472,"height":1700,"caption":"Comercializadora RoMo"},"image":{"@id":"https:\/\/comercializadoraromo-cdmx.com\/t10\/#\/schema\/logo\/image\/"},"sameAs":["https:\/\/www.facebook.com\/share\/15DBPCzVEuE\/"]}]}},"uagb_featured_image_src":{"full":["https:\/\/comercializadoraromo-cdmx.com\/t10\/wp-content\/uploads\/2024\/08\/5f786cf5-c00a-4bae-a7b8-c017de358526-e1742410852235.webp",300,300,false],"thumbnail":["https:\/\/comercializadoraromo-cdmx.com\/t10\/wp-content\/uploads\/2024\/08\/5f786cf5-c00a-4bae-a7b8-c017de358526-150x150.webp",150,150,true],"medium":["https:\/\/comercializadoraromo-cdmx.com\/t10\/wp-content\/uploads\/2024\/08\/5f786cf5-c00a-4bae-a7b8-c017de358526-300x300.webp",300,300,true],"medium_large":["https:\/\/comercializadoraromo-cdmx.com\/t10\/wp-content\/uploads\/2024\/08\/5f786cf5-c00a-4bae-a7b8-c017de358526-768x768.webp",768,768,true],"large":["https:\/\/comercializadoraromo-cdmx.com\/t10\/wp-content\/uploads\/2024\/08\/5f786cf5-c00a-4bae-a7b8-c017de358526-1024x1024.webp",1024,1024,true],"1536x1536":["https:\/\/comercializadoraromo-cdmx.com\/t10\/wp-content\/uploads\/2024\/08\/5f786cf5-c00a-4bae-a7b8-c017de358526-1536x1536.webp",1536,1536,true],"2048x2048":["https:\/\/comercializadoraromo-cdmx.com\/t10\/wp-content\/uploads\/2024\/08\/5f786cf5-c00a-4bae-a7b8-c017de358526-e1742410852235.webp",300,300,false],"woocommerce_thumbnail":["https:\/\/comercializadoraromo-cdmx.com\/t10\/wp-content\/uploads\/2024\/08\/5f786cf5-c00a-4bae-a7b8-c017de358526-300x300.webp",300,300,true],"woocommerce_single":["https:\/\/comercializadoraromo-cdmx.com\/t10\/wp-content\/uploads\/2024\/08\/5f786cf5-c00a-4bae-a7b8-c017de358526-600x600.webp",600,600,true],"woocommerce_gallery_thumbnail":["https:\/\/comercializadoraromo-cdmx.com\/t10\/wp-content\/uploads\/2024\/08\/5f786cf5-c00a-4bae-a7b8-c017de358526-100x100.webp",100,100,true]},"uagb_author_info":{"display_name":"eroblespimentel","author_link":"https:\/\/comercializadoraromo-cdmx.com\/t10\/author\/"},"uagb_comment_info":0,"uagb_excerpt":"Camiseta org\u00e1nica unisex con cuello redondo Armon\u00eda en cada bocado. \u00bfTe gustan las manzanas, la m\u00fasica y el planeta?&#x2728; Entonces te encantar\u00e1 nuestra nueva camiseta","_links":{"self":[{"href":"https:\/\/comercializadoraromo-cdmx.com\/t10\/wp-json\/wp\/v2\/product\/4686","targetHints":{"allow":["GET"]}}],"collection":[{"href":"https:\/\/comercializadoraromo-cdmx.com\/t10\/wp-json\/wp\/v2\/product"}],"about":[{"href":"https:\/\/comercializadoraromo-cdmx.com\/t10\/wp-json\/wp\/v2\/types\/product"}],"wp:featuredmedia":[{"embeddable":true,"href":"https:\/\/comercializadoraromo-cdmx.com\/t10\/wp-json\/wp\/v2\/media\/7104"}],"wp:attachment":[{"href":"https:\/\/comercializadoraromo-cdmx.com\/t10\/wp-json\/wp\/v2\/media?parent=4686"}],"wp:term":[{"taxonomy":"product_brand","embeddable":true,"href":"https:\/\/comercializadoraromo-cdmx.com\/t10\/wp-json\/wp\/v2\/product_brand?post=4686"},{"taxonomy":"product_cat","embeddable":true,"href":"https:\/\/comercializadoraromo-cdmx.com\/t10\/wp-json\/wp\/v2\/product_cat?post=4686"},{"taxonomy":"product_tag","embeddable":true,"href":"https:\/\/comercializadoraromo-cdmx.com\/t10\/wp-json\/wp\/v2\/product_tag?post=4686"}],"curies":[{"name":"wp","href":"https:\/\/api.w.org\/{rel}","templated":true}]}}